{"id":13859,"date":"2024-11-26T21:06:27","date_gmt":"2024-11-26T13:06:27","guid":{"rendered":"https:\/\/shop.yipinqian.com\/crafted-as-big-dragon-pendant-on-natural-type-a-jadeite-jade-certificate-weighs-72-71-grams-measurement-67-7-41-14-6-mm-pendant360\/"},"modified":"2025-02-24T01:17:24","modified_gmt":"2025-02-23T17:17:24","slug":"crafted-as-big-dragon-pendant-on-natural-type-a-jadeite-jade-certificate-weighs-72-71-grams-measurement-67-7-41-14-6-mm-pendant360","status":"publish","type":"product","link":"https:\/\/shop.yipinqian.com\/fr\/produit\/crafted-as-big-dragon-pendant-on-natural-type-a-jadeite-jade-certificate-weighs-72-71-grams-measurement-67-7-41-14-6-mm-pendant360\/","title":{"rendered":"Fabriqu\u00e9 comme un grand pendentif dragon sur un certificat de jade jad\u00e9ite naturel de type A, p\u00e8se 72,71 grammes, mesure 67,7 * 41 * 14,6 mm (pendentif360)"},"content":{"rendered":"<p>Ce superbe pendentif en jade pr\u00e9sente un magnifique motif Big Dragon, mettant en valeur l&#039;\u00e9l\u00e9gance du jade jad\u00e9ite naturel de type A. Pesant 72,71 grammes et mesurant 67,7 * 41 * 14,6 mm, ce pendentif est un superbe bijou.<\/p>\n<p>Num\u00e9ros de certificat : 920250003676<\/p>\n<p><img fetchpriority=\"high\" decoding=\"async\" src=\"https:\/\/shop.yipinqian.com\/wp-content\/uploads\/2024\/11\/d4684aa24510447aa4cdb8dca4cfd508tplv-aphluv4xwc-origin-jpeg.jpeg?dr=15568&#038;nonce=1192&#038;refresh_token=f86a87bb4602c0085fca75119da4d867&#038;from=476444299&#038;idc=my2&#038;ps=933b5bde&#038;shcp=9b759fb9&#038;shp=1c65f68b&#038;t=555f072d\" width=\"1080\" height=\"1080\"><\/p>\n<ul>\n<li><strong>Caract\u00e9ristiques principales :<\/strong><\/li>\n<li>Conception du grand dragon<\/li>\n<li>Jade jad\u00e9ite naturelle de type A<\/li>\n<li>P\u00e8se 72,71 grammes<\/li>\n<li>Dimensions : 67,7 x 41 x 14,6 mm<\/li>\n<\/ul>\n<p><img decoding=\"async\" src=\"https:\/\/shop.yipinqian.com\/wp-content\/uploads\/2024\/11\/b123de0e866443f09123dd1d814248betplv-aphluv4xwc-origin-jpeg.jpeg?dr=15568&#038;nonce=69661&#038;refresh_token=617b31d79ec364ce13fa569a01a21b49&#038;from=476444299&#038;idc=my2&#038;ps=933b5bde&#038;shcp=9b759fb9&#038;shp=1c65f68b&#038;t=555f072d\" width=\"1080\" height=\"1080\"><\/p>\n<p>Originaire du Myanmar, ce pendentif est accompagn\u00e9 d&#039;un certificat garantissant son authenticit\u00e9 et sa qualit\u00e9, le rendant parfait pour les occasions propices.<\/p>\n<ul>\n<li><strong>Attributs du produit :<\/strong><\/li>\n<li>Certificat: Oui<\/li>\n<\/ul>\n<p><\/p>\n<p>Yi Pin Qian \u2013 N\u00e9gociant en pierres pr\u00e9cieuses et m\u00e9taux pr\u00e9cieux \u00e0 Singapour \u2013 Num\u00e9ro de licence PS20190000031<\/p>\n<p><\/p>\n<p>*Toutes les jad\u00e9ites achet\u00e9es chez Yi Pin Qian \u00e0 Singapour, les clients peuvent r\u00e9server des cr\u00e9neaux pour le polissage ou une r\u00e9paration mineure en cas de mauvaise manipulation - des frais s&#039;appliquent et uniquement pour les clients de Yi Pin Qian \u00e0 Singapour*<\/p>\n<p><\/p>\n<p><strong>**Types de certificats**<\/strong><\/p>\n<p><\/p>\n<p><strong>NGI (Nan Yang Gemmologie)<\/strong><\/p>\n<p>ou <strong>Certificats \u00e9trangers <\/strong>(Yi Pin Qian utilise uniquement des certificats authentiques provenant de laboratoires \u00e9trangers et contr\u00f4le \u00e9galement la qualit\u00e9 de chacun de nos produits avant de les mettre en vente \u00e0 Singapour)<\/p>\n<p><\/p>\n<p>Chaque produit sur TikTok aura le type de certificat fourni indiqu\u00e9 dans la description. Pour tout client souhaitant envoyer sa commande \u00e0 NGI Singapore, il y aura un d\u00e9lai d&#039;attente pour la livraison de la commande estim\u00e9 \u00e0 environ 4 semaines pour recevoir votre commande. <strong>Les demandes de rapport NGI Gemstone doivent \u00eatre effectu\u00e9es en nous envoyant un message.<\/strong> Merci, <strong><u>des frais suppl\u00e9mentaires s&#039;appliquent<\/u><\/strong>.<\/p>\n<p><\/p>\n<p><strong>La jad\u00e9ite naturelle n&#039;est pas parfaite, juste un petit rappel : notre jad\u00e9ite naturelle, comme toutes les belles choses de la nature, poss\u00e8de ses caract\u00e9ristiques et ses variations uniques. Nous invitons nos pr\u00e9cieux clients \u00e0 adopter ces variations naturelles. Bon shopping !<\/strong><\/p>\n<p><\/p>\n<p><strong><u>Aucune des photos et des s\u00e9quences vid\u00e9o n&#039;a \u00e9t\u00e9 filtr\u00e9e. Nous encourageons nos clients \u00e0 regarder \u00e9galement les vid\u00e9os d&#039;accompagnement pour une vue plus compl\u00e8te de nos produits<\/u><\/strong><\/p>\n<p><\/p>\n<ul>\n<li>Diff\u00e9rentes plates-formes ne peuvent visionner des vid\u00e9os que via le bureau<\/li>\n<\/ul>","protected":false},"excerpt":{"rendered":"<p>This exquisite jade pendant features a beautifully crafted Big Dragon design, showcasing the elegance of natural Type A Jadeite Jade. Weighing 72.71 grams and measuring 67.7 * 41 * 14.6 mm, this pendant is a stunning piece of jewelry. Certificate numbers: 920250003676 Key Features: Big Dragon design Natural Type A Jadeite Jade Weighs 72.71 grams [&hellip;]<\/p>","protected":false},"featured_media":13919,"comment_status":"open","ping_status":"closed","template":"","meta":[],"product_brand":[],"product_cat":[195],"product_tag":[52,78,65,58,73,75,60,61,62],"class_list":{"0":"post-13859","1":"product","2":"type-product","3":"status-publish","4":"has-post-thumbnail","6":"product_cat-heirloom-grade","7":"product_tag-certified","8":"product_tag-dragon","9":"product_tag-high-quality","10":"product_tag-new-arrivals","11":"product_tag-pendant","12":"product_tag-traditional","13":"product_tag-type-a-jadeite","14":"product_tag-unisex","15":"product_tag-yi-pin-qian-exclusive","17":"first","18":"instock","19":"sale","20":"shipping-taxable","21":"purchasable","22":"product-type-simple"},"_links":{"self":[{"href":"https:\/\/shop.yipinqian.com\/fr\/wp-json\/wp\/v2\/product\/13859","targetHints":{"allow":["GET"]}}],"collection":[{"href":"https:\/\/shop.yipinqian.com\/fr\/wp-json\/wp\/v2\/product"}],"about":[{"href":"https:\/\/shop.yipinqian.com\/fr\/wp-json\/wp\/v2\/types\/product"}],"replies":[{"embeddable":true,"href":"https:\/\/shop.yipinqian.com\/fr\/wp-json\/wp\/v2\/comments?post=13859"}],"version-history":[{"count":0,"href":"https:\/\/shop.yipinqian.com\/fr\/wp-json\/wp\/v2\/product\/13859\/revisions"}],"wp:featuredmedia":[{"embeddable":true,"href":"https:\/\/shop.yipinqian.com\/fr\/wp-json\/wp\/v2\/media\/13919"}],"wp:attachment":[{"href":"https:\/\/shop.yipinqian.com\/fr\/wp-json\/wp\/v2\/media?parent=13859"}],"wp:term":[{"taxonomy":"product_brand","embeddable":true,"href":"https:\/\/shop.yipinqian.com\/fr\/wp-json\/wp\/v2\/product_brand?post=13859"},{"taxonomy":"product_cat","embeddable":true,"href":"https:\/\/shop.yipinqian.com\/fr\/wp-json\/wp\/v2\/product_cat?post=13859"},{"taxonomy":"product_tag","embeddable":true,"href":"https:\/\/shop.yipinqian.com\/fr\/wp-json\/wp\/v2\/product_tag?post=13859"}],"curies":[{"name":"wp","href":"https:\/\/api.w.org\/{rel}","templated":true}]}}