{"id":13854,"date":"2024-11-26T21:06:22","date_gmt":"2024-11-26T13:06:22","guid":{"rendered":"https:\/\/shop.yipinqian.com\/a-pair-of-high-quality-natural-type-a-jadeite-jade-crafted-as-crab-claws-set-with-18k-gold-as-stud-earrings-certificate-weighs-1-89-grams-18k05\/"},"modified":"2025-02-24T01:17:24","modified_gmt":"2025-02-23T17:17:24","slug":"a-pair-of-high-quality-natural-type-a-jadeite-jade-crafted-as-crab-claws-set-with-18k-gold-as-stud-earrings-certificate-weighs-1-89-grams-18k05","status":"publish","type":"product","link":"https:\/\/shop.yipinqian.com\/fr\/produit\/a-pair-of-high-quality-natural-type-a-jadeite-jade-crafted-as-crab-claws-set-with-18k-gold-as-stud-earrings-certificate-weighs-1-89-grams-18k05\/","title":{"rendered":"Une paire de boucles d&#039;oreilles \u00e0 tige en jade jad\u00e9ite naturelle de type A de haute qualit\u00e9, fabriqu\u00e9es en pinces de crabe serties d&#039;or 18 carats, le certificat p\u00e8se 1,89 gramme (18k05)"},"content":{"rendered":"<p>Rehaussez votre look \u00e9l\u00e9gant avec cette exquise paire de boucles d&#039;oreilles \u00e0 tige en jade jad\u00e9ite fabriqu\u00e9es en pinces de crabe serties d&#039;or 18 carats, parfaites pour toute occasion propice.<\/p>\n<p><\/p>\n<p>Num\u00e9ros de certificat : GD2107H013021<\/p>\n<p><\/p>\n<p>Tailles des pinces de crabe en jad\u00e9ite : 9,5 * 6,3 * 3,8 mm \/ 10,2 * 6,2 * 3,6 mm<\/p>\n<p>Avec des tailles de r\u00e9glage : 12,8 * 9,1 * 4,3 mm \/ 13,6 * 9,2 * 4,5 mm<\/p>\n<p>Or 18 carats : 1,17 gramme<\/p>\n<p>Diamants : 8 * 0,005 \/ 8 * 0,003<\/p>\n<p><img fetchpriority=\"high\" decoding=\"async\" src=\"https:\/\/shop.yipinqian.com\/wp-content\/uploads\/2024\/11\/0705c7f940fc4353adc59c03e4a082fatplv-aphluv4xwc-origin-jpeg.jpeg?dr=15568&#038;nonce=12719&#038;refresh_token=3105d06a87a793fd9b2cf05dbf14f537&#038;from=476444299&#038;idc=my2&#038;ps=933b5bde&#038;shcp=9b759fb9&#038;shp=1c65f68b&#038;t=555f072d\" width=\"1080\" height=\"1080\"><br \/><img decoding=\"async\" src=\"https:\/\/shop.yipinqian.com\/wp-content\/uploads\/2024\/11\/81916e4392224159bf2869dd139f0534tplv-aphluv4xwc-origin-jpeg.jpeg?dr=15568&#038;nonce=38897&#038;refresh_token=43403d75269e8586105d8c125699bca0&#038;from=476444299&#038;idc=my2&#038;ps=933b5bde&#038;shcp=9b759fb9&#038;shp=1c65f68b&#038;t=555f072d\" width=\"1536\" height=\"2048\"><br \/><img decoding=\"async\" src=\"https:\/\/shop.yipinqian.com\/wp-content\/uploads\/2024\/11\/105e293a0d174cdfb43c7821a77f7f10tplv-aphluv4xwc-origin-jpeg.jpeg?dr=15568&#038;nonce=43218&#038;refresh_token=17348f5f98f9b4a2ab26e307be172432&#038;from=476444299&#038;idc=my2&#038;ps=933b5bde&#038;shcp=9b759fb9&#038;shp=1c65f68b&#038;t=555f072d\" width=\"1080\" height=\"1080\"><\/p>\n<ul>\n<li>Jade jad\u00e9ite naturelle de type A de haute qualit\u00e9<\/li>\n<li>Poids certifi\u00e9 de 1,89 gramme (18k05)<\/li>\n<li>Mont\u00e9 en or 18 carats<\/li>\n<li>Boucles d&#039;oreilles \u00e9l\u00e9gantes de style clou<\/li>\n<\/ul>\n<p>Cette paire pr\u00e9sente un superbe design inspir\u00e9 des pinces de crabe, ajoutant une touche unique \u00e0 votre ensemble. L&#039;origine du jade du Myanmar ajoute encore \u00e0 son attrait, ce qui en fait une pi\u00e8ce vraiment sp\u00e9ciale.<\/p>\n<ul>\n<li>Certificat inclus : Oui<\/li>\n<li>Mat\u00e9riau secondaire : Diamant<\/li>\n<li>Mat\u00e9riau de la monture : PT\/Carat Gold<\/li>\n<li>Aucune garantie fournie pour cette pi\u00e8ce de haute qualit\u00e9.<\/li>\n<\/ul>\n<p>Un choix parfait pour les femmes qui appr\u00e9cient les bijoux raffin\u00e9s et ch\u00e9rissent la beaut\u00e9 du jade v\u00e9ritable. Rehaussez votre style avec ces superbes boucles d&#039;oreilles en forme de pince de crabe !<\/p>\n<p><\/p>\n<p>Yi Pin Qian \u2013 N\u00e9gociant en pierres pr\u00e9cieuses et m\u00e9taux pr\u00e9cieux \u00e0 Singapour \u2013 Num\u00e9ro de licence PS20190000031<\/p>\n<p><\/p>\n<p>*Toutes les jad\u00e9ites achet\u00e9es chez Yi Pin Qian \u00e0 Singapour, les clients peuvent r\u00e9server des cr\u00e9neaux pour le polissage ou une r\u00e9paration mineure en cas de mauvaise manipulation - des frais s&#039;appliquent et uniquement pour les clients de Yi Pin Qian \u00e0 Singapour*<\/p>\n<p><\/p>\n<p><strong>**Types de certificats**<\/strong><\/p>\n<p><\/p>\n<p><strong>NGI (Nan Yang Gemmologie)<\/strong><\/p>\n<p>ou <strong>Certificats \u00e9trangers <\/strong>(Yi Pin Qian utilise uniquement des certificats authentiques provenant de laboratoires \u00e9trangers et contr\u00f4le \u00e9galement la qualit\u00e9 de chacun de nos produits avant de les mettre en vente \u00e0 Singapour)<\/p>\n<p><\/p>\n<p>Chaque produit sur TikTok aura le type de certificat fourni indiqu\u00e9 dans la description. Pour tout client souhaitant envoyer sa commande \u00e0 NGI Singapore, il y aura un d\u00e9lai d&#039;attente pour la livraison de la commande estim\u00e9 \u00e0 environ 4 semaines pour recevoir votre commande. <strong>Les demandes de rapport NGI Gemstone doivent \u00eatre effectu\u00e9es en nous envoyant un message.<\/strong> Merci, <strong><u>des frais suppl\u00e9mentaires s&#039;appliquent<\/u><\/strong>.<\/p>\n<p><\/p>\n<p><strong>La jad\u00e9ite naturelle n&#039;est pas parfaite, juste un petit rappel : notre jad\u00e9ite naturelle, comme toutes les belles choses de la nature, poss\u00e8de ses caract\u00e9ristiques et ses variations uniques. Nous invitons nos pr\u00e9cieux clients \u00e0 adopter ces variations naturelles. Bon shopping !<\/strong><\/p>\n<p><\/p>\n<p><strong><u>Aucune des photos et des s\u00e9quences vid\u00e9o n&#039;a \u00e9t\u00e9 filtr\u00e9e. Nous encourageons nos clients \u00e0 regarder \u00e9galement les vid\u00e9os d&#039;accompagnement pour une vue plus compl\u00e8te de nos produits<\/u><\/strong><\/p>\n<p><\/p>\n<ul>\n<li>Diff\u00e9rentes plates-formes ne peuvent visionner des vid\u00e9os que via le bureau<\/li>\n<\/ul>","protected":false},"excerpt":{"rendered":"<p>Enhance your elegant look with this exquisite pair of Jadeite Jade stud earrings crafted as Crab Claws set with 18k gold, perfect for any auspicious occasion. Certificate numbers: GD2107H013021 Crab Claws Jadeite sizes: 9.5 * 6.3 * 3.8 mm \/ 10.2 * 6.2 * 3.6 mm With setting sizes: 12.8 * 9.1 * 4.3 mm [&hellip;]<\/p>","protected":false},"featured_media":13906,"comment_status":"open","ping_status":"closed","template":"","meta":[],"product_brand":[],"product_cat":[195],"product_tag":[50,64,52,88,171,72,53,54,55,56,58,59,60,62],"class_list":{"0":"post-13854","1":"product","2":"type-product","3":"status-publish","4":"has-post-thumbnail","6":"product_cat-heirloom-grade","7":"product_tag-18k-gold","8":"product_tag-cabochon","9":"product_tag-certified","10":"product_tag-diamonds","11":"product_tag-earrings","12":"product_tag-female","13":"product_tag-fine-quality","14":"product_tag-icy","15":"product_tag-jadeite","16":"product_tag-limited-editions","17":"product_tag-new-arrivals","18":"product_tag-translucent","19":"product_tag-type-a-jadeite","20":"product_tag-yi-pin-qian-exclusive","22":"first","23":"instock","24":"sale","25":"shipping-taxable","26":"purchasable","27":"product-type-simple"},"_links":{"self":[{"href":"https:\/\/shop.yipinqian.com\/fr\/wp-json\/wp\/v2\/product\/13854","targetHints":{"allow":["GET"]}}],"collection":[{"href":"https:\/\/shop.yipinqian.com\/fr\/wp-json\/wp\/v2\/product"}],"about":[{"href":"https:\/\/shop.yipinqian.com\/fr\/wp-json\/wp\/v2\/types\/product"}],"replies":[{"embeddable":true,"href":"https:\/\/shop.yipinqian.com\/fr\/wp-json\/wp\/v2\/comments?post=13854"}],"version-history":[{"count":0,"href":"https:\/\/shop.yipinqian.com\/fr\/wp-json\/wp\/v2\/product\/13854\/revisions"}],"wp:featuredmedia":[{"embeddable":true,"href":"https:\/\/shop.yipinqian.com\/fr\/wp-json\/wp\/v2\/media\/13906"}],"wp:attachment":[{"href":"https:\/\/shop.yipinqian.com\/fr\/wp-json\/wp\/v2\/media?parent=13854"}],"wp:term":[{"taxonomy":"product_brand","embeddable":true,"href":"https:\/\/shop.yipinqian.com\/fr\/wp-json\/wp\/v2\/product_brand?post=13854"},{"taxonomy":"product_cat","embeddable":true,"href":"https:\/\/shop.yipinqian.com\/fr\/wp-json\/wp\/v2\/product_cat?post=13854"},{"taxonomy":"product_tag","embeddable":true,"href":"https:\/\/shop.yipinqian.com\/fr\/wp-json\/wp\/v2\/product_tag?post=13854"}],"curies":[{"name":"wp","href":"https:\/\/api.w.org\/{rel}","templated":true}]}}