{"id":1384,"date":"2024-10-24T23:18:50","date_gmt":"2024-10-24T15:18:50","guid":{"rendered":"https:\/\/shop.yipinqian.com\/product\/green-natural-type-a-jadeite-jade-crafted-as-pixiu-set-on-18k-gold-as-a-ring-with-certificate-weigh-2-40-grams-finger-size-17mm-measurement-12-5-7-9-7-3-mm-18kring20\/"},"modified":"2025-02-24T01:17:31","modified_gmt":"2025-02-23T17:17:31","slug":"green-natural-type-a-jadeite-jade-crafted-as-pixiu-set-on-18k-gold-as-a-ring-with-certificate-weigh-2-40-grams-finger-size-17mm-measurement-12-5-7-9-7-3-mm-18kring20","status":"publish","type":"product","link":"https:\/\/shop.yipinqian.com\/fr\/produit\/green-natural-type-a-jadeite-jade-crafted-as-pixiu-set-on-18k-gold-as-a-ring-with-certificate-weigh-2-40-grams-finger-size-17mm-measurement-12-5-7-9-7-3-mm-18kring20\/","title":{"rendered":"Jade jad\u00e9ite naturelle verte de type A fabriqu\u00e9e en Pixiu sertie sur or 18 carats en bague avec certificat pesant 2,40 grammes, taille de doigt 17 mm, mesure 12,5 * 7,9 * 7,3 mm (18kring20)"},"content":{"rendered":"<p>Elevate your style with this exquisite Green Natural Type A Jadeite Jade Pixiu ring crafted on 18k gold. The jade stone is carefully chosen and cut into a Pixiu shape, symbolizing good fortune and protection.<\/p>\n<p><\/p>\n<p>Certificate numbers: GD2201H011084<\/p>\n<ul>\n<li>\n<strong>Top-Quality Materials:<\/strong> This ring is made of 18k gold, a precious and durable material that will last a lifetime. The green jade stone used in the crafting of this piece is natural Type A Jadeite from Myanmar.<\/li>\n<li>\n<strong>Certificat d&#039;authenticit\u00e9 :<\/strong> You can be assured that you are getting genuine jade with our certificate of authenticity included with the purchase.<\/li>\n<li>\n<strong>Design f\u00e9minin :<\/strong> This ring has a <strong>finger size of 17mm,<\/strong> making it an ideal fit for any woman&#8217;s hand. The measurement for this piece is 12.5 * 7.9 *7 .3 mm.<\/li>\n<li>\n<strong>\u00c0 porter au quotidien :<\/strong> Suitable for any occasion or daily wear, this jewelry accessory will surely add an elegant touch to your outfit.<\/li>\n<\/ul>\n<p>This Green Natural Type A Jadeite Jade Pixiu Ring on an 18k gold band would make the perfect gift to yourself or loved ones who appreciate quality jewelry pieces that exude timeless beauty and charm!<\/p>","protected":false},"excerpt":{"rendered":"<p>Rehaussez votre style avec cette superbe bague Pixiu en jade jad\u00e9ite naturelle verte de type A fabriqu\u00e9e en or 18 carats. La pierre de jade est soigneusement choisie et taill\u00e9e en forme de Pixiu, symbolisant la bonne fortune et la protection. Num\u00e9ros de certificat : GD2201H011084 Mat\u00e9riaux de qualit\u00e9 sup\u00e9rieure : cette bague est fabriqu\u00e9e en or 18 carats, un mat\u00e9riau pr\u00e9cieux et durable qui durera [\u2026]<\/p>","protected":false},"featured_media":3995,"comment_status":"open","ping_status":"closed","template":"","meta":[],"product_brand":[],"product_cat":[195],"product_tag":[],"class_list":{"0":"post-1384","1":"product","2":"type-product","3":"status-publish","4":"has-post-thumbnail","6":"product_cat-heirloom-grade","8":"first","9":"instock","10":"sale","11":"shipping-taxable","12":"purchasable","13":"product-type-simple"},"_links":{"self":[{"href":"https:\/\/shop.yipinqian.com\/fr\/wp-json\/wp\/v2\/product\/1384","targetHints":{"allow":["GET"]}}],"collection":[{"href":"https:\/\/shop.yipinqian.com\/fr\/wp-json\/wp\/v2\/product"}],"about":[{"href":"https:\/\/shop.yipinqian.com\/fr\/wp-json\/wp\/v2\/types\/product"}],"replies":[{"embeddable":true,"href":"https:\/\/shop.yipinqian.com\/fr\/wp-json\/wp\/v2\/comments?post=1384"}],"version-history":[{"count":0,"href":"https:\/\/shop.yipinqian.com\/fr\/wp-json\/wp\/v2\/product\/1384\/revisions"}],"wp:featuredmedia":[{"embeddable":true,"href":"https:\/\/shop.yipinqian.com\/fr\/wp-json\/wp\/v2\/media\/3995"}],"wp:attachment":[{"href":"https:\/\/shop.yipinqian.com\/fr\/wp-json\/wp\/v2\/media?parent=1384"}],"wp:term":[{"taxonomy":"product_brand","embeddable":true,"href":"https:\/\/shop.yipinqian.com\/fr\/wp-json\/wp\/v2\/product_brand?post=1384"},{"taxonomy":"product_cat","embeddable":true,"href":"https:\/\/shop.yipinqian.com\/fr\/wp-json\/wp\/v2\/product_cat?post=1384"},{"taxonomy":"product_tag","embeddable":true,"href":"https:\/\/shop.yipinqian.com\/fr\/wp-json\/wp\/v2\/product_tag?post=1384"}],"curies":[{"name":"wp","href":"https:\/\/api.w.org\/{rel}","templated":true}]}}