{"id":1383,"date":"2024-10-24T23:18:49","date_gmt":"2024-10-24T15:18:49","guid":{"rendered":"https:\/\/shop.yipinqian.com\/product\/green-natural-type-a-jadeite-jade-cabochon-8-8-5-6-2-5-mm-crafted-with-oval-shape-set-on-18k-gold-as-ring-with-certificate-weighs-1-92-grams-18kring25\/"},"modified":"2025-02-24T01:17:31","modified_gmt":"2025-02-23T17:17:31","slug":"green-natural-type-a-jadeite-jade-cabochon-8-8-5-6-2-5-mm-crafted-with-oval-shape-set-on-18k-gold-as-ring-with-certificate-weighs-1-92-grams-18kring25","status":"publish","type":"product","link":"https:\/\/shop.yipinqian.com\/fr\/produit\/green-natural-type-a-jadeite-jade-cabochon-8-8-5-6-2-5-mm-crafted-with-oval-shape-set-on-18k-gold-as-ring-with-certificate-weighs-1-92-grams-18kring25\/","title":{"rendered":"Cabochon de jade jad\u00e9ite vert naturel de type A 8,8 * 5,6 * 2,5 mm fabriqu\u00e9 avec une forme ovale sertie sur or 18 carats comme bague avec certificat p\u00e8se 1,92 grammes (18kring25)"},"content":{"rendered":"<p>This exquisite Green Natural Type A Jadeite Jade Cabochon ring is a stunning piece of jewelry for the elegant woman.<\/p>\n<p>\u00a0<\/p>\n<p>Certificate numbers: GD2002H009128<\/p>\n<p>18k Gold Weighs 1.63 grams<\/p>\n<p>Diamonds 27 * 0.003 carats = 0.081<\/p>\n<p>Finger Size = #15 (17.3mm)<\/p>\n<ul>\n<li>Green Natural Type A Jadeite<\/li>\n<li>Oval shape set on 18k Gold<\/li>\n<li>Weighs 1.92 grams<\/li>\n<li>Livr\u00e9 avec un certificat d&#039;authenticit\u00e9.<\/li>\n<\/ul>\n<p>Handcrafted with precision, the oval-shaped jade cabochon measures 8.8 * 5.6 * 2.5 mm, making it a unique and eye-catching accessory.<\/p>\n<ul>\n<li>Secondary Material: Diamond | Setting Material: PT\/Carat Gold<\/li>\n<\/ul>\n<p>\u00a0<\/p>\n<p>This luxurious ring is sourced from Myanmar and is designed specifically for females who appreciate fine craftsmanship and exquisite jade jewelry.<\/p>\n<ul>\n<li>Jade Type: Jadeite | Warranty Type: No<\/li>\n<\/ul>\n<p>Yi Pin Qian \u2013 N\u00e9gociant en pierres pr\u00e9cieuses et m\u00e9taux pr\u00e9cieux \u00e0 Singapour \u2013 Num\u00e9ro de licence PS20190000031<\/p>\n<p>\u00a0<\/p>\n<p>*Toutes les jad\u00e9ites achet\u00e9es chez Yi Pin Qian \u00e0 Singapour, les clients peuvent r\u00e9server des cr\u00e9neaux pour le polissage ou une r\u00e9paration mineure en cas de mauvaise manipulation - des frais s&#039;appliquent et uniquement pour les clients de Yi Pin Qian \u00e0 Singapour*<\/p>\n<p>\u00a0<\/p>\n<p><strong>**Types de certificats**<\/strong><\/p>\n<p>\u00a0<\/p>\n<p><strong>NGI (Nan Yang Gemmologie)<\/strong><\/p>\n<p>ou <strong>Certificats \u00e9trangers <\/strong>(Yi Pin Qian utilise uniquement des certificats authentiques provenant de laboratoires \u00e9trangers et contr\u00f4le \u00e9galement la qualit\u00e9 de chacun de nos produits avant de les mettre en vente \u00e0 Singapour)<\/p>\n<p>\u00a0<\/p>\n<p>Chaque produit sur TikTok aura le type de certificat fourni indiqu\u00e9 dans la description. Pour tout client souhaitant envoyer sa commande \u00e0 NGI Singapore, il y aura un d\u00e9lai d&#039;attente pour la livraison de la commande estim\u00e9 \u00e0 environ 4 semaines pour recevoir votre commande. <strong>Les demandes de rapport sur les pierres pr\u00e9cieuses NGI doivent \u00eatre effectu\u00e9es en envoyant un message \u00e0 la boutique TikTok de Yi Pin Qian.<\/strong> Merci, <strong><u>des frais suppl\u00e9mentaires s&#039;appliquent<\/u><\/strong>.<\/p>\n<p>\u00a0<\/p>\n<p><strong>La jad\u00e9ite naturelle n&#039;est pas parfaite, juste un petit rappel : notre jad\u00e9ite naturelle, comme toutes les belles choses de la nature, poss\u00e8de ses caract\u00e9ristiques et ses variations uniques. Nous invitons nos pr\u00e9cieux clients \u00e0 adopter ces variations naturelles. Bon shopping !<\/strong><\/p>\n<p>\u00a0<\/p>\n<p><strong><u>Aucune des photos et des s\u00e9quences vid\u00e9o n&#039;a \u00e9t\u00e9 filtr\u00e9e. Nous encourageons nos clients \u00e0 regarder \u00e9galement les vid\u00e9os d&#039;accompagnement pour une vue plus compl\u00e8te de nos produits<\/u><\/strong><\/p>","protected":false},"excerpt":{"rendered":"<p>Cette bague exquise en jade vert naturel de type A est un superbe bijou pour la femme \u00e9l\u00e9gante. Num\u00e9ros de certificat : GD2002H009128 Or 18 carats P\u00e8se 1,63 gramme Diamants 27 * 0,003 carats = 0,081 Taille du doigt = #15 (17,3 mm) Jadeite verte naturelle de type A Forme ovale sertie sur or 18 carats P\u00e8se 1,92 gramme [\u2026]<\/p>","protected":false},"featured_media":3978,"comment_status":"open","ping_status":"closed","template":"","meta":[],"product_brand":[],"product_cat":[195],"product_tag":[],"class_list":{"0":"post-1383","1":"product","2":"type-product","3":"status-publish","4":"has-post-thumbnail","6":"product_cat-heirloom-grade","8":"first","9":"instock","10":"sale","11":"shipping-taxable","12":"purchasable","13":"product-type-simple"},"_links":{"self":[{"href":"https:\/\/shop.yipinqian.com\/fr\/wp-json\/wp\/v2\/product\/1383","targetHints":{"allow":["GET"]}}],"collection":[{"href":"https:\/\/shop.yipinqian.com\/fr\/wp-json\/wp\/v2\/product"}],"about":[{"href":"https:\/\/shop.yipinqian.com\/fr\/wp-json\/wp\/v2\/types\/product"}],"replies":[{"embeddable":true,"href":"https:\/\/shop.yipinqian.com\/fr\/wp-json\/wp\/v2\/comments?post=1383"}],"version-history":[{"count":0,"href":"https:\/\/shop.yipinqian.com\/fr\/wp-json\/wp\/v2\/product\/1383\/revisions"}],"wp:featuredmedia":[{"embeddable":true,"href":"https:\/\/shop.yipinqian.com\/fr\/wp-json\/wp\/v2\/media\/3978"}],"wp:attachment":[{"href":"https:\/\/shop.yipinqian.com\/fr\/wp-json\/wp\/v2\/media?parent=1383"}],"wp:term":[{"taxonomy":"product_brand","embeddable":true,"href":"https:\/\/shop.yipinqian.com\/fr\/wp-json\/wp\/v2\/product_brand?post=1383"},{"taxonomy":"product_cat","embeddable":true,"href":"https:\/\/shop.yipinqian.com\/fr\/wp-json\/wp\/v2\/product_cat?post=1383"},{"taxonomy":"product_tag","embeddable":true,"href":"https:\/\/shop.yipinqian.com\/fr\/wp-json\/wp\/v2\/product_tag?post=1383"}],"curies":[{"name":"wp","href":"https:\/\/api.w.org\/{rel}","templated":true}]}}