{"id":1379,"date":"2024-10-24T23:18:48","date_gmt":"2024-10-24T15:18:48","guid":{"rendered":"https:\/\/shop.yipinqian.com\/product\/green-hue-patches-and-yellow-natural-type-a-jadeite-jade-crafted-as-dragon-ring-with-finger-size-20-8mm-certificate-weighs-26-8-grams-measurement-39-2-31-6-15-5-mm-ring12\/"},"modified":"2025-02-24T00:49:55","modified_gmt":"2025-02-23T16:49:55","slug":"green-hue-patches-and-yellow-natural-type-a-jadeite-jade-crafted-as-dragon-ring-with-finger-size-20-8mm-certificate-weighs-26-8-grams-measurement-39-2-31-6-15-5-mm-ring12","status":"publish","type":"product","link":"https:\/\/shop.yipinqian.com\/fr\/produit\/green-hue-patches-and-yellow-natural-type-a-jadeite-jade-crafted-as-dragon-ring-with-finger-size-20-8mm-certificate-weighs-26-8-grams-measurement-39-2-31-6-15-5-mm-ring12\/","title":{"rendered":"Bague en jade de type A naturel avec des taches de teinte verte et du jade jaune, fabriqu\u00e9e comme bague de dragon avec une taille de doigt de 20,8 mm, le certificat p\u00e8se 26,8 grammes, mesure 39,2 * 31,6 * 15,5 mm (bague 12)"},"content":{"rendered":"<p>Cette bague dragon exquise est fabriqu\u00e9e \u00e0 partir de jade jad\u00e9ite de type A naturel de teinte verte avec des patchs et du jaune, ce qui en fait un bijou unique et magnifique.<\/p>\n<p><\/p>\n<p>Num\u00e9ros de certificat : SH19060301686<\/p>\n<p><img fetchpriority=\"high\" decoding=\"async\" src=\"https:\/\/shop.yipinqian.com\/wp-content\/uploads\/2024\/10\/cea13238f8154f7ca694684c33be4396tplv-aphluv4xwc-origin-jpeg.jpeg?dr=15568&amp;nonce=61080&amp;refresh_token=ba14a84cedcee72b4763d75a46a95399&amp;from=476444299&amp;idc=my&amp;ps=933b5bde&amp;shcp=9b759fb9&amp;shp=1c65f68b&amp;t=555f072d\" width=\"1080\" height=\"1080\"><\/p>\n<ul>\n<li>\n<strong>Dimensions:<\/strong> Taille de bague de 20,8 mm avec des mesures de 39,2 * 31,6 * 15,5 mm<\/li>\n<li>\n<strong>Poids:<\/strong> P\u00e8se 26,8 grammes<\/li>\n<li>\n<strong>Certificat:<\/strong> Livr\u00e9 avec un certificat garantissant l&#039;authenticit\u00e9<\/li>\n<\/ul>\n<p><img decoding=\"async\" src=\"https:\/\/shop.yipinqian.com\/wp-content\/uploads\/2024\/10\/7010a1805a6a4df795aa098f5fbed1eetplv-aphluv4xwc-origin-jpeg.jpeg?dr=15568&amp;nonce=78524&amp;refresh_token=b68df954f1dd5204575ce9808828ad23&amp;from=476444299&amp;idc=my&amp;ps=933b5bde&amp;shcp=9b759fb9&amp;shp=1c65f68b&amp;t=555f072d\" width=\"1080\" height=\"1080\"><\/p>\n<p>Cette bague unisexe est parfaite pour un usage quotidien, ajoutant une touche d&#039;\u00e9l\u00e9gance \u00e0 n&#039;importe quelle tenue.<\/p>\n<ul>\n<li>\n<strong>Type de jade :<\/strong> Jad\u00e9ite du Myanmar, connue pour sa haute qualit\u00e9 et sa beaut\u00e9<\/li>\n<li><strong>Garantie\u00a0:&gt; Aucune garantie n&#039;est fournie pour cette pi\u00e8ce unique<\/strong><\/li>\n<\/ul>\n<p><img decoding=\"async\" src=\"https:\/\/shop.yipinqian.com\/wp-content\/uploads\/2024\/10\/437d77f402f84e93afa4c3340a8919bctplv-aphluv4xwc-origin-jpeg.jpeg?dr=15568&amp;nonce=92370&amp;refresh_token=1387c93bf95e1aa78733ff49d5c3f731&amp;from=476444299&amp;idc=my&amp;ps=933b5bde&amp;shcp=9b759fb9&amp;shp=1c65f68b&amp;t=555f072d\" width=\"709\" height=\"598\"><\/p>\n<p>Yi Pin Qian \u2013 N\u00e9gociant en pierres pr\u00e9cieuses et m\u00e9taux pr\u00e9cieux \u00e0 Singapour \u2013 Num\u00e9ro de licence PS20190000031<\/p>\n<p><\/p>\n<p>*Toutes les jad\u00e9ites achet\u00e9es chez Yi Pin Qian \u00e0 Singapour, les clients peuvent r\u00e9server des cr\u00e9neaux pour le polissage ou une r\u00e9paration mineure en cas de mauvaise manipulation - des frais s&#039;appliquent et uniquement pour les clients de Yi Pin Qian \u00e0 Singapour*<\/p>\n<p><\/p>\n<p><strong>**Types de certificats**<\/strong><\/p>\n<p><\/p>\n<p><strong>NGI (Nan Yang Gemmologie)<\/strong><\/p>\n<p>ou <strong>Certificats \u00e9trangers <\/strong>(Yi Pin Qian utilise uniquement des certificats authentiques provenant de laboratoires \u00e9trangers et contr\u00f4le \u00e9galement la qualit\u00e9 de chacun de nos produits avant de les mettre en vente \u00e0 Singapour)<\/p>\n<p><\/p>\n<p>Chaque produit sur TikTok aura le type de certificat fourni indiqu\u00e9 dans la description. Pour tout client souhaitant envoyer sa commande \u00e0 NGI Singapore, il y aura un d\u00e9lai d&#039;attente pour la livraison de la commande estim\u00e9 \u00e0 environ 4 semaines pour recevoir votre commande. <strong>Les demandes de rapport NGI Gemstone doivent \u00eatre effectu\u00e9es en nous envoyant un message.<\/strong> Merci, <strong><u>des frais suppl\u00e9mentaires s&#039;appliquent<\/u><\/strong>.<\/p>\n<p><\/p>\n<p><strong>La jad\u00e9ite naturelle n&#039;est pas parfaite, juste un petit rappel : notre jad\u00e9ite naturelle, comme toutes les belles choses de la nature, poss\u00e8de ses caract\u00e9ristiques et ses variations uniques. Nous invitons nos pr\u00e9cieux clients \u00e0 adopter ces variations naturelles. Bon shopping !<\/strong><\/p>\n<p><\/p>\n<p><strong><u>Aucune des photos et des s\u00e9quences vid\u00e9o n&#039;a \u00e9t\u00e9 filtr\u00e9e. Nous encourageons nos clients \u00e0 regarder \u00e9galement les vid\u00e9os d&#039;accompagnement pour une vue plus compl\u00e8te de nos produits<\/u><\/strong><\/p>\n<p><\/p>\n<ul>\n<li>Diff\u00e9rentes plates-formes ne peuvent visionner des vid\u00e9os que via le bureau<\/li>\n<\/ul>","protected":false},"excerpt":{"rendered":"<p>This exquisite Dragon Ring is crafted from Green Hue with Patches and Yellow Natural Type-A Jadeite-Jade, making it a unique and stunning piece of jewelry. Certificate numbers: SH19060301686 Dimensions: 20.8 mm ring size with measurements of 39.2 * 31.6 * 15.5 mm Weight: Weighs 26.8 grams Certificate: Comes with a certificate ensuring authenticity This Unisex [&hellip;]<\/p>","protected":false},"featured_media":3944,"comment_status":"open","ping_status":"closed","template":"","meta":[],"product_brand":[],"product_cat":[194],"product_tag":[52,78,70,79,65,66,55,56,58,71,75,60,61,68,62],"class_list":{"0":"post-1379","1":"product","2":"type-product","3":"status-publish","4":"has-post-thumbnail","6":"product_cat-value-picks","7":"product_tag-certified","8":"product_tag-dragon","9":"product_tag-green","10":"product_tag-green-hue","11":"product_tag-high-quality","12":"product_tag-jade-ring","13":"product_tag-jadeite","14":"product_tag-limited-editions","15":"product_tag-new-arrivals","16":"product_tag-ring","17":"product_tag-traditional","18":"product_tag-type-a-jadeite","19":"product_tag-unisex","20":"product_tag-yellow","21":"product_tag-yi-pin-qian-exclusive","23":"first","24":"instock","25":"sale","26":"shipping-taxable","27":"purchasable","28":"product-type-simple"},"_links":{"self":[{"href":"https:\/\/shop.yipinqian.com\/fr\/wp-json\/wp\/v2\/product\/1379","targetHints":{"allow":["GET"]}}],"collection":[{"href":"https:\/\/shop.yipinqian.com\/fr\/wp-json\/wp\/v2\/product"}],"about":[{"href":"https:\/\/shop.yipinqian.com\/fr\/wp-json\/wp\/v2\/types\/product"}],"replies":[{"embeddable":true,"href":"https:\/\/shop.yipinqian.com\/fr\/wp-json\/wp\/v2\/comments?post=1379"}],"version-history":[{"count":0,"href":"https:\/\/shop.yipinqian.com\/fr\/wp-json\/wp\/v2\/product\/1379\/revisions"}],"wp:featuredmedia":[{"embeddable":true,"href":"https:\/\/shop.yipinqian.com\/fr\/wp-json\/wp\/v2\/media\/3944"}],"wp:attachment":[{"href":"https:\/\/shop.yipinqian.com\/fr\/wp-json\/wp\/v2\/media?parent=1379"}],"wp:term":[{"taxonomy":"product_brand","embeddable":true,"href":"https:\/\/shop.yipinqian.com\/fr\/wp-json\/wp\/v2\/product_brand?post=1379"},{"taxonomy":"product_cat","embeddable":true,"href":"https:\/\/shop.yipinqian.com\/fr\/wp-json\/wp\/v2\/product_cat?post=1379"},{"taxonomy":"product_tag","embeddable":true,"href":"https:\/\/shop.yipinqian.com\/fr\/wp-json\/wp\/v2\/product_tag?post=1379"}],"curies":[{"name":"wp","href":"https:\/\/api.w.org\/{rel}","templated":true}]}}