{"id":1378,"date":"2024-10-24T23:18:47","date_gmt":"2024-10-24T15:18:47","guid":{"rendered":"https:\/\/shop.yipinqian.com\/product\/green-floating-patches-rare-old-school-natural-type-a-jadeite-jade-crafted-with-traditional-dragon-as-pendant-certificate-weighs-34-91-grams-measurement-60-6-38-8-8-2-mm-pendant302\/"},"modified":"2025-01-10T06:13:13","modified_gmt":"2025-01-09T22:13:13","slug":"green-floating-patches-rare-old-school-natural-type-a-jadeite-jade-crafted-with-traditional-dragon-as-pendant-certificate-weighs-34-91-grams-measurement-60-6-38-8-8-2-mm-pendant302","status":"publish","type":"product","link":"https:\/\/shop.yipinqian.com\/fr\/produit\/green-floating-patches-rare-old-school-natural-type-a-jadeite-jade-crafted-with-traditional-dragon-as-pendant-certificate-weighs-34-91-grams-measurement-60-6-38-8-8-2-mm-pendant302\/","title":{"rendered":"Patchs flottants verts rares de la vieille \u00e9cole, jade naturel de type A fabriqu\u00e9 avec un dragon traditionnel comme pendentif, le certificat p\u00e8se 34,91 grammes, mesure 60,6 * 38,8 * 8,2 mm (pendentif302)"},"content":{"rendered":"<p>This Green Floating Patches rare old-school Natural Type-A Jadeite-Jade necklace features a traditional Dragon pendant, exuding elegance and charm.<\/p>\n<p>Certificate numbers: 90159010972<\/p>\n<p><img fetchpriority=\"high\" decoding=\"async\" height=\"1080\" width=\"1080\" src=\"https:\/\/shop.yipinqian.com\/wp-content\/uploads\/2024\/10\/f3898ba8ebbe44988696ee7bede576b7tplv-aphluv4xwc-origin-jpeg.jpeg?from=476444299\"><\/p>\n<ul>\n<li>\n<strong>Mat\u00e9riel:<\/strong> Crafted with high-quality Type-A Jadeite-Jade<\/li>\n<li>\n<strong>Poids:<\/strong> Weighs 34.91 grams<\/li>\n<li>\n<strong>Mesures:<\/strong> Pendant size is 60.6 * 38.8 *8.2 mm (pendant302)<\/li>\n<\/ul>\n<p><img decoding=\"async\" height=\"1080\" width=\"1080\" src=\"https:\/\/shop.yipinqian.com\/wp-content\/uploads\/2024\/10\/ad48f0a40e6d4cec85c7c1f630dd18b9tplv-aphluv4xwc-origin-jpeg.jpeg?from=476444299\"><\/p>\n<p>The intricate design and vibrant green color make this necklace a standout piece suitable for various occasions.<\/p>\n<ul>\n<li>\n<strong>Certificat:<\/strong> Comes with a certificate ensuring authenticity This jade necklace is perfect for those looking to add an auspicious touch to their style, making it an ideal choice for casual wear. The traditional Dragon symbolizes strength, power, and good luck\u2014a meaningful addition to your jewelry collection.&#8221;<\/li>\n<\/ul>\n<p>Yi Pin Qian \u2013 N\u00e9gociant en pierres pr\u00e9cieuses et m\u00e9taux pr\u00e9cieux \u00e0 Singapour \u2013 Num\u00e9ro de licence PS20190000031<\/p>\n<p><\/p>\n<p>*Toutes les jad\u00e9ites achet\u00e9es chez Yi Pin Qian \u00e0 Singapour, les clients peuvent r\u00e9server des cr\u00e9neaux pour le polissage ou une r\u00e9paration mineure en cas de mauvaise manipulation - des frais s&#039;appliquent et uniquement pour les clients de Yi Pin Qian \u00e0 Singapour*<\/p>\n<p><\/p>\n<p><strong>**Types de certificats**<\/strong><\/p>\n<p><\/p>\n<p><strong>NGI (Nan Yang Gemmologie)<\/strong><\/p>\n<p>ou <strong>Certificats \u00e9trangers <\/strong>(Yi Pin Qian utilise uniquement des certificats authentiques provenant de laboratoires \u00e9trangers et contr\u00f4le \u00e9galement la qualit\u00e9 de chacun de nos produits avant de les mettre en vente \u00e0 Singapour)<\/p>\n<p><\/p>\n<p>Chaque produit sur TikTok aura le type de certificat fourni indiqu\u00e9 dans la description. Pour tout client souhaitant envoyer sa commande \u00e0 NGI Singapore, il y aura un d\u00e9lai d&#039;attente pour la livraison de la commande estim\u00e9 \u00e0 environ 4 semaines pour recevoir votre commande. <strong>Les demandes de rapport NGI Gemstone doivent \u00eatre effectu\u00e9es en nous envoyant un message.<\/strong> Merci, <strong><u>des frais suppl\u00e9mentaires s&#039;appliquent<\/u><\/strong>.<\/p>\n<p><\/p>\n<p><strong>La jad\u00e9ite naturelle n&#039;est pas parfaite, juste un petit rappel : notre jad\u00e9ite naturelle, comme toutes les belles choses de la nature, poss\u00e8de ses caract\u00e9ristiques et ses variations uniques. Nous invitons nos pr\u00e9cieux clients \u00e0 adopter ces variations naturelles. Bon shopping !<\/strong><\/p>\n<p><\/p>\n<p><strong><u>Aucune des photos et des s\u00e9quences vid\u00e9o n&#039;a \u00e9t\u00e9 filtr\u00e9e. Nous encourageons nos clients \u00e0 regarder \u00e9galement les vid\u00e9os d&#039;accompagnement pour une vue plus compl\u00e8te de nos produits<\/u><\/strong><\/p>\n<p><\/p>\n<ul>\n<li>Diff\u00e9rentes plates-formes ne peuvent visionner des vid\u00e9os que via le bureau<\/li>\n<\/ul>","protected":false},"excerpt":{"rendered":"<p>This Green Floating Patches rare old-school Natural Type-A Jadeite-Jade necklace features a traditional Dragon pendant, exuding elegance and charm. Certificate numbers: 90159010972 Material: Crafted with high-quality Type-A Jadeite-Jade Weight: Weighs 34.91 grams Measurements: Pendant size is 60.6 * 38.8 *8.2 mm (pendant302) The intricate design and vibrant green color make this necklace a standout piece [&hellip;]<\/p>","protected":false},"featured_media":3929,"comment_status":"open","ping_status":"closed","template":"","meta":[],"product_brand":[],"product_cat":[83,126,48],"product_tag":[52,78,79,96,65,55,56,58,73,75,60,61,62],"class_list":{"0":"post-1378","1":"product","2":"type-product","3":"status-publish","4":"has-post-thumbnail","6":"product_cat-jade-necklaces-pendants","7":"product_cat-new-arrivals","8":"product_cat-pendants","9":"product_tag-certified","10":"product_tag-dragon","11":"product_tag-green-hue","12":"product_tag-green-patches","13":"product_tag-high-quality","14":"product_tag-jadeite","15":"product_tag-limited-editions","16":"product_tag-new-arrivals","17":"product_tag-pendant","18":"product_tag-traditional","19":"product_tag-type-a-jadeite","20":"product_tag-unisex","21":"product_tag-yi-pin-qian-exclusive","23":"first","24":"instock","25":"sale","26":"shipping-taxable","27":"purchasable","28":"product-type-simple"},"_links":{"self":[{"href":"https:\/\/shop.yipinqian.com\/fr\/wp-json\/wp\/v2\/product\/1378","targetHints":{"allow":["GET"]}}],"collection":[{"href":"https:\/\/shop.yipinqian.com\/fr\/wp-json\/wp\/v2\/product"}],"about":[{"href":"https:\/\/shop.yipinqian.com\/fr\/wp-json\/wp\/v2\/types\/product"}],"replies":[{"embeddable":true,"href":"https:\/\/shop.yipinqian.com\/fr\/wp-json\/wp\/v2\/comments?post=1378"}],"version-history":[{"count":0,"href":"https:\/\/shop.yipinqian.com\/fr\/wp-json\/wp\/v2\/product\/1378\/revisions"}],"wp:featuredmedia":[{"embeddable":true,"href":"https:\/\/shop.yipinqian.com\/fr\/wp-json\/wp\/v2\/media\/3929"}],"wp:attachment":[{"href":"https:\/\/shop.yipinqian.com\/fr\/wp-json\/wp\/v2\/media?parent=1378"}],"wp:term":[{"taxonomy":"product_brand","embeddable":true,"href":"https:\/\/shop.yipinqian.com\/fr\/wp-json\/wp\/v2\/product_brand?post=1378"},{"taxonomy":"product_cat","embeddable":true,"href":"https:\/\/shop.yipinqian.com\/fr\/wp-json\/wp\/v2\/product_cat?post=1378"},{"taxonomy":"product_tag","embeddable":true,"href":"https:\/\/shop.yipinqian.com\/fr\/wp-json\/wp\/v2\/product_tag?post=1378"}],"curies":[{"name":"wp","href":"https:\/\/api.w.org\/{rel}","templated":true}]}}