{"id":1377,"date":"2024-10-24T23:18:47","date_gmt":"2024-10-24T15:18:47","guid":{"rendered":"https:\/\/shop.yipinqian.com\/product\/green-and-yellow-natural-type-a-jadeite-pendant-necklace-crafted-with-ruyi-and-beetle-certificate-included-weigh-23-25-grams-52-3-29-9-9-mm-symbols-of-a-steady-flow-of-wealth-protection-from-danger-sa\/"},"modified":"2025-02-24T01:17:31","modified_gmt":"2025-02-23T17:17:31","slug":"green-and-yellow-natural-type-a-jadeite-pendant-necklace-crafted-with-ruyi-and-beetle-certificate-included-weigh-23-25-grams-52-3-29-9-9-mm-symbols-of-a-steady-flow-of-wealth-protection-from-danger-sa","status":"publish","type":"product","link":"https:\/\/shop.yipinqian.com\/fr\/produit\/green-and-yellow-natural-type-a-jadeite-pendant-necklace-crafted-with-ruyi-and-beetle-certificate-included-weigh-23-25-grams-52-3-29-9-9-mm-symbols-of-a-steady-flow-of-wealth-protection-from-danger-sa\/","title":{"rendered":"Collier pendentif en jad\u00e9ite naturelle de type A verte et jaune fabriqu\u00e9 avec Ruyi et Beetle, certificat inclus p\u00e8se 23,25 grammes, 52,3 * 29 * 9,9 mm, symboles d&#039;un flux constant de richesse, de protection contre le danger, de s\u00e9curit\u00e9 et de sant\u00e9 (pendentif163)"},"content":{"rendered":"<p>This Green and Yellow Natural Type A Jadeite Pendant Necklace is the perfect accessory for those looking to add a touch of elegance to their outfit. Crafted with <strong>Ruyi and Beetle<\/strong>, this necklace is not only stylish but also symbolizes a steady flow of wealth, protection from danger, safety and health.<\/p>\n<p>\u00a0<\/p>\n<p><strong>Certificate numbers: 920660024521<\/strong><\/p>\n<ul>\n<li>Symbolizes Wealth and Protection<\/li>\n<li>Elegant Necklace Style<\/li>\n<li>P\u00e8se <strong>23.25 grams<\/strong>\n<\/li>\n<li>Measurements<strong> 52.3 *<em> 29 *<\/em> 9.9 mm<\/strong>\n<\/li>\n<li>Certificate Included for Authenticity<\/li>\n<\/ul>\n<p>Made with natural Type A Jadeite from Myanmar, this pendant necklace is the perfect choice for daily wear. The unisex design makes it a great gift option as well.<\/p>\n<ul>\n<li>Pays d&#039;origine : Myanmar<\/li>\n<li>Type de jade : Jad\u00e9ite<\/li>\n<li>OCCASION: Daily Wear<\/li>\n<li>GENDER: Unisex<\/li>\n<li>Certificat inclus : Oui<\/li>\n<\/ul>\n<p>Add this elegant Green and Yellow Natural Type A Jadeite Pendant Necklace to your collection today!<\/p>\n<p>.<\/p>\n<p>Yi Pin Qian \u2013 N\u00e9gociant en pierres pr\u00e9cieuses et m\u00e9taux pr\u00e9cieux \u00e0 Singapour \u2013 Num\u00e9ro de licence PS20190000031<\/p>\n<p>\u00a0<\/p>\n<p>*Toutes les jad\u00e9ites achet\u00e9es chez Yi Pin Qian \u00e0 Singapour, les clients peuvent r\u00e9server des cr\u00e9neaux pour le polissage ou une r\u00e9paration mineure en cas de mauvaise manipulation - des frais s&#039;appliquent et uniquement pour les clients de Yi Pin Qian \u00e0 Singapour*<\/p>\n<p>\u00a0<\/p>\n<p><strong>**Types de certificats**<\/strong><\/p>\n<p>\u00a0<\/p>\n<p><strong>NGI (Nan Yang Gemmologie)<\/strong><\/p>\n<p>ou <strong>Certificats \u00e9trangers <\/strong>(Yi Pin Qian utilise uniquement des certificats authentiques provenant de laboratoires \u00e9trangers et contr\u00f4le \u00e9galement la qualit\u00e9 de chacun de nos produits avant de les mettre en vente \u00e0 Singapour)<\/p>\n<p>\u00a0<\/p>\n<p>Chaque produit sur TikTok aura le type de certificat fourni indiqu\u00e9 dans la description. Pour tout client souhaitant envoyer sa commande \u00e0 NGI Singapore, il y aura un d\u00e9lai d&#039;attente pour la livraison de la commande estim\u00e9 \u00e0 environ 4 semaines pour recevoir votre commande. <strong>Les demandes de rapport sur les pierres pr\u00e9cieuses NGI doivent \u00eatre effectu\u00e9es en envoyant un message \u00e0 la boutique TikTok de Yi Pin Qian.<\/strong> Merci, <strong><u>des frais suppl\u00e9mentaires s&#039;appliquent<\/u><\/strong>.<\/p>\n<p>\u00a0<\/p>\n<p><strong>La jad\u00e9ite naturelle n&#039;est pas parfaite, juste un petit rappel : notre jad\u00e9ite naturelle, comme toutes les belles choses de la nature, poss\u00e8de ses caract\u00e9ristiques et ses variations uniques. Nous invitons nos pr\u00e9cieux clients \u00e0 adopter ces variations naturelles. Bon shopping !<\/strong><\/p>\n<p>\u00a0<\/p>\n<p><strong><u>Aucune des photos et des s\u00e9quences vid\u00e9o n&#039;a \u00e9t\u00e9 filtr\u00e9e. Nous encourageons nos clients \u00e0 regarder \u00e9galement les vid\u00e9os d&#039;accompagnement pour une vue plus compl\u00e8te de nos produits<\/u><\/strong><\/p>\n<p>\u00a0<\/p>","protected":false},"excerpt":{"rendered":"<p>This Green and Yellow Natural Type A Jadeite Pendant Necklace is the perfect accessory for those looking to add a touch of elegance to their outfit. Crafted with Ruyi and Beetle, this necklace is not only stylish but also symbolizes a steady flow of wealth, protection from danger, safety and health. \u00a0 Certificate numbers: 920660024521 [&hellip;]<\/p>","protected":false},"featured_media":3917,"comment_status":"open","ping_status":"closed","template":"","meta":[],"product_brand":[],"product_cat":[195],"product_tag":[],"class_list":{"0":"post-1377","1":"product","2":"type-product","3":"status-publish","4":"has-post-thumbnail","6":"product_cat-heirloom-grade","8":"first","9":"instock","10":"sale","11":"shipping-taxable","12":"purchasable","13":"product-type-simple"},"_links":{"self":[{"href":"https:\/\/shop.yipinqian.com\/fr\/wp-json\/wp\/v2\/product\/1377","targetHints":{"allow":["GET"]}}],"collection":[{"href":"https:\/\/shop.yipinqian.com\/fr\/wp-json\/wp\/v2\/product"}],"about":[{"href":"https:\/\/shop.yipinqian.com\/fr\/wp-json\/wp\/v2\/types\/product"}],"replies":[{"embeddable":true,"href":"https:\/\/shop.yipinqian.com\/fr\/wp-json\/wp\/v2\/comments?post=1377"}],"version-history":[{"count":0,"href":"https:\/\/shop.yipinqian.com\/fr\/wp-json\/wp\/v2\/product\/1377\/revisions"}],"wp:featuredmedia":[{"embeddable":true,"href":"https:\/\/shop.yipinqian.com\/fr\/wp-json\/wp\/v2\/media\/3917"}],"wp:attachment":[{"href":"https:\/\/shop.yipinqian.com\/fr\/wp-json\/wp\/v2\/media?parent=1377"}],"wp:term":[{"taxonomy":"product_brand","embeddable":true,"href":"https:\/\/shop.yipinqian.com\/fr\/wp-json\/wp\/v2\/product_brand?post=1377"},{"taxonomy":"product_cat","embeddable":true,"href":"https:\/\/shop.yipinqian.com\/fr\/wp-json\/wp\/v2\/product_cat?post=1377"},{"taxonomy":"product_tag","embeddable":true,"href":"https:\/\/shop.yipinqian.com\/fr\/wp-json\/wp\/v2\/product_tag?post=1377"}],"curies":[{"name":"wp","href":"https:\/\/api.w.org\/{rel}","templated":true}]}}