{"id":1376,"date":"2024-10-24T23:18:47","date_gmt":"2024-10-24T15:18:47","guid":{"rendered":"https:\/\/shop.yipinqian.com\/product\/green-and-purle-unique-and-stylish-natural-type-a-jadeite-pendant-crafted-with-dragon-come-with-qic-approved-labs-certificate-weight-19-20-grams-34-24-2-11-6-mm-very-suitable-for-daily-wear-or-collect\/"},"modified":"2025-02-24T00:49:55","modified_gmt":"2025-02-23T16:49:55","slug":"green-and-purle-unique-and-stylish-natural-type-a-jadeite-pendant-crafted-with-dragon-come-with-qic-approved-labs-certificate-weight-19-20-grams-34-24-2-11-6-mm-very-suitable-for-daily-wear-or-collect","status":"publish","type":"product","link":"https:\/\/shop.yipinqian.com\/fr\/produit\/green-and-purle-unique-and-stylish-natural-type-a-jadeite-pendant-crafted-with-dragon-come-with-qic-approved-labs-certificate-weight-19-20-grams-34-24-2-11-6-mm-very-suitable-for-daily-wear-or-collect\/","title":{"rendered":"Pendentif en jad\u00e9ite naturelle de type A unique et \u00e9l\u00e9gant, vert et violet, fabriqu\u00e9 avec du dragon, livr\u00e9 avec un certificat de laboratoire approuv\u00e9 par QIC, pesant 19,20 grammes, 34 * 24,2 * 11,6 mm, tr\u00e8s appropri\u00e9 pour un usage quotidien ou une collection (pendentif 112)"},"content":{"rendered":"<p>This Green and Purple Natural Type A Jadeite pendant features a beautifully carved dragon, making it a unique and stylish addition to any jewelry collection. With its QIC approved labs certificate, you can be confident in the authenticity of this piece.<\/p>\n<ul>\n<li>\n<strong>Poids:<\/strong> 19.20 grams<\/li>\n<li>\n<strong>Dimensions:<\/strong> 34 * 24.2 * 11.6 mm<\/li>\n<li>\n<strong>Type de jade :<\/strong> Jad\u00e9ite<\/li>\n<li>\n<strong>Certificat inclus :<\/strong> Oui<\/li>\n<\/ul>\n<p><strong>Certificate numbers: SD24041205695<\/strong><\/p>\n<p><img fetchpriority=\"high\" decoding=\"async\" height=\"1080\" src=\"https:\/\/shop.yipinqian.com\/wp-content\/uploads\/2024\/10\/a45b9655d49e3c49035185cdb72c545a.jpg?from=476444299\" width=\"1080\"><\/p>\n<p>This pendant is not just for special occasions &#8211; it is also perfect for daily wear! The casual necklace style makes it a versatile accessory that can be worn with any outfit.<\/p>\n<p>This unique piece of jewelry originated from Myanmar and is suitable for both men and women to wear or collect &#8211; making it an excellent gift idea! Please note that this item does not come with a warranty.<\/p>\n<p>\u00a0<\/p>\n<p>Yi Pin Qian \u2013 N\u00e9gociant en pierres pr\u00e9cieuses et m\u00e9taux pr\u00e9cieux \u00e0 Singapour \u2013 Num\u00e9ro de licence PS20190000031<\/p>\n<p>\u00a0<\/p>\n<p>*Toutes les jad\u00e9ites achet\u00e9es chez Yi Pin Qian \u00e0 Singapour, les clients peuvent r\u00e9server des cr\u00e9neaux pour le polissage ou une r\u00e9paration mineure en cas de mauvaise manipulation - des frais s&#039;appliquent et uniquement pour les clients de Yi Pin Qian \u00e0 Singapour*<\/p>\n<p>\u00a0<\/p>\n<p><strong>**Types de certificats**<\/strong><\/p>\n<p>\u00a0<\/p>\n<p><strong>NGI (Nan Yang Gemmologie)<\/strong><\/p>\n<p>ou <strong>Certificats \u00e9trangers <\/strong>(Yi Pin Qian utilise uniquement des certificats authentiques provenant de laboratoires \u00e9trangers et contr\u00f4le \u00e9galement la qualit\u00e9 de chacun de nos produits avant de les mettre en vente \u00e0 Singapour)<\/p>\n<p>\u00a0<\/p>\n<p>Chaque produit sur TikTok aura le type de certificat fourni indiqu\u00e9 dans la description. Pour tout client souhaitant envoyer sa commande \u00e0 NGI Singapore, il y aura un d\u00e9lai d&#039;attente pour la livraison de la commande estim\u00e9 \u00e0 environ 4 semaines pour recevoir votre commande. <strong>Les demandes de rapport sur les pierres pr\u00e9cieuses NGI doivent \u00eatre effectu\u00e9es en envoyant un message \u00e0 la boutique TikTok de Yi Pin Qian.<\/strong> Merci, <strong><u>des frais suppl\u00e9mentaires s&#039;appliquent<\/u><\/strong>.<\/p>","protected":false},"excerpt":{"rendered":"<p>This Green and Purple Natural Type A Jadeite pendant features a beautifully carved dragon, making it a unique and stylish addition to any jewelry collection. With its QIC approved labs certificate, you can be confident in the authenticity of this piece. Weight: 19.20 grams Dimensions: 34 * 24.2 * 11.6 mm Jade Type: Jadeite Certificate [&hellip;]<\/p>","protected":false},"featured_media":3909,"comment_status":"open","ping_status":"closed","template":"","meta":[],"product_brand":[],"product_cat":[194],"product_tag":[],"class_list":{"0":"post-1376","1":"product","2":"type-product","3":"status-publish","4":"has-post-thumbnail","6":"product_cat-value-picks","8":"first","9":"instock","10":"sale","11":"shipping-taxable","12":"purchasable","13":"product-type-simple"},"_links":{"self":[{"href":"https:\/\/shop.yipinqian.com\/fr\/wp-json\/wp\/v2\/product\/1376","targetHints":{"allow":["GET"]}}],"collection":[{"href":"https:\/\/shop.yipinqian.com\/fr\/wp-json\/wp\/v2\/product"}],"about":[{"href":"https:\/\/shop.yipinqian.com\/fr\/wp-json\/wp\/v2\/types\/product"}],"replies":[{"embeddable":true,"href":"https:\/\/shop.yipinqian.com\/fr\/wp-json\/wp\/v2\/comments?post=1376"}],"version-history":[{"count":0,"href":"https:\/\/shop.yipinqian.com\/fr\/wp-json\/wp\/v2\/product\/1376\/revisions"}],"wp:featuredmedia":[{"embeddable":true,"href":"https:\/\/shop.yipinqian.com\/fr\/wp-json\/wp\/v2\/media\/3909"}],"wp:attachment":[{"href":"https:\/\/shop.yipinqian.com\/fr\/wp-json\/wp\/v2\/media?parent=1376"}],"wp:term":[{"taxonomy":"product_brand","embeddable":true,"href":"https:\/\/shop.yipinqian.com\/fr\/wp-json\/wp\/v2\/product_brand?post=1376"},{"taxonomy":"product_cat","embeddable":true,"href":"https:\/\/shop.yipinqian.com\/fr\/wp-json\/wp\/v2\/product_cat?post=1376"},{"taxonomy":"product_tag","embeddable":true,"href":"https:\/\/shop.yipinqian.com\/fr\/wp-json\/wp\/v2\/product_tag?post=1376"}],"curies":[{"name":"wp","href":"https:\/\/api.w.org\/{rel}","templated":true}]}}