{"id":1375,"date":"2024-10-24T23:18:46","date_gmt":"2024-10-24T15:18:46","guid":{"rendered":"https:\/\/shop.yipinqian.com\/product\/green-and-lavender-icy-translucent-crafted-with-bat-and-chinese-old-school-patterns-natural-type-a-jadeite-with-certificate-included-weigh-30-17-grams-63-3-35-5-7-mm-suitable-for-daily-wear-or-collect\/"},"modified":"2025-02-24T01:34:20","modified_gmt":"2025-02-23T17:34:20","slug":"green-and-lavender-icy-translucent-crafted-with-bat-and-chinese-old-school-patterns-natural-type-a-jadeite-with-certificate-included-weigh-30-17-grams-63-3-35-5-7-mm-suitable-for-daily-wear-or-collect","status":"publish","type":"product","link":"https:\/\/shop.yipinqian.com\/fr\/produit\/green-and-lavender-icy-translucent-crafted-with-bat-and-chinese-old-school-patterns-natural-type-a-jadeite-with-certificate-included-weigh-30-17-grams-63-3-35-5-7-mm-suitable-for-daily-wear-or-collect\/","title":{"rendered":"Vert et lavande glac\u00e9 translucide Fabriqu\u00e9 avec des motifs de chauve-souris et de vieille \u00e9cole chinoise Jad\u00e9ite naturelle de type A avec certificat inclus p\u00e8se 30,17 grammes, 63,3 * 35,5 * 7 mm, convient \u00e0 un usage quotidien ou \u00e0 des collections"},"content":{"rendered":"<p>Ce collier en jade translucide glac\u00e9 vert et lavande est un ajout \u00e9tonnant \u00e0 toute collection de bijoux. Fabriqu\u00e9e avec des motifs complexes de chauve-souris et de vieille \u00e9cole chinoise, cette pi\u00e8ce en jad\u00e9ite naturelle de type A ne manquera pas de faire tourner les t\u00eates.<\/p>\n<ul>\n<li>\n<strong>Conception translucide :<\/strong> Les teintes vert glac\u00e9 et lavande de ce collier en jade cr\u00e9ent un effet translucide fascinant, ajoutant de la profondeur et de la dimension.<\/li>\n<li>\n<strong>Pertinence:<\/strong> Pesant 30,17 grammes avec des dimensions de 63,3 * 35,5 * 7 mm, cette pi\u00e8ce convient au port quotidien ou aux collections.<\/li>\n<li>\n<strong>Certificat inclus :<\/strong> Ce collier est accompagn\u00e9 d&#039;un certificat attestant de son authenticit\u00e9 en tant que jad\u00e9ite naturelle de type A<\/li>\n<\/ul>\n<p><strong>Num\u00e9ros de certificat : GD2205H004657<\/strong><\/p>\n<p><img fetchpriority=\"high\" decoding=\"async\" height=\"1080\" src=\"https:\/\/shop.yipinqian.com\/wp-content\/uploads\/2024\/10\/33cd506e738690d19024228008821265.jpg?from=476444299\" width=\"1080\"><\/p>\n<ul>\n<li>\n<strong>Style \u00e9l\u00e9gant :<\/strong> Le style \u00e9l\u00e9gant du collier le rend parfait pour les occasions formelles ou d\u00e9contract\u00e9es.<\/li>\n<\/ul>\n<p>Cette pi\u00e8ce unisexe constitue \u00e9galement le cadeau parfait pour cette personne sp\u00e9ciale dans votre vie qui appr\u00e9cie la beaut\u00e9 intemporelle des accessoires et d\u00e9riv\u00e9s de bijoux en jade.<\/p>\n<p>.<\/p>\n<p>Yi Pin Qian \u2013 N\u00e9gociant en pierres pr\u00e9cieuses et m\u00e9taux pr\u00e9cieux \u00e0 Singapour \u2013 Num\u00e9ro de licence PS20190000031<\/p>\n<p>\u00a0<\/p>\n<p>*Toutes les jad\u00e9ites achet\u00e9es chez Yi Pin Qian \u00e0 Singapour, les clients peuvent r\u00e9server des cr\u00e9neaux pour le polissage ou une r\u00e9paration mineure en cas de mauvaise manipulation - des frais s&#039;appliquent et uniquement pour les clients de Yi Pin Qian \u00e0 Singapour*<\/p>\n<p>\u00a0<\/p>\n<p><strong>**Types de certificats**<\/strong><\/p>\n<p>\u00a0<\/p>\n<p><strong>NGI (Nan Yang Gemmologie)<\/strong><\/p>\n<p>ou <strong>Certificats \u00e9trangers <\/strong>(Yi Pin Qian utilise uniquement des certificats authentiques provenant de laboratoires \u00e9trangers et contr\u00f4le \u00e9galement la qualit\u00e9 de chacun de nos produits avant de les mettre en vente \u00e0 Singapour)<\/p>\n<p>\u00a0<\/p>\n<p>Chaque produit sur TikTok aura le type de certificat fourni indiqu\u00e9 dans la description. Pour tout client souhaitant envoyer sa commande \u00e0 NGI Singapore, il y aura un d\u00e9lai d&#039;attente pour la livraison de la commande estim\u00e9 \u00e0 environ 4 semaines pour recevoir votre commande. <strong>Les demandes de rapport sur les pierres pr\u00e9cieuses NGI doivent \u00eatre effectu\u00e9es en envoyant un message \u00e0 la boutique TikTok de Yi Pin Qian.<\/strong> Merci, <strong><u>des frais suppl\u00e9mentaires s&#039;appliquent<\/u><\/strong>.<\/p>\n<p>\u00a0<\/p>\n<p><strong>La jad\u00e9ite naturelle n&#039;est pas parfaite, juste un petit rappel : notre jad\u00e9ite naturelle, comme toutes les belles choses de la nature, poss\u00e8de ses caract\u00e9ristiques et ses variations uniques. Nous invitons nos pr\u00e9cieux clients \u00e0 adopter ces variations naturelles. Bon shopping !<\/strong><\/p>\n<p>\u00a0<\/p>\n<p><strong><u>Aucune des photos et des s\u00e9quences vid\u00e9o n&#039;a \u00e9t\u00e9 filtr\u00e9e. Nous encourageons nos clients \u00e0 regarder \u00e9galement les vid\u00e9os d&#039;accompagnement pour une vue plus compl\u00e8te de nos produits<\/u><\/strong><\/p>","protected":false},"excerpt":{"rendered":"<p>This Green and Lavender Icy Translucent Jade Necklace is a stunning addition to any jewelry collection. Crafted with intricate Bat and Chinese Old School Patterns, this Natural Type A Jadeite piece is sure to turn heads. Translucent Design: The icy green and lavender hues of this jade necklace create a mesmerizing translucent effect, adding depth [&hellip;]<\/p>","protected":false},"featured_media":3899,"comment_status":"open","ping_status":"closed","template":"","meta":[],"product_brand":[],"product_cat":[196],"product_tag":[],"class_list":{"0":"post-1375","1":"product","2":"type-product","3":"status-publish","4":"has-post-thumbnail","6":"product_cat-vault-collection","8":"first","9":"instock","10":"sale","11":"shipping-taxable","12":"purchasable","13":"product-type-simple"},"_links":{"self":[{"href":"https:\/\/shop.yipinqian.com\/fr\/wp-json\/wp\/v2\/product\/1375","targetHints":{"allow":["GET"]}}],"collection":[{"href":"https:\/\/shop.yipinqian.com\/fr\/wp-json\/wp\/v2\/product"}],"about":[{"href":"https:\/\/shop.yipinqian.com\/fr\/wp-json\/wp\/v2\/types\/product"}],"replies":[{"embeddable":true,"href":"https:\/\/shop.yipinqian.com\/fr\/wp-json\/wp\/v2\/comments?post=1375"}],"version-history":[{"count":0,"href":"https:\/\/shop.yipinqian.com\/fr\/wp-json\/wp\/v2\/product\/1375\/revisions"}],"wp:featuredmedia":[{"embeddable":true,"href":"https:\/\/shop.yipinqian.com\/fr\/wp-json\/wp\/v2\/media\/3899"}],"wp:attachment":[{"href":"https:\/\/shop.yipinqian.com\/fr\/wp-json\/wp\/v2\/media?parent=1375"}],"wp:term":[{"taxonomy":"product_brand","embeddable":true,"href":"https:\/\/shop.yipinqian.com\/fr\/wp-json\/wp\/v2\/product_brand?post=1375"},{"taxonomy":"product_cat","embeddable":true,"href":"https:\/\/shop.yipinqian.com\/fr\/wp-json\/wp\/v2\/product_cat?post=1375"},{"taxonomy":"product_tag","embeddable":true,"href":"https:\/\/shop.yipinqian.com\/fr\/wp-json\/wp\/v2\/product_tag?post=1375"}],"curies":[{"name":"wp","href":"https:\/\/api.w.org\/{rel}","templated":true}]}}