{"id":13747,"date":"2024-11-23T21:21:55","date_gmt":"2024-11-23T13:21:55","guid":{"rendered":"https:\/\/shop.yipinqian.com\/new-arrival-high-quality-natural-type-a-jadeite-jade-crafted-as-enlightenment-18k-gold-pendant-certificate-weighs-3-09-grams-measurement-31-14-9-6-5-mm-18kp78\/"},"modified":"2025-01-09T01:12:40","modified_gmt":"2025-01-08T17:12:40","slug":"new-arrival-high-quality-natural-type-a-jadeite-jade-crafted-as-enlightenment-18k-gold-pendant-certificate-weighs-3-09-grams-measurement-31-14-9-6-5-mm-18kp78","status":"publish","type":"product","link":"https:\/\/shop.yipinqian.com\/fr\/produit\/new-arrival-high-quality-natural-type-a-jadeite-jade-crafted-as-enlightenment-18k-gold-pendant-certificate-weighs-3-09-grams-measurement-31-14-9-6-5-mm-18kp78\/","title":{"rendered":"Nouvel arrivage de jade jad\u00e9ite naturelle de type A de haute qualit\u00e9 fabriqu\u00e9 comme pendentif en or 18 carats de l&#039;Illumination, certificat pesant 3,09 grammes, mesurant 31 * 14,9 * 6,5 mm (18kp78)"},"content":{"rendered":"<p>Ce pendentif exquis pr\u00e9sente un nouveau jade jad\u00e9ite naturel de type A de haute qualit\u00e9, m\u00e9ticuleusement con\u00e7u comme un symbole des Lumi\u00e8res, serti d&#039;or 18 carats.<\/p>\n<p><\/p>\n<p>Num\u00e9ros de certificat : GD2204H015348<\/p>\n<p><\/p>\n<p>Or 18 carats : 1,5 gramme<\/p>\n<p>Diamants : 16 * 0,003 carats<\/p>\n<p>Avec taille de r\u00e9glage : 31 * 14,9 * 6,5 mm<\/p>\n<p>Jad\u00e9ite Taille : 24,2 * 8 * 4 mm<\/p>\n<p><img fetchpriority=\"high\" decoding=\"async\" src=\"https:\/\/shop.yipinqian.com\/wp-content\/uploads\/2024\/11\/fffb6e23414f4e2396e0a62ed47d3d53tplv-aphluv4xwc-origin-jpeg.jpeg?dr=15568&#038;nonce=19665&#038;refresh_token=88e23a261436fc0d3bc143f7edca0511&#038;from=476444299&#038;idc=my2&#038;ps=933b5bde&#038;shcp=9b759fb9&#038;shp=1c65f68b&#038;t=555f072d\" width=\"1080\" height=\"1080\"><\/p>\n<ul>\n<li>\n<strong>Mat\u00e9riel:<\/strong> Jade jad\u00e9ite de type A, or 18 carats<\/li>\n<li>\n<strong>P\u00e8se :<\/strong> 3,09 grammes<\/li>\n<li>\n<strong>Mesures:<\/strong> 31 * 14,9 * 6,5 mm<\/li>\n<li>\n<strong>Certificat:<\/strong> Oui (avec certificat)<\/li>\n<li><strong>Type de jade : jad\u00e9ite<\/strong><\/li>\n<li><strong>Collier de style d\u00e9contract\u00e9 pour le genre unisexe adapt\u00e9 aux occasions propices.<\/strong><\/li>\n<\/ul>\n<p><img decoding=\"async\" src=\"https:\/\/shop.yipinqian.com\/wp-content\/uploads\/2024\/11\/7b51f6036d454fe2917c81a8c9b381dctplv-aphluv4xwc-origin-jpeg.jpeg?dr=15568&#038;nonce=63919&#038;refresh_token=cec0d4c2f95e016d31d37f0bd8a1aafc&#038;from=476444299&#038;idc=my2&#038;ps=933b5bde&#038;shcp=9b759fb9&#038;shp=1c65f68b&#038;t=555f072d\" width=\"1080\" height=\"1080\"><\/p>\n<p><strong>Ce pendentif respire l&#039;\u00e9l\u00e9gance et la sophistication avec son jade de haute qualit\u00e9 et sa monture en or complexe. Parfait pour ajouter une touche de luxe \u00e0 n&#039;importe quelle tenue.<\/strong><\/p>\n<p><strong>Fabriqu\u00e9e avec une attention particuli\u00e8re aux d\u00e9tails au Myanmar, cette pi\u00e8ce met en valeur la beaut\u00e9 et le savoir-faire des accessoires de bijoux en jade.<\/strong><\/p>\n<p><strong>.<\/strong><\/p>\n<p><\/p>\n<p><strong>.<\/strong><\/p>","protected":false},"excerpt":{"rendered":"<p>This exquisite pendant features a New Arrival High Quality Natural Type A Jadeite Jade, meticulously crafted as an Enlightenment symbol, set in 18k gold. Certificate numbers: GD2204H015348 18k gold: 1.5 grams Diamonds: 16 * 0.003 Carats With Setting Size: 31 * 14.9 * 6.5 mm Jadeite Size: 24.2 * 8 * 4 mm Material: Type [&hellip;]<\/p>","protected":false},"featured_media":13813,"comment_status":"open","ping_status":"closed","template":"","meta":[],"product_brand":[],"product_cat":[120,83,126],"product_tag":[50,52,88,53,65,54,58,73,59,60,61,62],"class_list":{"0":"post-13747","1":"product","2":"type-product","3":"status-publish","4":"has-post-thumbnail","6":"product_cat-18k-gold-setting-pendants","7":"product_cat-jade-necklaces-pendants","8":"product_cat-new-arrivals","9":"product_tag-18k-gold","10":"product_tag-certified","11":"product_tag-diamonds","12":"product_tag-fine-quality","13":"product_tag-high-quality","14":"product_tag-icy","15":"product_tag-new-arrivals","16":"product_tag-pendant","17":"product_tag-translucent","18":"product_tag-type-a-jadeite","19":"product_tag-unisex","20":"product_tag-yi-pin-qian-exclusive","22":"first","23":"instock","24":"sale","25":"shipping-taxable","26":"purchasable","27":"product-type-simple"},"_links":{"self":[{"href":"https:\/\/shop.yipinqian.com\/fr\/wp-json\/wp\/v2\/product\/13747","targetHints":{"allow":["GET"]}}],"collection":[{"href":"https:\/\/shop.yipinqian.com\/fr\/wp-json\/wp\/v2\/product"}],"about":[{"href":"https:\/\/shop.yipinqian.com\/fr\/wp-json\/wp\/v2\/types\/product"}],"replies":[{"embeddable":true,"href":"https:\/\/shop.yipinqian.com\/fr\/wp-json\/wp\/v2\/comments?post=13747"}],"version-history":[{"count":0,"href":"https:\/\/shop.yipinqian.com\/fr\/wp-json\/wp\/v2\/product\/13747\/revisions"}],"wp:featuredmedia":[{"embeddable":true,"href":"https:\/\/shop.yipinqian.com\/fr\/wp-json\/wp\/v2\/media\/13813"}],"wp:attachment":[{"href":"https:\/\/shop.yipinqian.com\/fr\/wp-json\/wp\/v2\/media?parent=13747"}],"wp:term":[{"taxonomy":"product_brand","embeddable":true,"href":"https:\/\/shop.yipinqian.com\/fr\/wp-json\/wp\/v2\/product_brand?post=13747"},{"taxonomy":"product_cat","embeddable":true,"href":"https:\/\/shop.yipinqian.com\/fr\/wp-json\/wp\/v2\/product_cat?post=13747"},{"taxonomy":"product_tag","embeddable":true,"href":"https:\/\/shop.yipinqian.com\/fr\/wp-json\/wp\/v2\/product_tag?post=13747"}],"curies":[{"name":"wp","href":"https:\/\/api.w.org\/{rel}","templated":true}]}}