{"id":13732,"date":"2024-11-23T21:21:24","date_gmt":"2024-11-23T13:21:24","guid":{"rendered":"https:\/\/shop.yipinqian.com\/crafted-with-sceneries-pendant-on-light-green-natural-type-a-jadeite-jade-certificate-weighs-63-08-grams-measurement-68-5-41-1-10-7-mm-pendant350\/"},"modified":"2025-02-24T01:17:24","modified_gmt":"2025-02-23T17:17:24","slug":"crafted-with-sceneries-pendant-on-light-green-natural-type-a-jadeite-jade-certificate-weighs-63-08-grams-measurement-68-5-41-1-10-7-mm-pendant350","status":"publish","type":"product","link":"https:\/\/shop.yipinqian.com\/fr\/produit\/crafted-with-sceneries-pendant-on-light-green-natural-type-a-jadeite-jade-certificate-weighs-63-08-grams-measurement-68-5-41-1-10-7-mm-pendant350\/","title":{"rendered":"Fabriqu\u00e9 avec un pendentif Sceneries sur du jade jad\u00e9ite naturel de type A vert clair, le certificat p\u00e8se 63,08 grammes, mesure 68,5 * 41,1 * 10,7 mm (pendentif350)"},"content":{"rendered":"<p>Ce pendentif pr\u00e9sente un superbe design r\u00e9alis\u00e9 en jade jad\u00e9ite naturel de type A vert clair.<\/p>\n<p><\/p>\n<p>Num\u00e9ros de certificat : GD2202H004475<\/p>\n<p><img fetchpriority=\"high\" decoding=\"async\" src=\"https:\/\/shop.yipinqian.com\/wp-content\/uploads\/2024\/11\/3744f84ecca248dd92ba098724706b82tplv-aphluv4xwc-origin-jpeg.jpeg?dr=15568&#038;nonce=32849&#038;refresh_token=7da14566481a0f6ad694ea91781e9560&#038;from=476444299&#038;idc=my2&#038;ps=933b5bde&#038;shcp=9b759fb9&#038;shp=1c65f68b&#038;t=555f072d\" width=\"1080\" height=\"1080\"><\/p>\n<ul>\n<li>Conception unique : le pendentif est finement con\u00e7u avec des paysages, ce qui en fait une pi\u00e8ce unique et accrocheuse.<\/li>\n<li>Haute qualit\u00e9 : Fabriqu\u00e9 avec du jade jad\u00e9ite naturel de type A, garantissant qualit\u00e9 et authenticit\u00e9.<\/li>\n<li>Certificat Poids : Pesant 63,08 grammes, le pendentif est substantiel mais confortable \u00e0 porter.<\/li>\n<li>Mesure : Le pendentif mesure 68,5 * 41,1 * 10,7 mm, ce qui en fait une pi\u00e8ce de d\u00e9claration qui peut \u00eatre facilement mise en valeur.<\/li>\n<\/ul>\n<p><img decoding=\"async\" src=\"https:\/\/shop.yipinqian.com\/wp-content\/uploads\/2024\/11\/fb67056ced0141cb9cd1d4ab5da4f797tplv-aphluv4xwc-origin-jpeg.jpeg?dr=15568&#038;nonce=58158&#038;refresh_token=f306e1a676064ad36d59c0b61f2bc5f6&#038;from=476444299&#038;idc=my2&#038;ps=933b5bde&#038;shcp=9b759fb9&#038;shp=1c65f68b&#038;t=555f072d\" width=\"1080\" height=\"1080\"><\/p>\n<p>Yi Pin Qian \u2013 N\u00e9gociant en pierres pr\u00e9cieuses et m\u00e9taux pr\u00e9cieux \u00e0 Singapour \u2013 Num\u00e9ro de licence PS20190000031<\/p>\n<p><\/p>\n<p>*Toutes les jad\u00e9ites achet\u00e9es chez Yi Pin Qian \u00e0 Singapour, les clients peuvent r\u00e9server des cr\u00e9neaux pour le polissage ou une r\u00e9paration mineure en cas de mauvaise manipulation - des frais s&#039;appliquent et uniquement pour les clients de Yi Pin Qian \u00e0 Singapour*<\/p>\n<p><\/p>\n<p><strong>**Types de certificats**<\/strong><\/p>\n<p><\/p>\n<p><strong>NGI (Nan Yang Gemmologie)<\/strong><\/p>\n<p>ou <strong>Certificats \u00e9trangers <\/strong>(Yi Pin Qian utilise uniquement des certificats authentiques provenant de laboratoires \u00e9trangers et contr\u00f4le \u00e9galement la qualit\u00e9 de chacun de nos produits avant de les mettre en vente \u00e0 Singapour)<\/p>\n<p><\/p>\n<p>Chaque produit sur TikTok aura le type de certificat fourni indiqu\u00e9 dans la description. Pour tout client souhaitant envoyer sa commande \u00e0 NGI Singapore, il y aura un d\u00e9lai d&#039;attente pour la livraison de la commande estim\u00e9 \u00e0 environ 4 semaines pour recevoir votre commande. <strong>Les demandes de rapport NGI Gemstone doivent \u00eatre effectu\u00e9es en nous envoyant un message.<\/strong> Merci, <strong><u>des frais suppl\u00e9mentaires s&#039;appliquent<\/u><\/strong>.<\/p>\n<p><\/p>\n<p><strong>La jad\u00e9ite naturelle n&#039;est pas parfaite, juste un petit rappel : notre jad\u00e9ite naturelle, comme toutes les belles choses de la nature, poss\u00e8de ses caract\u00e9ristiques et ses variations uniques. Nous invitons nos pr\u00e9cieux clients \u00e0 adopter ces variations naturelles. Bon shopping !<\/strong><\/p>\n<p><\/p>\n<p><strong><u>Aucune des photos et des s\u00e9quences vid\u00e9o n&#039;a \u00e9t\u00e9 filtr\u00e9e. Nous encourageons nos clients \u00e0 regarder \u00e9galement les vid\u00e9os d&#039;accompagnement pour une vue plus compl\u00e8te de nos produits<\/u><\/strong><\/p>\n<p><\/p>\n<ul>\n<li>Diff\u00e9rentes plates-formes ne peuvent visionner des vid\u00e9os que via le bureau<\/li>\n<\/ul>","protected":false},"excerpt":{"rendered":"<p>This pendant features a stunning design crafted on light green natural Type A jadeite jade. Certificate numbers: GD2202H004475 Unique Design: The pendant is intricately crafted with sceneries, making it a unique and eye-catching piece. High Quality: Made with natural Type A jadeite jade, ensuring quality and authenticity. Certificate Weight: Weighing 63.08 grams, the pendant is [&hellip;]<\/p>","protected":false},"featured_media":13800,"comment_status":"open","ping_status":"closed","template":"","meta":[],"product_brand":[],"product_cat":[195],"product_tag":[65,55,82,58,60,61,62],"class_list":{"0":"post-13732","1":"product","2":"type-product","3":"status-publish","4":"has-post-thumbnail","6":"product_cat-heirloom-grade","7":"product_tag-high-quality","8":"product_tag-jadeite","9":"product_tag-light-green","10":"product_tag-new-arrivals","11":"product_tag-type-a-jadeite","12":"product_tag-unisex","13":"product_tag-yi-pin-qian-exclusive","15":"first","16":"instock","17":"sale","18":"shipping-taxable","19":"purchasable","20":"product-type-simple"},"_links":{"self":[{"href":"https:\/\/shop.yipinqian.com\/fr\/wp-json\/wp\/v2\/product\/13732","targetHints":{"allow":["GET"]}}],"collection":[{"href":"https:\/\/shop.yipinqian.com\/fr\/wp-json\/wp\/v2\/product"}],"about":[{"href":"https:\/\/shop.yipinqian.com\/fr\/wp-json\/wp\/v2\/types\/product"}],"replies":[{"embeddable":true,"href":"https:\/\/shop.yipinqian.com\/fr\/wp-json\/wp\/v2\/comments?post=13732"}],"version-history":[{"count":0,"href":"https:\/\/shop.yipinqian.com\/fr\/wp-json\/wp\/v2\/product\/13732\/revisions"}],"wp:featuredmedia":[{"embeddable":true,"href":"https:\/\/shop.yipinqian.com\/fr\/wp-json\/wp\/v2\/media\/13800"}],"wp:attachment":[{"href":"https:\/\/shop.yipinqian.com\/fr\/wp-json\/wp\/v2\/media?parent=13732"}],"wp:term":[{"taxonomy":"product_brand","embeddable":true,"href":"https:\/\/shop.yipinqian.com\/fr\/wp-json\/wp\/v2\/product_brand?post=13732"},{"taxonomy":"product_cat","embeddable":true,"href":"https:\/\/shop.yipinqian.com\/fr\/wp-json\/wp\/v2\/product_cat?post=13732"},{"taxonomy":"product_tag","embeddable":true,"href":"https:\/\/shop.yipinqian.com\/fr\/wp-json\/wp\/v2\/product_tag?post=13732"}],"curies":[{"name":"wp","href":"https:\/\/api.w.org\/{rel}","templated":true}]}}