{"id":13730,"date":"2024-11-23T21:21:21","date_gmt":"2024-11-23T13:21:21","guid":{"rendered":"https:\/\/shop.yipinqian.com\/crafted-as-pixiu-on-natural-type-a-jadeite-jade-set-on-18k-gold-as-ring-finger-size-15-5-mm-certificate-weighs-2-81-grams-measurement-13-2-9-3-6-mm-18kring34\/"},"modified":"2025-02-24T00:49:48","modified_gmt":"2025-02-23T16:49:48","slug":"crafted-as-pixiu-on-natural-type-a-jadeite-jade-set-on-18k-gold-as-ring-finger-size-15-5-mm-certificate-weighs-2-81-grams-measurement-13-2-9-3-6-mm-18kring34","status":"publish","type":"product","link":"https:\/\/shop.yipinqian.com\/fr\/produit\/crafted-as-pixiu-on-natural-type-a-jadeite-jade-set-on-18k-gold-as-ring-finger-size-15-5-mm-certificate-weighs-2-81-grams-measurement-13-2-9-3-6-mm-18kring34\/","title":{"rendered":"Fabriqu\u00e9 en Pixiu sur du jade jad\u00e9ite naturel de type A serti sur de l&#039;or 18 carats comme bague - Taille de doigt 15,5 mm - le certificat p\u00e8se 2,81 grammes, mesure 13,2 * 9,3 * 6 mm (18kring34)"},"content":{"rendered":"<p>This exquisite ring features a Pixiu design crafted on natural Type A Jadeite Jade, set on 18k gold for a luxurious touch.<\/p>\n<p><\/p>\n<p>Certificte numbers: GD2110H014383<\/p>\n<p>Or 18 carats : 1,46 gramme<\/p>\n<p>Diamonds: 2 * 0.005<\/p>\n<p>Cabochon Size: 13.2 * 9.3 * 6 mm<\/p>\n<p>Taille des doigts : 15,5 mm<\/p>\n<p><img fetchpriority=\"high\" decoding=\"async\" src=\"https:\/\/shop.yipinqian.com\/wp-content\/uploads\/2024\/11\/d41b7ba7d0584fbc9976d92f38b1d5f7tplv-aphluv4xwc-origin-jpeg.jpeg?dr=15568&#038;nonce=58909&#038;refresh_token=976e3d2d736ffeef1107d3202b308d7b&#038;from=476444299&#038;idc=my2&#038;ps=933b5bde&#038;shcp=9b759fb9&#038;shp=1c65f68b&#038;t=555f072d\" width=\"1200\" height=\"1600\"><\/p>\n<ul>\n<li>\n<strong>Mat\u00e9riel:<\/strong> The secondary material is diamond and the setting material is PT\/Carat Gold.<\/li>\n<li><strong>Attributs:<\/strong><\/li>\n<li>Taille des doigts : 15,5 mm<\/li>\n<li>Weighs: 2.81 grams<\/li>\n<li>Measurement: 13.2 * 9.3 * 6 mm<\/li>\n<li>Certificat inclus : Oui (avec certificat)<\/li>\n<\/ul>\n<p><img decoding=\"async\" src=\"https:\/\/shop.yipinqian.com\/wp-content\/uploads\/2024\/11\/38a61c7704924a688823976bd4a6bc38tplv-aphluv4xwc-origin-jpeg.jpeg?dr=15568&#038;nonce=87523&#038;refresh_token=d816296164a1f5c2042f20163b6f4dbb&#038;from=476444299&#038;idc=my2&#038;ps=933b5bde&#038;shcp=9b759fb9&#038;shp=1c65f68b&#038;t=555f072d\" width=\"709\" height=\"598\"><\/p>\n<p>This stunning ring originates from Myanmar and is perfect for daily wear, making it a versatile piece for any occasion.<\/p>\n<ul>\n<li>\n<strong>Superbe design :<\/strong> The intricate Pixiu design symbolizes wealth and good fortune, making this ring not only a beautiful accessory but also carrying significant meaning.<\/li>\n<\/ul>","protected":false},"excerpt":{"rendered":"<p>This exquisite ring features a Pixiu design crafted on natural Type A Jadeite Jade, set on 18k gold for a luxurious touch. Certificte numbers: GD2110H014383 18k Gold: 1.46 grams Diamonds: 2 * 0.005 Cabochon Size: 13.2 * 9.3 * 6 mm Finger Size: 15.5 mm Material: The secondary material is diamond and the setting material [&hellip;]<\/p>","protected":false},"featured_media":13787,"comment_status":"open","ping_status":"closed","template":"","meta":[],"product_brand":[],"product_cat":[194],"product_tag":[50,64,52,72,65,66,55,58,85,59,60,62],"class_list":{"0":"post-13730","1":"product","2":"type-product","3":"status-publish","4":"has-post-thumbnail","6":"product_cat-value-picks","7":"product_tag-18k-gold","8":"product_tag-cabochon","9":"product_tag-certified","10":"product_tag-female","11":"product_tag-high-quality","12":"product_tag-jade-ring","13":"product_tag-jadeite","14":"product_tag-new-arrivals","15":"product_tag-pixiu","16":"product_tag-translucent","17":"product_tag-type-a-jadeite","18":"product_tag-yi-pin-qian-exclusive","20":"first","21":"instock","22":"sale","23":"shipping-taxable","24":"purchasable","25":"product-type-simple"},"_links":{"self":[{"href":"https:\/\/shop.yipinqian.com\/fr\/wp-json\/wp\/v2\/product\/13730","targetHints":{"allow":["GET"]}}],"collection":[{"href":"https:\/\/shop.yipinqian.com\/fr\/wp-json\/wp\/v2\/product"}],"about":[{"href":"https:\/\/shop.yipinqian.com\/fr\/wp-json\/wp\/v2\/types\/product"}],"replies":[{"embeddable":true,"href":"https:\/\/shop.yipinqian.com\/fr\/wp-json\/wp\/v2\/comments?post=13730"}],"version-history":[{"count":0,"href":"https:\/\/shop.yipinqian.com\/fr\/wp-json\/wp\/v2\/product\/13730\/revisions"}],"wp:featuredmedia":[{"embeddable":true,"href":"https:\/\/shop.yipinqian.com\/fr\/wp-json\/wp\/v2\/media\/13787"}],"wp:attachment":[{"href":"https:\/\/shop.yipinqian.com\/fr\/wp-json\/wp\/v2\/media?parent=13730"}],"wp:term":[{"taxonomy":"product_brand","embeddable":true,"href":"https:\/\/shop.yipinqian.com\/fr\/wp-json\/wp\/v2\/product_brand?post=13730"},{"taxonomy":"product_cat","embeddable":true,"href":"https:\/\/shop.yipinqian.com\/fr\/wp-json\/wp\/v2\/product_cat?post=13730"},{"taxonomy":"product_tag","embeddable":true,"href":"https:\/\/shop.yipinqian.com\/fr\/wp-json\/wp\/v2\/product_tag?post=13730"}],"curies":[{"name":"wp","href":"https:\/\/api.w.org\/{rel}","templated":true}]}}