{"id":1373,"date":"2024-10-24T23:18:45","date_gmt":"2024-10-24T15:18:45","guid":{"rendered":"https:\/\/shop.yipinqian.com\/product\/green-and-brown-two-colours-natural-type-a-jadeite-pendant-carved-as-dragon-with-certificate-weighs-33-15-grams-41-8-26-5-16-5-mm-meaning-power-and-dignity-spirit-of-courage-and-perseverance-prosperit\/"},"modified":"2025-02-17T00:01:36","modified_gmt":"2025-02-16T16:01:36","slug":"green-and-brown-two-colours-natural-type-a-jadeite-pendant-carved-as-dragon-with-certificate-weighs-33-15-grams-41-8-26-5-16-5-mm-meaning-power-and-dignity-spirit-of-courage-and-perseverance-prosperit","status":"publish","type":"product","link":"https:\/\/shop.yipinqian.com\/fr\/produit\/green-and-brown-two-colours-natural-type-a-jadeite-pendant-carved-as-dragon-with-certificate-weighs-33-15-grams-41-8-26-5-16-5-mm-meaning-power-and-dignity-spirit-of-courage-and-perseverance-prosperit\/","title":{"rendered":"Pendentif en jad\u00e9ite naturelle de type A bicolore vert et marron sculpt\u00e9 en forme de dragon avec certificat p\u00e8se 33,15 grammes, 41,8 * 26,5 * 16,5 mm, signifiant puissance et dignit\u00e9, esprit de courage et de pers\u00e9v\u00e9rance, prosp\u00e9rit\u00e9 et richesse (pendentif88)"},"content":{"rendered":"<p>This Green and Brown Two Colours Natural Type A Jadeite Pendant is expertly carved as a Dragon, symbolizing power and dignity, spirit of courage and perseverance, prosperity and wealth. Made from high-quality jadeite weighing 33.15 grams with dimensions of 41.8 * 26.5 * 16.5 mm, this pendant exudes elegance in its natural beauty.<\/p>\n<ul>\n<li>Powerful Dragon Carving<\/li>\n<li>Jad\u00e9ite naturelle de type A<\/li>\n<li>33.15 Grams Weight<\/li>\n<li>41.8 * 26.5 *16 .5 mm Dimensions<\/li>\n<\/ul>\n<p>This pendant comes with a certificate of authenticity<\/p>\n<ul>\n<li>Certificate of Authenticity Included<\/li>\n<\/ul>\n<p><strong>Certificate numbers: GD2112HD017951<\/strong><\/p>\n<p><img fetchpriority=\"high\" decoding=\"async\" height=\"1080\" src=\"https:\/\/shop.yipinqian.com\/wp-content\/uploads\/2024\/10\/52170aba747fd2e94c4d3a3a4be5ca48.jpg?from=476444299\" width=\"1080\"><img decoding=\"async\" height=\"1080\" src=\"https:\/\/shop.yipinqian.com\/wp-content\/uploads\/2024\/10\/4cc16c7a0adb234c8d33a7bf76918c54.jpg?from=476444299\" width=\"1080\"><\/p>\n<ul>\n<li>Jadeite Origin: Myanmar<\/li>\n<\/ul>\n<p>\u00a0<\/p>\n<p>The perfect accessory for everyday wear for both men and women alike with its casual necklace style makes it versatile to wear on any occasion.<\/p>\n<p>\u00a0<\/p>\n<ul>\n<li>Collier style d\u00e9contract\u00e9<\/li>\n<li>Suitable For Daily Wear Unisex Design For Men And Women<\/li>\n<\/ul>\n<p>Note: Warranty is not applicable to this product<\/p>\n<p>\u00a0<\/p>\n<p>Yi Pin Qian \u2013 N\u00e9gociant en pierres pr\u00e9cieuses et m\u00e9taux pr\u00e9cieux \u00e0 Singapour \u2013 Num\u00e9ro de licence PS20190000031<\/p>\n<p>\u00a0<\/p>\n<p>*Toutes les jad\u00e9ites achet\u00e9es chez Yi Pin Qian \u00e0 Singapour, les clients peuvent r\u00e9server des cr\u00e9neaux pour le polissage ou une r\u00e9paration mineure en cas de mauvaise manipulation - des frais s&#039;appliquent et uniquement pour les clients de Yi Pin Qian \u00e0 Singapour*<\/p>\n<p>\u00a0<\/p>\n<p><strong>**Types de certificats**<\/strong><\/p>\n<p>\u00a0<\/p>\n<p><strong>NGI (Nan Yang Gemmologie)<\/strong><\/p>\n<p>ou <strong>Certificats \u00e9trangers <\/strong>(Yi Pin Qian utilise uniquement des certificats authentiques provenant de laboratoires \u00e9trangers et contr\u00f4le \u00e9galement la qualit\u00e9 de chacun de nos produits avant de les mettre en vente \u00e0 Singapour)<\/p>\n<p>\u00a0<\/p>\n<p>Chaque produit sur TikTok aura le type de certificat fourni indiqu\u00e9 dans la description. Pour tout client souhaitant envoyer sa commande \u00e0 NGI Singapore, il y aura un d\u00e9lai d&#039;attente pour la livraison de la commande estim\u00e9 \u00e0 environ 4 semaines pour recevoir votre commande. <strong>Les demandes de rapport sur les pierres pr\u00e9cieuses NGI doivent \u00eatre effectu\u00e9es en envoyant un message \u00e0 la boutique TikTok de Yi Pin Qian.<\/strong> Merci, <strong><u>des frais suppl\u00e9mentaires s&#039;appliquent<\/u><\/strong>.<\/p>\n<p>\u00a0<\/p>\n<p>.<\/p>","protected":false},"excerpt":{"rendered":"<p>This Green and Brown Two Colours Natural Type A Jadeite Pendant is expertly carved as a Dragon, symbolizing power and dignity, spirit of courage and perseverance, prosperity and wealth. Made from high-quality jadeite weighing 33.15 grams with dimensions of 41.8 * 26.5 * 16.5 mm, this pendant exudes elegance in its natural beauty. Powerful Dragon [&hellip;]<\/p>","protected":false},"featured_media":3889,"comment_status":"open","ping_status":"closed","template":"","meta":[],"product_brand":[],"product_cat":[48],"product_tag":[],"class_list":{"0":"post-1373","1":"product","2":"type-product","3":"status-publish","4":"has-post-thumbnail","6":"product_cat-pendants","8":"first","9":"instock","10":"sale","11":"shipping-taxable","12":"purchasable","13":"product-type-simple"},"_links":{"self":[{"href":"https:\/\/shop.yipinqian.com\/fr\/wp-json\/wp\/v2\/product\/1373","targetHints":{"allow":["GET"]}}],"collection":[{"href":"https:\/\/shop.yipinqian.com\/fr\/wp-json\/wp\/v2\/product"}],"about":[{"href":"https:\/\/shop.yipinqian.com\/fr\/wp-json\/wp\/v2\/types\/product"}],"replies":[{"embeddable":true,"href":"https:\/\/shop.yipinqian.com\/fr\/wp-json\/wp\/v2\/comments?post=1373"}],"version-history":[{"count":0,"href":"https:\/\/shop.yipinqian.com\/fr\/wp-json\/wp\/v2\/product\/1373\/revisions"}],"wp:featuredmedia":[{"embeddable":true,"href":"https:\/\/shop.yipinqian.com\/fr\/wp-json\/wp\/v2\/media\/3889"}],"wp:attachment":[{"href":"https:\/\/shop.yipinqian.com\/fr\/wp-json\/wp\/v2\/media?parent=1373"}],"wp:term":[{"taxonomy":"product_brand","embeddable":true,"href":"https:\/\/shop.yipinqian.com\/fr\/wp-json\/wp\/v2\/product_brand?post=1373"},{"taxonomy":"product_cat","embeddable":true,"href":"https:\/\/shop.yipinqian.com\/fr\/wp-json\/wp\/v2\/product_cat?post=1373"},{"taxonomy":"product_tag","embeddable":true,"href":"https:\/\/shop.yipinqian.com\/fr\/wp-json\/wp\/v2\/product_tag?post=1373"}],"curies":[{"name":"wp","href":"https:\/\/api.w.org\/{rel}","templated":true}]}}