{"id":13729,"date":"2024-11-23T21:21:19","date_gmt":"2024-11-23T13:21:19","guid":{"rendered":"https:\/\/shop.yipinqian.com\/crafted-as-lion-pendant-on-natural-type-a-jadeite-jade-with-qic-approved-labs-certificate-weighs-14-65-grams-measurement-28-1-14-8-15-mm-pendant348\/"},"modified":"2025-01-09T01:13:19","modified_gmt":"2025-01-08T17:13:19","slug":"crafted-as-lion-pendant-on-natural-type-a-jadeite-jade-with-qic-approved-labs-certificate-weighs-14-65-grams-measurement-28-1-14-8-15-mm-pendant348","status":"publish","type":"product","link":"https:\/\/shop.yipinqian.com\/fr\/produit\/crafted-as-lion-pendant-on-natural-type-a-jadeite-jade-with-qic-approved-labs-certificate-weighs-14-65-grams-measurement-28-1-14-8-15-mm-pendant348\/","title":{"rendered":"Fabriqu\u00e9 en pendentif lion sur jade jad\u00e9ite naturel de type A avec certificat de laboratoire approuv\u00e9 par QIC p\u00e8se 14,65 grammes, mesure 28,1 * 14,8 * 15 mm (pendentif348)"},"content":{"rendered":"<p>Ce pendentif lion fabriqu\u00e9 en jade jad\u00e9ite naturel de type A est un superbe bijou qui respire l&#039;\u00e9l\u00e9gance et la sophistication.<\/p>\n<p><\/p>\n<p>Num\u00e9ros de certificats : 5924022002372<\/p>\n<p><img fetchpriority=\"high\" decoding=\"async\" src=\"https:\/\/shop.yipinqian.com\/wp-content\/uploads\/2024\/11\/0049608f2a08437ea773b6ea7075d811tplv-aphluv4xwc-origin-jpeg.jpeg?dr=15568&#038;nonce=93261&#038;refresh_token=2913d76f6e0afa0f042a93dbc76f57ac&#038;from=476444299&#038;idc=my2&#038;ps=933b5bde&#038;shcp=9b759fb9&#038;shp=1c65f68b&#038;t=555f072d\" width=\"1200\" height=\"1600\"><\/p>\n<ul>\n<li>\n<strong>Poids et mesures :<\/strong> Pesant 14,65 grammes, ce pendentif a des dimensions de 28,1 * 14,8 * 15 mm, ce qui en fait un accessoire substantiel mais portable.<\/li>\n<li>\n<strong>Qualit\u00e9 assur\u00e9e :<\/strong> Ce pendentif exquis est livr\u00e9 avec un certificat des laboratoires approuv\u00e9s par QIC, garantissant son authenticit\u00e9 et sa qualit\u00e9.<\/li>\n<li>\n<strong>Origine du Jade :<\/strong> Originaire du Myanmar, cette pi\u00e8ce met en valeur la beaut\u00e9 de l&#039;artisanat du jade birman.<\/li>\n<\/ul>\n<p><img decoding=\"async\" src=\"https:\/\/shop.yipinqian.com\/wp-content\/uploads\/2024\/11\/5385a407987346fabf9e138d0c816ce3tplv-aphluv4xwc-origin-jpeg.jpeg?dr=15568&#038;nonce=97594&#038;refresh_token=1b7e27ecd29416213beb56f8a199182e&#038;from=476444299&#038;idc=my2&#038;ps=933b5bde&#038;shcp=9b759fb9&#038;shp=1c65f68b&#038;t=555f072d\" width=\"1536\" height=\"2048\"><\/p>\n<p>Adapt\u00e9 \u00e0 un usage quotidien, ce pendentif lion en jade jad\u00e9ite naturelle de type A est con\u00e7u pour compl\u00e9ter n&#039;importe quelle tenue sans effort. Son design unisexe en fait un accessoire polyvalent pour tous ceux qui cherchent \u00e0 ajouter une touche de sophistication \u00e0 leur ensemble sans compromettre le style.<\/p>\n<ul>\n<li>\n<strong>Type de jade :<\/strong> Fabriqu\u00e9 \u00e0 partir de jad\u00e9ite de haute qualit\u00e9, connue pour ses couleurs \u00e9poustouflantes et sa durabilit\u00e9<\/li>\n<li><strong>Style de collier :<\/strong><\/li>\n<\/ul>\n<p><strong>La jad\u00e9ite naturelle n&#039;est pas parfaite, juste un petit rappel : notre jad\u00e9ite naturelle, comme toutes les belles choses de la nature, poss\u00e8de ses caract\u00e9ristiques et ses variations uniques. Nous invitons nos pr\u00e9cieux clients \u00e0 adopter ces variations naturelles. Bon shopping !<\/strong><\/p>\n<p><\/p>\n<p><strong><u>Aucune des photos et des s\u00e9quences vid\u00e9o n&#039;a \u00e9t\u00e9 filtr\u00e9e. Nous encourageons nos clients \u00e0 regarder \u00e9galement les vid\u00e9os d&#039;accompagnement pour une vue plus compl\u00e8te de nos produits<\/u><\/strong><\/p>\n<p><\/p>\n<ul>\n<li>Diff\u00e9rentes plates-formes ne peuvent visionner des vid\u00e9os que via le bureau<\/li>\n<\/ul>","protected":false},"excerpt":{"rendered":"<p>This Lion Pendant crafted on Natural Type A Jadeite Jade is a stunning piece of jewelry that exudes elegance and sophistication. Certificate numbers: 5924022002372 Weight and Measurement: Weighing 14.65 grams, this pendant has dimensions of 28.1 * 14.8 * 15 mm, making it a substantial yet wearable accessory. Quality Assured: This exquisite pendant comes with [&hellip;]<\/p>","protected":false},"featured_media":13774,"comment_status":"open","ping_status":"closed","template":"","meta":[],"product_brand":[],"product_cat":[83,126,48],"product_tag":[139,52,55,175,58,73,74,60,61],"class_list":{"0":"post-13729","1":"product","2":"type-product","3":"status-publish","4":"has-post-thumbnail","6":"product_cat-jade-necklaces-pendants","7":"product_cat-new-arrivals","8":"product_cat-pendants","9":"product_tag-brown","10":"product_tag-certified","11":"product_tag-jadeite","12":"product_tag-lion","13":"product_tag-new-arrivals","14":"product_tag-pendant","15":"product_tag-qic-approved-certificate","16":"product_tag-type-a-jadeite","17":"product_tag-unisex","19":"first","20":"instock","21":"sale","22":"shipping-taxable","23":"purchasable","24":"product-type-simple"},"_links":{"self":[{"href":"https:\/\/shop.yipinqian.com\/fr\/wp-json\/wp\/v2\/product\/13729","targetHints":{"allow":["GET"]}}],"collection":[{"href":"https:\/\/shop.yipinqian.com\/fr\/wp-json\/wp\/v2\/product"}],"about":[{"href":"https:\/\/shop.yipinqian.com\/fr\/wp-json\/wp\/v2\/types\/product"}],"replies":[{"embeddable":true,"href":"https:\/\/shop.yipinqian.com\/fr\/wp-json\/wp\/v2\/comments?post=13729"}],"version-history":[{"count":0,"href":"https:\/\/shop.yipinqian.com\/fr\/wp-json\/wp\/v2\/product\/13729\/revisions"}],"wp:featuredmedia":[{"embeddable":true,"href":"https:\/\/shop.yipinqian.com\/fr\/wp-json\/wp\/v2\/media\/13774"}],"wp:attachment":[{"href":"https:\/\/shop.yipinqian.com\/fr\/wp-json\/wp\/v2\/media?parent=13729"}],"wp:term":[{"taxonomy":"product_brand","embeddable":true,"href":"https:\/\/shop.yipinqian.com\/fr\/wp-json\/wp\/v2\/product_brand?post=13729"},{"taxonomy":"product_cat","embeddable":true,"href":"https:\/\/shop.yipinqian.com\/fr\/wp-json\/wp\/v2\/product_cat?post=13729"},{"taxonomy":"product_tag","embeddable":true,"href":"https:\/\/shop.yipinqian.com\/fr\/wp-json\/wp\/v2\/product_tag?post=13729"}],"curies":[{"name":"wp","href":"https:\/\/api.w.org\/{rel}","templated":true}]}}