{"id":13727,"date":"2024-11-23T21:21:16","date_gmt":"2024-11-23T13:21:16","guid":{"rendered":"https:\/\/shop.yipinqian.com\/crafted-as-bean-pendant-on-natural-type-a-jadeite-jade-certificate-weighs-8-99-grams-measurement-45-3-17-5-6-7-mm-pendant347-5\/"},"modified":"2025-02-24T01:17:24","modified_gmt":"2025-02-23T17:17:24","slug":"crafted-as-bean-pendant-on-natural-type-a-jadeite-jade-certificate-weighs-8-99-grams-measurement-45-3-17-5-6-7-mm-pendant347-5","status":"publish","type":"product","link":"https:\/\/shop.yipinqian.com\/fr\/produit\/crafted-as-bean-pendant-on-natural-type-a-jadeite-jade-certificate-weighs-8-99-grams-measurement-45-3-17-5-6-7-mm-pendant347-5\/","title":{"rendered":"Fabriqu\u00e9 comme un pendentif en forme de haricot sur un certificat de jade jad\u00e9ite naturel de type A, p\u00e8se 8,99 grammes, mesure 45,3 * 17,5 * 6,7 mm (pendentif347 - #5)"},"content":{"rendered":"<p>Ce pendentif en forme de haricot est fabriqu\u00e9 \u00e0 partir de jade jad\u00e9ite naturel de type A, originaire du Myanmar. Il est accompagn\u00e9 d&#039;un certificat garantissant son authenticit\u00e9, p\u00e8se 8,99 grammes et mesure 45,3 * 17,5 * 6,7 mm.<\/p>\n<p><\/p>\n<p>Num\u00e9ros de certificat : GD2204H002691<\/p>\n<p><img fetchpriority=\"high\" decoding=\"async\" src=\"https:\/\/shop.yipinqian.com\/wp-content\/uploads\/2024\/11\/d049daef1a264e8d9bdc9e6d40a75f41tplv-aphluv4xwc-origin-jpeg.jpeg?dr=15568&#038;nonce=94343&#038;refresh_token=417a9cc9a9d035da364a5d33b208f8b8&#038;from=476444299&#038;idc=my2&#038;ps=933b5bde&#038;shcp=9b759fb9&#038;shp=1c65f68b&#038;t=555f072d\" width=\"1536\" height=\"2048\"><\/p>\n<ul>\n<li>\n<strong>Mat\u00e9riel:<\/strong> Jade jad\u00e9ite naturelle de type A<\/li>\n<li>\n<strong>Poids:<\/strong> 8,99 grammes<\/li>\n<li>\n<strong>Mesures:<\/strong> 45,3 * 17,5 * 6,7 mm<\/li>\n<li>\n<strong>Certificat:<\/strong> Oui<\/li>\n<li>\n<strong>Type de jade :<\/strong> Jad\u00e9ite<\/li>\n<\/ul>\n<p><img decoding=\"async\" src=\"https:\/\/shop.yipinqian.com\/wp-content\/uploads\/2024\/11\/3697845ec7d7420c8c26b594c6499625tplv-aphluv4xwc-origin-jpeg.jpeg?dr=15568&#038;nonce=12985&#038;refresh_token=42d226b92c340b56c2a3f89ca44714c3&#038;from=476444299&#038;idc=my2&#038;ps=933b5bde&#038;shcp=9b759fb9&#038;shp=1c65f68b&#038;t=555f072d\" width=\"1536\" height=\"2048\"><\/p>\n<p>Ce pendentif unisexe est parfait pour un usage quotidien, avec un style de collier d\u00e9contract\u00e9 qui ajoute une touche d&#039;\u00e9l\u00e9gance \u00e0 n&#039;importe quelle tenue.<\/p>\n<ul>\n<li>\n<strong>Occasion: <\/strong>Tous les jours<\/li>\n<\/ul>\n<p>Yi Pin Qian \u2013 N\u00e9gociant en pierres pr\u00e9cieuses et m\u00e9taux pr\u00e9cieux \u00e0 Singapour \u2013 Num\u00e9ro de licence PS20190000031<\/p>\n<p><\/p>\n<p>*Toutes les jad\u00e9ites achet\u00e9es chez Yi Pin Qian \u00e0 Singapour, les clients peuvent r\u00e9server des cr\u00e9neaux pour le polissage ou une r\u00e9paration mineure en cas de mauvaise manipulation - des frais s&#039;appliquent et uniquement pour les clients de Yi Pin Qian \u00e0 Singapour*<\/p>\n<p><\/p>\n<p><strong>**Types de certificats**<\/strong><\/p>\n<p><\/p>\n<p><strong>NGI (Nan Yang Gemmologie)<\/strong><\/p>\n<p>ou <strong>Certificats \u00e9trangers <\/strong>(Yi Pin Qian utilise uniquement des certificats authentiques provenant de laboratoires \u00e9trangers et contr\u00f4le \u00e9galement la qualit\u00e9 de chacun de nos produits avant de les mettre en vente \u00e0 Singapour)<\/p>\n<p><\/p>\n<p>Chaque produit sur TikTok aura le type de certificat fourni indiqu\u00e9 dans la description. Pour tout client souhaitant envoyer sa commande \u00e0 NGI Singapore, il y aura un d\u00e9lai d&#039;attente pour la livraison de la commande estim\u00e9 \u00e0 environ 4 semaines pour recevoir votre commande. <strong>Les demandes de rapport NGI Gemstone doivent \u00eatre effectu\u00e9es en nous envoyant un message.<\/strong> Merci, <strong><u>des frais suppl\u00e9mentaires s&#039;appliquent<\/u><\/strong>.<\/p>\n<p><\/p>\n<p><strong>La jad\u00e9ite naturelle n&#039;est pas parfaite, juste un petit rappel : notre jad\u00e9ite naturelle, comme toutes les belles choses de la nature, poss\u00e8de ses caract\u00e9ristiques et ses variations uniques. Nous invitons nos pr\u00e9cieux clients \u00e0 adopter ces variations naturelles. Bon shopping !<\/strong><\/p>\n<p><\/p>\n<p><strong><u>Aucune des photos et des s\u00e9quences vid\u00e9o n&#039;a \u00e9t\u00e9 filtr\u00e9e. Nous encourageons nos clients \u00e0 regarder \u00e9galement les vid\u00e9os d&#039;accompagnement pour une vue plus compl\u00e8te de nos produits<\/u><\/strong><\/p>\n<p><\/p>\n<ul>\n<li>Diff\u00e9rentes plates-formes ne peuvent visionner des vid\u00e9os que via le bureau<\/li>\n<\/ul>\n<p><\/p>\n<p>.<\/p>","protected":false},"excerpt":{"rendered":"<p>Ce pendentif en forme de haricot est fabriqu\u00e9 \u00e0 partir de jade jad\u00e9ite naturel de type A, originaire du Myanmar. Il est livr\u00e9 avec un certificat garantissant son authenticit\u00e9, pesant 8,99 grammes et mesurant 45,3 * 17,5 * 6,7 mm. Num\u00e9ros de certificat : GD2204H002691 Mat\u00e9riau : jade jad\u00e9ite naturel de type A Poids : 8,99 grammes Dimensions : 45,3 * 17,5 * 6,7 mm Certificat : Oui Jade [\u2026]<\/p>","protected":false},"featured_media":13761,"comment_status":"open","ping_status":"closed","template":"","meta":[],"product_brand":[],"product_cat":[195],"product_tag":[52,53,112,55,56,58,73,75,59,60,61,62],"class_list":{"0":"post-13727","1":"product","2":"type-product","3":"status-publish","4":"has-post-thumbnail","6":"product_cat-heirloom-grade","7":"product_tag-certified","8":"product_tag-fine-quality","9":"product_tag-french-bean","10":"product_tag-jadeite","11":"product_tag-limited-editions","12":"product_tag-new-arrivals","13":"product_tag-pendant","14":"product_tag-traditional","15":"product_tag-translucent","16":"product_tag-type-a-jadeite","17":"product_tag-unisex","18":"product_tag-yi-pin-qian-exclusive","20":"first","21":"instock","22":"sale","23":"shipping-taxable","24":"purchasable","25":"product-type-simple"},"_links":{"self":[{"href":"https:\/\/shop.yipinqian.com\/fr\/wp-json\/wp\/v2\/product\/13727","targetHints":{"allow":["GET"]}}],"collection":[{"href":"https:\/\/shop.yipinqian.com\/fr\/wp-json\/wp\/v2\/product"}],"about":[{"href":"https:\/\/shop.yipinqian.com\/fr\/wp-json\/wp\/v2\/types\/product"}],"replies":[{"embeddable":true,"href":"https:\/\/shop.yipinqian.com\/fr\/wp-json\/wp\/v2\/comments?post=13727"}],"version-history":[{"count":0,"href":"https:\/\/shop.yipinqian.com\/fr\/wp-json\/wp\/v2\/product\/13727\/revisions"}],"wp:featuredmedia":[{"embeddable":true,"href":"https:\/\/shop.yipinqian.com\/fr\/wp-json\/wp\/v2\/media\/13761"}],"wp:attachment":[{"href":"https:\/\/shop.yipinqian.com\/fr\/wp-json\/wp\/v2\/media?parent=13727"}],"wp:term":[{"taxonomy":"product_brand","embeddable":true,"href":"https:\/\/shop.yipinqian.com\/fr\/wp-json\/wp\/v2\/product_brand?post=13727"},{"taxonomy":"product_cat","embeddable":true,"href":"https:\/\/shop.yipinqian.com\/fr\/wp-json\/wp\/v2\/product_cat?post=13727"},{"taxonomy":"product_tag","embeddable":true,"href":"https:\/\/shop.yipinqian.com\/fr\/wp-json\/wp\/v2\/product_tag?post=13727"}],"curies":[{"name":"wp","href":"https:\/\/api.w.org\/{rel}","templated":true}]}}