{"id":13721,"date":"2024-11-23T21:21:05","date_gmt":"2024-11-23T13:21:05","guid":{"rendered":"https:\/\/shop.yipinqian.com\/18k-gold-clasp-added-to-this-natural-type-a-jadeite-jade-crafted-as-ruyi-pendant-certificate-weighs-4-5-grams-measurement-24-6-17-3-5-6-mm-18kp77\/"},"modified":"2025-01-26T00:00:48","modified_gmt":"2025-01-25T16:00:48","slug":"18k-gold-clasp-added-to-this-natural-type-a-jadeite-jade-crafted-as-ruyi-pendant-certificate-weighs-4-5-grams-measurement-24-6-17-3-5-6-mm-18kp77","status":"publish","type":"product","link":"https:\/\/shop.yipinqian.com\/fr\/produit\/18k-gold-clasp-added-to-this-natural-type-a-jadeite-jade-crafted-as-ruyi-pendant-certificate-weighs-4-5-grams-measurement-24-6-17-3-5-6-mm-18kp77\/","title":{"rendered":"Fermoir en or 18 carats ajout\u00e9 \u00e0 ce pendentif en jade jad\u00e9ite naturel de type A fabriqu\u00e9 comme pendentif Ruyi, le certificat p\u00e8se 4,5 grammes, mesure 24,6 * 17,3 * 5,6 mm (18kp77)"},"content":{"rendered":"<p>This exquisite Ruyi pendant features natural Type A Jadeite Jade enhanced with an elegant 18k gold clasp. The craftsmanship highlights the beauty of the jade, making it a stunning accessory for any occasion.<\/p>\n<p><\/p>\n<p>Certificate numbers: 92035006607<\/p>\n<p><img fetchpriority=\"high\" decoding=\"async\" src=\"https:\/\/shop.yipinqian.com\/wp-content\/uploads\/2024\/11\/d7ad7c53d1a242229479f639ca54c391tplv-aphluv4xwc-origin-jpeg.jpeg?dr=15568&#038;nonce=21132&#038;refresh_token=bc424eb5978f6cd4eb28c2a41d80d491&#038;from=476444299&#038;idc=my2&#038;ps=933b5bde&#038;shcp=9b759fb9&#038;shp=1c65f68b&#038;t=555f072d\" width=\"1200\" height=\"1600\"><\/p>\n<ul>\n<li>\n<strong>Mat\u00e9riel:<\/strong> Crafted with PT\/Carat Gold<\/li>\n<li>\n<strong>R\u00e9gion d&#039;origine :<\/strong> Birmanie<\/li>\n<li>\n<strong>Type de jade :<\/strong> Jad\u00e9ite de type A<\/li>\n<li><strong>Certificate: Yes, weighing 4.5 grams<\/strong><\/li>\n<\/ul>\n<p><img decoding=\"async\" src=\"https:\/\/shop.yipinqian.com\/wp-content\/uploads\/2024\/11\/9f4c6467571d4ff1bde025859399ad5etplv-aphluv4xwc-origin-jpeg.jpeg?dr=15568&#038;nonce=43914&#038;refresh_token=31909d6e502caf41611d7c42442e538f&#038;from=476444299&#038;idc=my2&#038;ps=933b5bde&#038;shcp=9b759fb9&#038;shp=1c65f68b&#038;t=555f072d\" width=\"1080\" height=\"1080\"><\/p>\n<p><strong>The pendant&#8217;s dimensions of 24.6 * 17.3 * 5.6 mm add a touch of sophistication to its design, making it a unique and versatile piece to wear daily.<\/strong><\/p>\n<p><\/p>\n<p><strong>La jad\u00e9ite naturelle n&#039;est pas parfaite, juste un petit rappel : notre jad\u00e9ite naturelle, comme toutes les belles choses de la nature, poss\u00e8de ses caract\u00e9ristiques et ses variations uniques. Nous invitons nos pr\u00e9cieux clients \u00e0 adopter ces variations naturelles. Bon shopping !<\/strong><\/p>\n<p><\/p>\n<p><strong><u>Aucune des photos et des s\u00e9quences vid\u00e9o n&#039;a \u00e9t\u00e9 filtr\u00e9e. Nous encourageons nos clients \u00e0 regarder \u00e9galement les vid\u00e9os d&#039;accompagnement pour une vue plus compl\u00e8te de nos produits<\/u><\/strong><\/p>\n<p><\/p>\n<ul>\n<li>Diff\u00e9rentes plates-formes ne peuvent visionner des vid\u00e9os que via le bureau<\/li>\n<li><strong>Occasion:<\/strong><\/li>\n<li><strong>Neklace Style: Casual This Ruyi pendant is not only a symbol of good fortune but also an exquisite statement piece that will complement any outfit effortlessly.<\/strong><\/li>\n<\/ul>","protected":false},"excerpt":{"rendered":"<p>This exquisite Ruyi pendant features natural Type A Jadeite Jade enhanced with an elegant 18k gold clasp. The craftsmanship highlights the beauty of the jade, making it a stunning accessory for any occasion. Certificate numbers: 92035006607 Material: Crafted with PT\/Carat Gold Region of Origin: Myanmar Jade Type: Type A Jadeite Certificate: Yes, weighing 4.5 grams [&hellip;]<\/p>","protected":false},"featured_media":13728,"comment_status":"open","ping_status":"closed","template":"","meta":[],"product_brand":[],"product_cat":[120,83,126],"product_tag":[50,52,69,55,58,73,60,61],"class_list":{"0":"post-13721","1":"product","2":"type-product","3":"status-publish","4":"has-post-thumbnail","6":"product_cat-18k-gold-setting-pendants","7":"product_cat-jade-necklaces-pendants","8":"product_cat-new-arrivals","9":"product_tag-18k-gold","10":"product_tag-certified","11":"product_tag-clasp","12":"product_tag-jadeite","13":"product_tag-new-arrivals","14":"product_tag-pendant","15":"product_tag-type-a-jadeite","16":"product_tag-unisex","18":"first","19":"instock","20":"sale","21":"shipping-taxable","22":"purchasable","23":"product-type-simple"},"_links":{"self":[{"href":"https:\/\/shop.yipinqian.com\/fr\/wp-json\/wp\/v2\/product\/13721","targetHints":{"allow":["GET"]}}],"collection":[{"href":"https:\/\/shop.yipinqian.com\/fr\/wp-json\/wp\/v2\/product"}],"about":[{"href":"https:\/\/shop.yipinqian.com\/fr\/wp-json\/wp\/v2\/types\/product"}],"replies":[{"embeddable":true,"href":"https:\/\/shop.yipinqian.com\/fr\/wp-json\/wp\/v2\/comments?post=13721"}],"version-history":[{"count":0,"href":"https:\/\/shop.yipinqian.com\/fr\/wp-json\/wp\/v2\/product\/13721\/revisions"}],"wp:featuredmedia":[{"embeddable":true,"href":"https:\/\/shop.yipinqian.com\/fr\/wp-json\/wp\/v2\/media\/13728"}],"wp:attachment":[{"href":"https:\/\/shop.yipinqian.com\/fr\/wp-json\/wp\/v2\/media?parent=13721"}],"wp:term":[{"taxonomy":"product_brand","embeddable":true,"href":"https:\/\/shop.yipinqian.com\/fr\/wp-json\/wp\/v2\/product_brand?post=13721"},{"taxonomy":"product_cat","embeddable":true,"href":"https:\/\/shop.yipinqian.com\/fr\/wp-json\/wp\/v2\/product_cat?post=13721"},{"taxonomy":"product_tag","embeddable":true,"href":"https:\/\/shop.yipinqian.com\/fr\/wp-json\/wp\/v2\/product_tag?post=13721"}],"curies":[{"name":"wp","href":"https:\/\/api.w.org\/{rel}","templated":true}]}}