{"id":1372,"date":"2024-10-24T23:18:45","date_gmt":"2024-10-24T15:18:45","guid":{"rendered":"https:\/\/shop.yipinqian.com\/product\/green-21-beads-measurement-10mm-natural-type-a-jadeite-jade-bracelet-with-qic-approved-labs-certificate-weighs-38-45-grams-bracelet27\/"},"modified":"2025-02-17T00:01:36","modified_gmt":"2025-02-16T16:01:36","slug":"green-21-beads-measurement-10mm-natural-type-a-jadeite-jade-bracelet-with-qic-approved-labs-certificate-weighs-38-45-grams-bracelet27","status":"publish","type":"product","link":"https:\/\/shop.yipinqian.com\/fr\/produit\/green-21-beads-measurement-10mm-natural-type-a-jadeite-jade-bracelet-with-qic-approved-labs-certificate-weighs-38-45-grams-bracelet27\/","title":{"rendered":"Bracelet en jade jad\u00e9ite naturel de type A de 10 mm avec 21 perles vertes et certificat de laboratoire approuv\u00e9 par QIC pesant 38,45 grammes (bracelet27)"},"content":{"rendered":"<p>Ce bracelet en jade jad\u00e9ite naturelle de type A de 21 perles vertes de 10 mm est un superbe accessoire fabriqu\u00e9 \u00e0 partir de jade authentique provenant du Myanmar. - La perfection autour de 85%<\/p>\n<p>Num\u00e9ros de certificat : SD24031204267<\/p>\n<p><img fetchpriority=\"high\" decoding=\"async\" height=\"1080\" src=\"https:\/\/shop.yipinqian.com\/wp-content\/uploads\/2024\/10\/0afa34a74eabca27183441c946a889af.jpg?from=476444299\" width=\"1080\"><\/p>\n<ul>\n<li>\n<strong>Avec certificat :<\/strong> Oui<\/li>\n<li>\n<strong>Pays d&#039;origine :<\/strong> Birmanie<\/li>\n<li>\n<strong>Occasion:<\/strong> Tous les jours<\/li>\n<li>\n<strong>Type de garantie :<\/strong>Non<\/li>\n<li><strong>Type de bracelet :<\/strong><\/li>\n<li><strong>Genre : Unisexe<\/strong><\/li>\n<li>Type de jade : Jad\u00e9ite<\/li>\n<\/ul>\n<p>Ce bracelet exquis est compos\u00e9 de 21 perles de 10 mm chacune, ce qui lui conf\u00e8re un aspect unique et \u00e9l\u00e9gant. Le certificat des laboratoires approuv\u00e9s par QIC garantit l&#039;authenticit\u00e9 et la qualit\u00e9 du jade utilis\u00e9 dans ce bracelet.<\/p>\n<p>Avec un poids de 38,45 grammes, ce bracelet est agr\u00e9able \u00e0 porter au quotidien aussi bien pour les hommes que pour les femmes. Ajoutez une touche de sophistication \u00e0 votre tenue avec ce magnifique bijou qui repr\u00e9sente la beaut\u00e9 et le style intemporels.<\/p>","protected":false},"excerpt":{"rendered":"<p>Ce bracelet en jade jad\u00e9ite naturelle de type A de 10 mm et 21 perles vertes est un superbe accessoire fabriqu\u00e9 \u00e0 partir de jade authentique provenant du Myanmar. \u2013 La perfection autour de 85% Num\u00e9ros de certificat : SD24031204267 Avec certificat : Oui Pays d&#039;origine : Myanmar Occasion : Quotidien Type de garantie : Non Type de bracelet : Genre : Unisexe Type de jade : Jad\u00e9ite Ce bracelet exquis comporte 21 perles, chacune mesurant [\u2026]<\/p>","protected":false},"featured_media":3867,"comment_status":"open","ping_status":"closed","template":"","meta":[],"product_brand":[],"product_cat":[121,84],"product_tag":[],"class_list":{"0":"post-1372","1":"product","2":"type-product","3":"status-publish","4":"has-post-thumbnail","6":"product_cat-bracelets-bangles","7":"product_cat-charms-and-charm-bracelet","9":"first","10":"instock","11":"sale","12":"shipping-taxable","13":"purchasable","14":"product-type-simple"},"_links":{"self":[{"href":"https:\/\/shop.yipinqian.com\/fr\/wp-json\/wp\/v2\/product\/1372","targetHints":{"allow":["GET"]}}],"collection":[{"href":"https:\/\/shop.yipinqian.com\/fr\/wp-json\/wp\/v2\/product"}],"about":[{"href":"https:\/\/shop.yipinqian.com\/fr\/wp-json\/wp\/v2\/types\/product"}],"replies":[{"embeddable":true,"href":"https:\/\/shop.yipinqian.com\/fr\/wp-json\/wp\/v2\/comments?post=1372"}],"version-history":[{"count":0,"href":"https:\/\/shop.yipinqian.com\/fr\/wp-json\/wp\/v2\/product\/1372\/revisions"}],"wp:featuredmedia":[{"embeddable":true,"href":"https:\/\/shop.yipinqian.com\/fr\/wp-json\/wp\/v2\/media\/3867"}],"wp:attachment":[{"href":"https:\/\/shop.yipinqian.com\/fr\/wp-json\/wp\/v2\/media?parent=1372"}],"wp:term":[{"taxonomy":"product_brand","embeddable":true,"href":"https:\/\/shop.yipinqian.com\/fr\/wp-json\/wp\/v2\/product_brand?post=1372"},{"taxonomy":"product_cat","embeddable":true,"href":"https:\/\/shop.yipinqian.com\/fr\/wp-json\/wp\/v2\/product_cat?post=1372"},{"taxonomy":"product_tag","embeddable":true,"href":"https:\/\/shop.yipinqian.com\/fr\/wp-json\/wp\/v2\/product_tag?post=1372"}],"curies":[{"name":"wp","href":"https:\/\/api.w.org\/{rel}","templated":true}]}}