{"id":1369,"date":"2024-10-24T23:18:43","date_gmt":"2024-10-24T15:18:43","guid":{"rendered":"https:\/\/shop.yipinqian.com\/product\/good-quality-very-beautiful-light-green-brown-natural-type-a-jadeite-jade-crafted-with-sceneries-as-pendant-certificate-weighs-9-72-grams-measurement-40-24-8-4-6-mm-pendant288\/"},"modified":"2025-02-24T00:49:56","modified_gmt":"2025-02-23T16:49:56","slug":"good-quality-very-beautiful-light-green-brown-natural-type-a-jadeite-jade-crafted-with-sceneries-as-pendant-certificate-weighs-9-72-grams-measurement-40-24-8-4-6-mm-pendant288","status":"publish","type":"product","link":"https:\/\/shop.yipinqian.com\/fr\/produit\/good-quality-very-beautiful-light-green-brown-natural-type-a-jadeite-jade-crafted-with-sceneries-as-pendant-certificate-weighs-9-72-grams-measurement-40-24-8-4-6-mm-pendant288\/","title":{"rendered":"Jade jad\u00e9ite naturelle de type A de bonne qualit\u00e9, vert clair et marron, tr\u00e8s beau, fabriqu\u00e9 avec des paysages comme pendentif, le certificat p\u00e8se 9,72 grammes, mesure 40 * 24,8 * 4,6 mm (pendentif288)"},"content":{"rendered":"<p>Ce pendentif exquis pr\u00e9sente un jade jad\u00e9ite naturel de type A vert clair et marron de tr\u00e8s belle qualit\u00e9, confectionn\u00e9 avec des d\u00e9cors complexes, ce qui en fait un bijou unique.<\/p>\n<p>Num\u00e9ros de certificat : GD2011H013532<\/p>\n<p><img fetchpriority=\"high\" decoding=\"async\" height=\"1080\" src=\"https:\/\/shop.yipinqian.com\/wp-content\/uploads\/2024\/10\/222d7cf83c79e38f5712b1c49d5e8476.jpg?from=476444299\" width=\"1080\"><\/p>\n<ul>\n<li>\n<strong>Mat\u00e9riel: <\/strong>Jade jad\u00e9ite de type A de haute qualit\u00e9<\/li>\n<li>\n<strong>Poids: <\/strong>9,72 grammes<\/li>\n<li>\n<strong>Mesures: <\/strong>40 x 24,8 x 4,6 mm<\/li>\n<li>\n<strong>Certificat: <\/strong>Inclus pour l&#039;authenticit\u00e9<\/li>\n<\/ul>\n<p><img decoding=\"async\" height=\"1080\" src=\"https:\/\/shop.yipinqian.com\/wp-content\/uploads\/2024\/10\/6b12361ab5ca7a855984b28e1d426033.jpg?from=476444299\" width=\"1080\"><\/p>\n<p>Le pendentif est con\u00e7u avec pr\u00e9cision pour mettre en valeur la beaut\u00e9 naturelle du jade, cr\u00e9ant un accessoire \u00e9poustouflant pour toutes les occasions.<\/p>\n<ul>\n<li>\n<strong>Type de jade :<\/strong>Jad\u00e9ite<\/li>\n<li>\n<strong>Style de collier :<\/strong>Design d\u00e9contract\u00e9 parfait pour un usage quotidien par les hommes et les femmes.<\/li>\n<\/ul>\n<p>Ajoutez cette pi\u00e8ce \u00e0 votre collection comme symbole d&#039;\u00e9l\u00e9gance et de style, provenant du Myanmar avec soin et savoir-faire \u00e0 l&#039;esprit.<\/p>","protected":false},"excerpt":{"rendered":"<p>Ce pendentif exquis est compos\u00e9 d&#039;un jade jad\u00e9ite de type A naturel vert clair et marron de tr\u00e8s belle qualit\u00e9, fabriqu\u00e9 avec des paysages complexes, ce qui en fait un bijou unique. Num\u00e9ros de certificat : GD2011H013532 Mat\u00e9riau : Jade jad\u00e9ite de type A de haute qualit\u00e9 Poids : 9,72 grammes Dimensions : 40 x 24,8 x 4,6 mm Certificat : Inclus pour l&#039;authenticit\u00e9 Le pendentif est [\u2026]<\/p>","protected":false},"featured_media":3826,"comment_status":"open","ping_status":"closed","template":"","meta":[],"product_brand":[],"product_cat":[194],"product_tag":[],"class_list":{"0":"post-1369","1":"product","2":"type-product","3":"status-publish","4":"has-post-thumbnail","6":"product_cat-value-picks","8":"first","9":"instock","10":"sale","11":"shipping-taxable","12":"purchasable","13":"product-type-simple"},"_links":{"self":[{"href":"https:\/\/shop.yipinqian.com\/fr\/wp-json\/wp\/v2\/product\/1369","targetHints":{"allow":["GET"]}}],"collection":[{"href":"https:\/\/shop.yipinqian.com\/fr\/wp-json\/wp\/v2\/product"}],"about":[{"href":"https:\/\/shop.yipinqian.com\/fr\/wp-json\/wp\/v2\/types\/product"}],"replies":[{"embeddable":true,"href":"https:\/\/shop.yipinqian.com\/fr\/wp-json\/wp\/v2\/comments?post=1369"}],"version-history":[{"count":0,"href":"https:\/\/shop.yipinqian.com\/fr\/wp-json\/wp\/v2\/product\/1369\/revisions"}],"wp:featuredmedia":[{"embeddable":true,"href":"https:\/\/shop.yipinqian.com\/fr\/wp-json\/wp\/v2\/media\/3826"}],"wp:attachment":[{"href":"https:\/\/shop.yipinqian.com\/fr\/wp-json\/wp\/v2\/media?parent=1369"}],"wp:term":[{"taxonomy":"product_brand","embeddable":true,"href":"https:\/\/shop.yipinqian.com\/fr\/wp-json\/wp\/v2\/product_brand?post=1369"},{"taxonomy":"product_cat","embeddable":true,"href":"https:\/\/shop.yipinqian.com\/fr\/wp-json\/wp\/v2\/product_cat?post=1369"},{"taxonomy":"product_tag","embeddable":true,"href":"https:\/\/shop.yipinqian.com\/fr\/wp-json\/wp\/v2\/product_tag?post=1369"}],"curies":[{"name":"wp","href":"https:\/\/api.w.org\/{rel}","templated":true}]}}