{"id":1366,"date":"2024-10-24T23:18:42","date_gmt":"2024-10-24T15:18:42","guid":{"rendered":"https:\/\/shop.yipinqian.com\/product\/good-quality-natural-type-a-jadeite-jade-crafted-with-shape-of-lizard-as-pendant-certificate-weighs-15-23-grams-measurement-44-6-21-8-9-7-mm-pendant268\/"},"modified":"2025-02-24T00:49:56","modified_gmt":"2025-02-23T16:49:56","slug":"good-quality-natural-type-a-jadeite-jade-crafted-with-shape-of-lizard-as-pendant-certificate-weighs-15-23-grams-measurement-44-6-21-8-9-7-mm-pendant268","status":"publish","type":"product","link":"https:\/\/shop.yipinqian.com\/fr\/produit\/good-quality-natural-type-a-jadeite-jade-crafted-with-shape-of-lizard-as-pendant-certificate-weighs-15-23-grams-measurement-44-6-21-8-9-7-mm-pendant268\/","title":{"rendered":"Jade jad\u00e9ite naturelle de type A de bonne qualit\u00e9 fabriqu\u00e9e en forme de l\u00e9zard comme pendentif, le certificat p\u00e8se 15,23 grammes, mesure 44,6 * 21,8 * 9,7 mm (pendentif268)"},"content":{"rendered":"<p>This exquisite pendant features a lizard-shaped design crafted from Good Quality Natural Type A Jadeite Jade, making it a unique and elegant accessory.<\/p>\n<p>\u00a0<\/p>\n<p>Certificate numbers: GD2202H004478<\/p>\n<p><img fetchpriority=\"high\" decoding=\"async\" height=\"1080\" src=\"https:\/\/shop.yipinqian.com\/wp-content\/uploads\/2024\/10\/b32f0579bacf904369c442d267a1940c.jpg?from=476444299\" width=\"1080\"><\/p>\n<ul>\n<li>\n<strong>Mat\u00e9riel:<\/strong> Good Quality Natural Type A Jadeite Jade<\/li>\n<li>\n<strong>Poids:<\/strong> 15.23 grams<\/li>\n<li>\n<strong>Mesures:<\/strong> 44.6 * 21.8 * 9.7 mm<\/li>\n<li>\n<strong>Certificat:<\/strong> Oui<\/li>\n<li>\n<strong>Type de jade :<\/strong>Jad\u00e9ite<\/li>\n<li><strong>Neklace Style:Casual<\/strong><\/li>\n<\/ul>\n<p><strong>This pendant is not only a beautiful adornment but also carries the mystique and symbolism associated with jade, making it perfect for daily wear.<\/strong><\/p>\n<ul><\/ul>\n<p><strong>La jad\u00e9ite naturelle n&#039;est pas parfaite, juste un petit rappel : notre jad\u00e9ite naturelle, comme toutes les belles choses de la nature, poss\u00e8de ses caract\u00e9ristiques et ses variations uniques. Nous invitons nos pr\u00e9cieux clients \u00e0 adopter ces variations naturelles. Bon shopping !<\/strong><\/p>\n<p>\u00a0<\/p>\n<p><strong><u>Aucune des photos et des s\u00e9quences vid\u00e9o n&#039;a \u00e9t\u00e9 filtr\u00e9e. Nous encourageons nos clients \u00e0 regarder \u00e9galement les vid\u00e9os d&#039;accompagnement pour une vue plus compl\u00e8te de nos produits<\/u><\/strong><\/p>","protected":false},"excerpt":{"rendered":"<p>This exquisite pendant features a lizard-shaped design crafted from Good Quality Natural Type A Jadeite Jade, making it a unique and elegant accessory. \u00a0 Certificate numbers: GD2202H004478 Material: Good Quality Natural Type A Jadeite Jade Weight: 15.23 grams Measurement: 44.6 * 21.8 * 9.7 mm Certificate: Yes Jade Type:Jadeite Neklace Style:Casual This pendant is not [&hellip;]<\/p>","protected":false},"featured_media":3785,"comment_status":"open","ping_status":"closed","template":"","meta":[],"product_brand":[],"product_cat":[194],"product_tag":[],"class_list":{"0":"post-1366","1":"product","2":"type-product","3":"status-publish","4":"has-post-thumbnail","6":"product_cat-value-picks","8":"first","9":"instock","10":"sale","11":"shipping-taxable","12":"purchasable","13":"product-type-simple"},"_links":{"self":[{"href":"https:\/\/shop.yipinqian.com\/fr\/wp-json\/wp\/v2\/product\/1366","targetHints":{"allow":["GET"]}}],"collection":[{"href":"https:\/\/shop.yipinqian.com\/fr\/wp-json\/wp\/v2\/product"}],"about":[{"href":"https:\/\/shop.yipinqian.com\/fr\/wp-json\/wp\/v2\/types\/product"}],"replies":[{"embeddable":true,"href":"https:\/\/shop.yipinqian.com\/fr\/wp-json\/wp\/v2\/comments?post=1366"}],"version-history":[{"count":0,"href":"https:\/\/shop.yipinqian.com\/fr\/wp-json\/wp\/v2\/product\/1366\/revisions"}],"wp:featuredmedia":[{"embeddable":true,"href":"https:\/\/shop.yipinqian.com\/fr\/wp-json\/wp\/v2\/media\/3785"}],"wp:attachment":[{"href":"https:\/\/shop.yipinqian.com\/fr\/wp-json\/wp\/v2\/media?parent=1366"}],"wp:term":[{"taxonomy":"product_brand","embeddable":true,"href":"https:\/\/shop.yipinqian.com\/fr\/wp-json\/wp\/v2\/product_brand?post=1366"},{"taxonomy":"product_cat","embeddable":true,"href":"https:\/\/shop.yipinqian.com\/fr\/wp-json\/wp\/v2\/product_cat?post=1366"},{"taxonomy":"product_tag","embeddable":true,"href":"https:\/\/shop.yipinqian.com\/fr\/wp-json\/wp\/v2\/product_tag?post=1366"}],"curies":[{"name":"wp","href":"https:\/\/api.w.org\/{rel}","templated":true}]}}