{"id":1365,"date":"2024-10-24T23:18:42","date_gmt":"2024-10-24T15:18:42","guid":{"rendered":"https:\/\/shop.yipinqian.com\/product\/good-quality-natural-type-a-jadeite-jade-crafted-with-light-green-pixiu-set-on-18k-gold-as-ring-with-certificate-weighs-2-58-grams-measurement-12-1-9-6-5-3-mm-18kring24\/"},"modified":"2025-01-10T06:15:03","modified_gmt":"2025-01-09T22:15:03","slug":"good-quality-natural-type-a-jadeite-jade-crafted-with-light-green-pixiu-set-on-18k-gold-as-ring-with-certificate-weighs-2-58-grams-measurement-12-1-9-6-5-3-mm-18kring24","status":"publish","type":"product","link":"https:\/\/shop.yipinqian.com\/fr\/produit\/good-quality-natural-type-a-jadeite-jade-crafted-with-light-green-pixiu-set-on-18k-gold-as-ring-with-certificate-weighs-2-58-grams-measurement-12-1-9-6-5-3-mm-18kring24\/","title":{"rendered":"Jade jad\u00e9ite naturelle de type A de bonne qualit\u00e9 fabriqu\u00e9e avec du pixiu vert clair serti sur de l&#039;or 18 carats comme bague avec certificat p\u00e8se 2,58 grammes, mesure 12,1 * 9,6 * 5,3 mm (18kring24)"},"content":{"rendered":"<p>This Good Quality Natural Type A Jadeite Jade ring features a light green pixiu set on 18k gold, exuding elegance and charm.<\/p>\n<p><\/p>\n<p>Certificate numbers: GD2112H000263<\/p>\n<p>18k Gold Weighs 1.56 grams<\/p>\n<p>Diamonds 10 * 0.005 = 0.05 carats<\/p>\n<p>Finger Size: 17mm<\/p>\n<ul>\n<li>\n<strong>Mat\u00e9riel:<\/strong> Crafted with Type A Jadeite Jade and 18k gold<\/li>\n<li>\n<strong>Conception:<\/strong> Light green pixiu design<\/li>\n<li>\n<strong>P\u00e8se :<\/strong> 2.58 grams<\/li>\n<li>\n<strong>Mesures:<\/strong> 12.1 * 9.6 * 5.3 mm<\/li>\n<li><em>Certificate included for authenticity.<\/em><\/li>\n<\/ul>\n<p>This exquisite ring is not only a beautiful accessory but also a symbol of good luck, prosperity, and protection according to Chinese beliefs.<\/p>\n<ul>\n<li><em>Jewelry Attributes: Secondary material &#8211; Diamond, Setting material &#8211; PT\/Carat Gold<\/em><\/li>\n<li>The Country of Origin for this stunning piece is Myanmar.<\/li>\n<li>The <strong>Daily wear suitable jadeite ring perfect for females seeking both style and spiritual significance with no warranty provided.<\/strong>\n<\/li>\n<\/ul>\n<p><\/p>\n<p><strong>La jad\u00e9ite naturelle n&#039;est pas parfaite, juste un petit rappel : notre jad\u00e9ite naturelle, comme toutes les belles choses de la nature, poss\u00e8de ses caract\u00e9ristiques et ses variations uniques. Nous invitons nos pr\u00e9cieux clients \u00e0 adopter ces variations naturelles. Bon shopping !<\/strong><\/p>\n<p><\/p>\n<p><strong><u>Aucune des photos et des s\u00e9quences vid\u00e9o n&#039;a \u00e9t\u00e9 filtr\u00e9e. Nous encourageons nos clients \u00e0 regarder \u00e9galement les vid\u00e9os d&#039;accompagnement pour une vue plus compl\u00e8te de nos produits<\/u><\/strong><\/p>","protected":false},"excerpt":{"rendered":"<p>This Good Quality Natural Type A Jadeite Jade ring features a light green pixiu set on 18k gold, exuding elegance and charm. Certificate numbers: GD2112H000263 18k Gold Weighs 1.56 grams Diamonds 10 * 0.005 = 0.05 carats Finger Size: 17mm Material: Crafted with Type A Jadeite Jade and 18k gold Design: Light green pixiu design [&hellip;]<\/p>","protected":false},"featured_media":3767,"comment_status":"open","ping_status":"closed","template":"","meta":[],"product_brand":[],"product_cat":[119,49],"product_tag":[50,64,52,53,70,65,66,55,56,71,60,62],"class_list":{"0":"post-1365","1":"product","2":"type-product","3":"status-publish","4":"has-post-thumbnail","6":"product_cat-18k-gold-ring-setting","7":"product_cat-rings","8":"product_tag-18k-gold","9":"product_tag-cabochon","10":"product_tag-certified","11":"product_tag-fine-quality","12":"product_tag-green","13":"product_tag-high-quality","14":"product_tag-jade-ring","15":"product_tag-jadeite","16":"product_tag-limited-editions","17":"product_tag-ring","18":"product_tag-type-a-jadeite","19":"product_tag-yi-pin-qian-exclusive","21":"first","22":"instock","23":"sale","24":"shipping-taxable","25":"purchasable","26":"product-type-simple"},"_links":{"self":[{"href":"https:\/\/shop.yipinqian.com\/fr\/wp-json\/wp\/v2\/product\/1365","targetHints":{"allow":["GET"]}}],"collection":[{"href":"https:\/\/shop.yipinqian.com\/fr\/wp-json\/wp\/v2\/product"}],"about":[{"href":"https:\/\/shop.yipinqian.com\/fr\/wp-json\/wp\/v2\/types\/product"}],"replies":[{"embeddable":true,"href":"https:\/\/shop.yipinqian.com\/fr\/wp-json\/wp\/v2\/comments?post=1365"}],"version-history":[{"count":0,"href":"https:\/\/shop.yipinqian.com\/fr\/wp-json\/wp\/v2\/product\/1365\/revisions"}],"wp:featuredmedia":[{"embeddable":true,"href":"https:\/\/shop.yipinqian.com\/fr\/wp-json\/wp\/v2\/media\/3767"}],"wp:attachment":[{"href":"https:\/\/shop.yipinqian.com\/fr\/wp-json\/wp\/v2\/media?parent=1365"}],"wp:term":[{"taxonomy":"product_brand","embeddable":true,"href":"https:\/\/shop.yipinqian.com\/fr\/wp-json\/wp\/v2\/product_brand?post=1365"},{"taxonomy":"product_cat","embeddable":true,"href":"https:\/\/shop.yipinqian.com\/fr\/wp-json\/wp\/v2\/product_cat?post=1365"},{"taxonomy":"product_tag","embeddable":true,"href":"https:\/\/shop.yipinqian.com\/fr\/wp-json\/wp\/v2\/product_tag?post=1365"}],"curies":[{"name":"wp","href":"https:\/\/api.w.org\/{rel}","templated":true}]}}