{"id":1363,"date":"2024-10-24T23:18:41","date_gmt":"2024-10-24T15:18:41","guid":{"rendered":"https:\/\/shop.yipinqian.com\/product\/good-quality-light-green-natural-type-a-jadeite-jade-crafted-as-cabbage-symbols-of-lucks-with-money-as-pendant-certificate-weighs-36-65-grams-measurement-62-5-28-6-13-1-mm-pendant267\/"},"modified":"2025-02-24T00:49:56","modified_gmt":"2025-02-23T16:49:56","slug":"good-quality-light-green-natural-type-a-jadeite-jade-crafted-as-cabbage-symbols-of-lucks-with-money-as-pendant-certificate-weighs-36-65-grams-measurement-62-5-28-6-13-1-mm-pendant267","status":"publish","type":"product","link":"https:\/\/shop.yipinqian.com\/fr\/produit\/good-quality-light-green-natural-type-a-jadeite-jade-crafted-as-cabbage-symbols-of-lucks-with-money-as-pendant-certificate-weighs-36-65-grams-measurement-62-5-28-6-13-1-mm-pendant267\/","title":{"rendered":"#Sold &#8211; Good Quality Light Green Natural Type A Jadeite Jade crafted as Cabbage symbols of Lucks with Money as Pendant, certificate weighs 36.65 grams, measurement 62.5 * 28.6 * 13.1 mm (pendant267)"},"content":{"rendered":"<p>#SOld &#8211; crafted as Cabbage symbols of Lucks<\/p>\n<p>Ce pendentif en jade jad\u00e9ite naturel de type A vert clair de bonne qualit\u00e9 est fabriqu\u00e9 sous la forme de symboles de chou de chance avec de l&#039;argent, ce qui en fait une pi\u00e8ce unique et significative.<\/p>\n<p>Num\u00e9ros de certificat : 910569044043<\/p>\n<p><img fetchpriority=\"high\" decoding=\"async\" class=\"alignnone\" src=\"https:\/\/shop.yipinqian.com\/wp-content\/uploads\/2024\/10\/079195461d018d0e0025d533c39da192.jpg?from=476444299\" alt=\"crafted as Cabbage symbols of Lucks\" width=\"1080\" height=\"1080\" \/><\/p>\n<ul>\n<li>Avec un poids de 36,65 grammes, ce pendentif pr\u00e9sente un savoir-faire exquis.<\/li>\n<li>Les mesures de 62,5 * 28,6 * 13,1 mm (pendentif267) en font un accessoire substantiel et accrocheur.<\/li>\n<\/ul>\n<p>Originaire du Myanmar, cette pi\u00e8ce est accompagn\u00e9e d&#039;un certificat d&#039;authenticit\u00e9 et d&#039;assurance qualit\u00e9.<\/p>\n<ul>\n<li><strong>Type de jade :<\/strong> Jad\u00e9ite<\/li>\n<li><strong>Occasion:<\/strong> Tous les jours<\/li>\n<li>Son design unisexe le rend adapt\u00e9 \u00e0 tous ceux qui cherchent \u00e0 ajouter une touche d&#039;\u00e9l\u00e9gance \u00e0 leur tenue.<\/li>\n<\/ul>\n<p>Rehaussez votre style avec ce pendentif de style collier d\u00e9contract\u00e9 qui respire le charme et la sophistication o\u00f9 que vous alliez.<\/p>\n<p><strong>La jad\u00e9ite naturelle n&#039;est pas parfaite, juste un petit rappel : notre jad\u00e9ite naturelle, comme toutes les belles choses de la nature, poss\u00e8de ses caract\u00e9ristiques et ses variations uniques. Nous invitons nos pr\u00e9cieux clients \u00e0 adopter ces variations naturelles. Bon shopping !<\/strong><\/p>\n<p><strong><u>Aucune des photos et des s\u00e9quences vid\u00e9o n&#039;a \u00e9t\u00e9 filtr\u00e9e. Nous encourageons nos clients \u00e0 regarder \u00e9galement les vid\u00e9os d&#039;accompagnement pour une vue plus compl\u00e8te de nos produits<\/u><\/strong><\/p>","protected":false},"excerpt":{"rendered":"<h5 class=\"serp-title\">#Sold &#8211; Good Quality Light Green Natural Type A Jadeite.<\/h5>","protected":false},"featured_media":3729,"comment_status":"open","ping_status":"closed","template":"","meta":[],"product_brand":[],"product_cat":[194],"product_tag":[],"class_list":{"0":"post-1363","1":"product","2":"type-product","3":"status-publish","4":"has-post-thumbnail","6":"product_cat-value-picks","8":"first","9":"outofstock","10":"sale","11":"shipping-taxable","12":"purchasable","13":"product-type-simple"},"_links":{"self":[{"href":"https:\/\/shop.yipinqian.com\/fr\/wp-json\/wp\/v2\/product\/1363","targetHints":{"allow":["GET"]}}],"collection":[{"href":"https:\/\/shop.yipinqian.com\/fr\/wp-json\/wp\/v2\/product"}],"about":[{"href":"https:\/\/shop.yipinqian.com\/fr\/wp-json\/wp\/v2\/types\/product"}],"replies":[{"embeddable":true,"href":"https:\/\/shop.yipinqian.com\/fr\/wp-json\/wp\/v2\/comments?post=1363"}],"version-history":[{"count":0,"href":"https:\/\/shop.yipinqian.com\/fr\/wp-json\/wp\/v2\/product\/1363\/revisions"}],"wp:featuredmedia":[{"embeddable":true,"href":"https:\/\/shop.yipinqian.com\/fr\/wp-json\/wp\/v2\/media\/3729"}],"wp:attachment":[{"href":"https:\/\/shop.yipinqian.com\/fr\/wp-json\/wp\/v2\/media?parent=1363"}],"wp:term":[{"taxonomy":"product_brand","embeddable":true,"href":"https:\/\/shop.yipinqian.com\/fr\/wp-json\/wp\/v2\/product_brand?post=1363"},{"taxonomy":"product_cat","embeddable":true,"href":"https:\/\/shop.yipinqian.com\/fr\/wp-json\/wp\/v2\/product_cat?post=1363"},{"taxonomy":"product_tag","embeddable":true,"href":"https:\/\/shop.yipinqian.com\/fr\/wp-json\/wp\/v2\/product_tag?post=1363"}],"curies":[{"name":"wp","href":"https:\/\/api.w.org\/{rel}","templated":true}]}}