{"id":1362,"date":"2024-10-24T23:18:40","date_gmt":"2024-10-24T15:18:40","guid":{"rendered":"https:\/\/shop.yipinqian.com\/product\/good-quality-light-green-hue-icy-natural-type-a-jadeite-jade-crafted-with-fobe-as-pendant-meaning-good-luck-happiness-wealth-and-honor-certificate-weigh-19-03-grams-measurement-50-2-36-3-6-2-mm-pendan\/"},"modified":"2025-02-24T00:49:57","modified_gmt":"2025-02-23T16:49:57","slug":"good-quality-light-green-hue-icy-natural-type-a-jadeite-jade-crafted-with-fobe-as-pendant-meaning-good-luck-happiness-wealth-and-honor-certificate-weigh-19-03-grams-measurement-50-2-36-3-6-2-mm-pendan","status":"publish","type":"product","link":"https:\/\/shop.yipinqian.com\/fr\/produit\/good-quality-light-green-hue-icy-natural-type-a-jadeite-jade-crafted-with-fobe-as-pendant-meaning-good-luck-happiness-wealth-and-honor-certificate-weigh-19-03-grams-measurement-50-2-36-3-6-2-mm-pendan\/","title":{"rendered":"Jade jad\u00e9ite naturel de type A de bonne qualit\u00e9, de teinte vert clair, fabriqu\u00e9 avec Fobe comme pendentif, signifiant bonne chance, bonheur, richesse et honneur, le certificat p\u00e8se 19,03 grammes, mesure 50,2 * 36,3 * 6,2 mm (pendentif234)"},"content":{"rendered":"<p>This Good Quality Light Green Hue Icy Natural Type A Jadeite Jade pendant, crafted with Fobe, symbolizes good luck, happiness, wealth, and honor.<\/p>\n<p><\/p>\n<p>Certificate numbers: GD2110H009247<\/p>\n<ul>\n<li>\n<strong>Mat\u00e9riel:<\/strong> Jade jad\u00e9ite naturelle de type A<\/li>\n<li>\n<strong>Couleur:<\/strong> Light green hue<\/li>\n<li>\n<strong>P\u00e8se :<\/strong> 19.03 grams<\/li>\n<li>\n<strong>Certificat:<\/strong> Oui<\/li>\n<li><strong>Certificate Details:<\/strong><\/li>\n<\/ul>\n<p><strong><br \/>The Country of Origin is Myanmar. The Occasion is Auspicious.<br \/>The Warranty Type is No.<br \/>The Gender is Unisex.<br \/>Jade Type: Jadeite. Necklace Style: Casual.<\/strong><\/p>\n<p><strong>These exquisite pendant measures 50.2 * 36.3 * 6.2 mm and carries the essence of positivity and fortune with its elegant design.<\/strong><\/p>\n<p><\/p>\n<p><strong>La jad\u00e9ite naturelle n&#039;est pas parfaite, juste un petit rappel : notre jad\u00e9ite naturelle, comme toutes les belles choses de la nature, poss\u00e8de ses caract\u00e9ristiques et ses variations uniques. Nous invitons nos pr\u00e9cieux clients \u00e0 adopter ces variations naturelles. Bon shopping !<\/strong><\/p>\n<p><\/p>\n<p><strong><u>Aucune des photos et des s\u00e9quences vid\u00e9o n&#039;a \u00e9t\u00e9 filtr\u00e9e. Nous encourageons nos clients \u00e0 regarder \u00e9galement les vid\u00e9os d&#039;accompagnement pour une vue plus compl\u00e8te de nos produits<\/u><\/strong><\/p>","protected":false},"excerpt":{"rendered":"<p>This Good Quality Light Green Hue Icy Natural Type A Jadeite Jade pendant, crafted with Fobe, symbolizes good luck, happiness, wealth, and honor. Certificate numbers: GD2110H009247 Material: Natural Type A Jadeite Jade Color: Light green hue Weighs: 19.03 grams Certificate: Yes Certificate Details: The Country of Origin is Myanmar. The Occasion is Auspicious.The Warranty Type [&hellip;]<\/p>","protected":false},"featured_media":3710,"comment_status":"open","ping_status":"closed","template":"","meta":[],"product_brand":[],"product_cat":[194],"product_tag":[],"class_list":{"0":"post-1362","1":"product","2":"type-product","3":"status-publish","4":"has-post-thumbnail","6":"product_cat-value-picks","8":"first","9":"instock","10":"sale","11":"shipping-taxable","12":"purchasable","13":"product-type-simple"},"_links":{"self":[{"href":"https:\/\/shop.yipinqian.com\/fr\/wp-json\/wp\/v2\/product\/1362","targetHints":{"allow":["GET"]}}],"collection":[{"href":"https:\/\/shop.yipinqian.com\/fr\/wp-json\/wp\/v2\/product"}],"about":[{"href":"https:\/\/shop.yipinqian.com\/fr\/wp-json\/wp\/v2\/types\/product"}],"replies":[{"embeddable":true,"href":"https:\/\/shop.yipinqian.com\/fr\/wp-json\/wp\/v2\/comments?post=1362"}],"version-history":[{"count":0,"href":"https:\/\/shop.yipinqian.com\/fr\/wp-json\/wp\/v2\/product\/1362\/revisions"}],"wp:featuredmedia":[{"embeddable":true,"href":"https:\/\/shop.yipinqian.com\/fr\/wp-json\/wp\/v2\/media\/3710"}],"wp:attachment":[{"href":"https:\/\/shop.yipinqian.com\/fr\/wp-json\/wp\/v2\/media?parent=1362"}],"wp:term":[{"taxonomy":"product_brand","embeddable":true,"href":"https:\/\/shop.yipinqian.com\/fr\/wp-json\/wp\/v2\/product_brand?post=1362"},{"taxonomy":"product_cat","embeddable":true,"href":"https:\/\/shop.yipinqian.com\/fr\/wp-json\/wp\/v2\/product_cat?post=1362"},{"taxonomy":"product_tag","embeddable":true,"href":"https:\/\/shop.yipinqian.com\/fr\/wp-json\/wp\/v2\/product_tag?post=1362"}],"curies":[{"name":"wp","href":"https:\/\/api.w.org\/{rel}","templated":true}]}}