{"id":1360,"date":"2024-10-24T23:18:40","date_gmt":"2024-10-24T15:18:40","guid":{"rendered":"https:\/\/shop.yipinqian.com\/product\/good-quality-beautiful-natural-type-a-jadeite-jade-light-green-with-green-hue-crafted-with-dragon-as-pendant-qic-labs-approved-certificated-weigh-15-74-grams-measurements-56-20-5-6-2-mm-pendant296\/"},"modified":"2025-02-24T00:49:57","modified_gmt":"2025-02-23T16:49:57","slug":"good-quality-beautiful-natural-type-a-jadeite-jade-light-green-with-green-hue-crafted-with-dragon-as-pendant-qic-labs-approved-certificated-weigh-15-74-grams-measurements-56-20-5-6-2-mm-pendant296","status":"publish","type":"product","link":"https:\/\/shop.yipinqian.com\/fr\/produit\/good-quality-beautiful-natural-type-a-jadeite-jade-light-green-with-green-hue-crafted-with-dragon-as-pendant-qic-labs-approved-certificated-weigh-15-74-grams-measurements-56-20-5-6-2-mm-pendant296\/","title":{"rendered":"Jade jad\u00e9ite naturelle de type A de bonne qualit\u00e9, vert clair avec une teinte verte, fabriqu\u00e9 avec un dragon comme pendentif, certifi\u00e9 par les laboratoires QIC, p\u00e8se 15,74 grammes, mesures 56 * 20,5 * 6,2 mm (pendentif296)"},"content":{"rendered":"<p>Ce magnifique collier en jade jad\u00e9ite de type A naturel pr\u00e9sente une teinte vert clair avec une touche de vert, confectionn\u00e9 de mani\u00e8re experte avec un pendentif dragon. La certification approuv\u00e9e par les laboratoires QIC garantit son authenticit\u00e9, pesant 15,74 grammes et mesurant 56 * 20,5 * 6,2 mm.<\/p>\n<p>\u00a0<\/p>\n<p>Num\u00e9ros de certificat : SD24041205697<\/p>\n<p><img fetchpriority=\"high\" decoding=\"async\" height=\"1080\" src=\"https:\/\/shop.yipinqian.com\/wp-content\/uploads\/2024\/10\/337064c712bcc4cc6af5f4054b1744b6.jpg?from=476444299\" width=\"1080\"><\/p>\n<ul>\n<li>\n<strong>Avec certificat :<\/strong> Oui<\/li>\n<li>\n<strong>Occasion:<\/strong> Tous les jours<\/li>\n<li>\n<strong>Type de garantie :<\/strong> Non<\/li>\n<li>\n<strong>Type de jade :<\/strong> Jad\u00e9ite<\/li>\n<li><strong>Style de collier : D\u00e9contract\u00e9<\/strong><\/li>\n<\/ul>\n<p><img decoding=\"async\" height=\"1080\" src=\"https:\/\/shop.yipinqian.com\/wp-content\/uploads\/2024\/10\/ebd5b2e12eb594b5a9ad711717436af4.jpg?from=476444299\" width=\"1080\"><\/p>\n<p><strong>La jad\u00e9ite naturelle n&#039;est pas parfaite, juste un petit rappel : notre jad\u00e9ite naturelle, comme toutes les belles choses de la nature, poss\u00e8de ses caract\u00e9ristiques et ses variations uniques. Nous invitons nos pr\u00e9cieux clients \u00e0 adopter ces variations naturelles. Bon shopping !<\/strong><\/p>\n<p>\u00a0<\/p>\n<p><strong><u>Aucune des photos et des s\u00e9quences vid\u00e9o n&#039;a \u00e9t\u00e9 filtr\u00e9e. Nous encourageons nos clients \u00e0 regarder \u00e9galement les vid\u00e9os d&#039;accompagnement pour une vue plus compl\u00e8te de nos produits<\/u><\/strong><\/p>\n<p>\u00a0<\/p>\n<ul>\n<li>Diff\u00e9rentes plates-formes ne peuvent visionner des vid\u00e9os que via le bureau<\/li>\n<\/ul>","protected":false},"excerpt":{"rendered":"<p>Ce magnifique collier en jade jad\u00e9ite de type A naturel pr\u00e9sente une teinte vert clair avec une touche de vert, confectionn\u00e9 de mani\u00e8re experte avec un pendentif dragon. La certification approuv\u00e9e par les laboratoires QIC garantit son authenticit\u00e9, pesant 15,74 grammes et mesurant 56 * 20,5 * 6,2 mm. Num\u00e9ros de certificat : SD24041205697 Avec certificat : Oui Occasion : Quotidien Type de garantie : Non [\u2026]<\/p>","protected":false},"featured_media":3691,"comment_status":"open","ping_status":"closed","template":"","meta":[],"product_brand":[],"product_cat":[194],"product_tag":[52,70,55,56,73,74,75,60,61,62],"class_list":{"0":"post-1360","1":"product","2":"type-product","3":"status-publish","4":"has-post-thumbnail","6":"product_cat-value-picks","7":"product_tag-certified","8":"product_tag-green","9":"product_tag-jadeite","10":"product_tag-limited-editions","11":"product_tag-pendant","12":"product_tag-qic-approved-certificate","13":"product_tag-traditional","14":"product_tag-type-a-jadeite","15":"product_tag-unisex","16":"product_tag-yi-pin-qian-exclusive","18":"first","19":"instock","20":"sale","21":"shipping-taxable","22":"purchasable","23":"product-type-simple"},"_links":{"self":[{"href":"https:\/\/shop.yipinqian.com\/fr\/wp-json\/wp\/v2\/product\/1360","targetHints":{"allow":["GET"]}}],"collection":[{"href":"https:\/\/shop.yipinqian.com\/fr\/wp-json\/wp\/v2\/product"}],"about":[{"href":"https:\/\/shop.yipinqian.com\/fr\/wp-json\/wp\/v2\/types\/product"}],"replies":[{"embeddable":true,"href":"https:\/\/shop.yipinqian.com\/fr\/wp-json\/wp\/v2\/comments?post=1360"}],"version-history":[{"count":0,"href":"https:\/\/shop.yipinqian.com\/fr\/wp-json\/wp\/v2\/product\/1360\/revisions"}],"wp:featuredmedia":[{"embeddable":true,"href":"https:\/\/shop.yipinqian.com\/fr\/wp-json\/wp\/v2\/media\/3691"}],"wp:attachment":[{"href":"https:\/\/shop.yipinqian.com\/fr\/wp-json\/wp\/v2\/media?parent=1360"}],"wp:term":[{"taxonomy":"product_brand","embeddable":true,"href":"https:\/\/shop.yipinqian.com\/fr\/wp-json\/wp\/v2\/product_brand?post=1360"},{"taxonomy":"product_cat","embeddable":true,"href":"https:\/\/shop.yipinqian.com\/fr\/wp-json\/wp\/v2\/product_cat?post=1360"},{"taxonomy":"product_tag","embeddable":true,"href":"https:\/\/shop.yipinqian.com\/fr\/wp-json\/wp\/v2\/product_tag?post=1360"}],"curies":[{"name":"wp","href":"https:\/\/api.w.org\/{rel}","templated":true}]}}