{"id":1359,"date":"2024-10-24T23:18:40","date_gmt":"2024-10-24T15:18:40","guid":{"rendered":"https:\/\/shop.yipinqian.com\/product\/golden-yellow-spreads-on-the-coin-crafted-with-a-dragon-natural-type-a-jadeite-pendant-with-certificate-weigh-23-41-grams-54-6-36-9-8-mm-symbols-of-authoritative-honorable-auspicious-and-prosperous-su\/"},"modified":"2025-02-24T00:49:57","modified_gmt":"2025-02-23T16:49:57","slug":"golden-yellow-spreads-on-the-coin-crafted-with-a-dragon-natural-type-a-jadeite-pendant-with-certificate-weigh-23-41-grams-54-6-36-9-8-mm-symbols-of-authoritative-honorable-auspicious-and-prosperous-su","status":"publish","type":"product","link":"https:\/\/shop.yipinqian.com\/fr\/produit\/golden-yellow-spreads-on-the-coin-crafted-with-a-dragon-natural-type-a-jadeite-pendant-with-certificate-weigh-23-41-grams-54-6-36-9-8-mm-symbols-of-authoritative-honorable-auspicious-and-prosperous-su\/","title":{"rendered":"Les \u00e9talements jaunes dor\u00e9s sur la pi\u00e8ce fabriqu\u00e9e avec un pendentif en jad\u00e9ite naturelle de type A de dragon avec certificat p\u00e8sent 23,41 grammes, 54,6 * 36,9 * 8 mm, symboles d&#039;autorit\u00e9, d&#039;honneur, de bon augure et de prosp\u00e9rit\u00e9 adapt\u00e9s au port quotidien ou \u00e0 la collection (pendentif59)"},"content":{"rendered":"<p>Rehaussez votre style avec ce superbe pendentif en jad\u00e9ite naturelle de type A en forme de dragon jaune dor\u00e9. Le pendentif, pesant 23,41 grammes et mesurant 54,6 * 36,9 * 8 mm, d\u00e9gage un sentiment d&#039;autorit\u00e9 et d&#039;honneur tout en apportant chance et prosp\u00e9rit\u00e9.<\/p>\n<ul>\n<li>\n<strong>Symboles de prosp\u00e9rit\u00e9 :<\/strong> Le dragon est un puissant symbole de r\u00e9ussite tandis que la pi\u00e8ce jaune d&#039;or repr\u00e9sente la richesse.<\/li>\n<li>\n<strong>Jad\u00e9ite naturelle de type A :<\/strong> Connu pour sa couleur riche, sa durabilit\u00e9 et sa raret\u00e9.<\/li>\n<li>\n<strong>Certificat inclus :<\/strong> Livr\u00e9 avec un certificat pour garantir l&#039;authenticit\u00e9.<\/li>\n<\/ul>\n<p><strong>Num\u00e9ros de certificat : 920350018276<\/strong><\/p>\n<p><img fetchpriority=\"high\" decoding=\"async\" height=\"1080\" src=\"https:\/\/shop.yipinqian.com\/wp-content\/uploads\/2024\/10\/61102605feecc975691f1daf311947c2.jpg?from=476444299\" width=\"1080\"><\/p>\n<p>Ce pendentif est parfait pour un usage quotidien ou pour compl\u00e9ter votre collection d&#039;accessoires et de produits d\u00e9riv\u00e9s de bijoux. Son style de collier d\u00e9contract\u00e9 le rend adapt\u00e9 aussi bien aux hommes qu&#039;aux femmes.<\/p>\n<ul>\n<li>\n<strong>Fabriqu\u00e9 au Myanmar :<\/strong> Ce produit provient des artisans experts du jade du Myanmar<\/li>\n<li>\n<strong>Aucune garantie incluse\u00a0:<\/strong> Nous n&#039;offrons aucun type de garantie sur ce produit<\/li>\n<\/ul>\n<p>Ajoutez ce superbe pendentif \u00e0 votre collection de bijoux d\u00e8s aujourd&#039;hui\u00a0!<\/p>\n<p>\u00a0<\/p>\n<p>Yi Pin Qian \u2013 N\u00e9gociant en pierres pr\u00e9cieuses et m\u00e9taux pr\u00e9cieux \u00e0 Singapour \u2013 Num\u00e9ro de licence PS20190000031<\/p>\n<p>\u00a0<\/p>\n<p>*Toutes les jad\u00e9ites achet\u00e9es chez Yi Pin Qian \u00e0 Singapour, les clients peuvent r\u00e9server des cr\u00e9neaux pour le polissage ou une r\u00e9paration mineure en cas de mauvaise manipulation - des frais s&#039;appliquent et uniquement pour les clients de Yi Pin Qian \u00e0 Singapour*<\/p>\n<p>\u00a0<\/p>\n<p><strong>**Types de certificats**<\/strong><\/p>\n<p>\u00a0<\/p>\n<p><strong>NGI (Nan Yang Gemmologie)<\/strong><\/p>\n<p>ou <strong>Certificats \u00e9trangers <\/strong>(Yi Pin Qian utilise uniquement des certificats authentiques provenant de laboratoires \u00e9trangers et contr\u00f4le \u00e9galement la qualit\u00e9 de chacun de nos produits avant de les mettre en vente \u00e0 Singapour)<\/p>\n<p>\u00a0<\/p>\n<p>Chaque produit sur TikTok aura le type de certificat fourni indiqu\u00e9 dans la description. Pour tout client souhaitant envoyer sa commande \u00e0 NGI Singapore, il y aura un d\u00e9lai d&#039;attente pour la livraison de la commande estim\u00e9 \u00e0 environ 4 semaines pour recevoir votre commande. <strong>Les demandes de rapport sur les pierres pr\u00e9cieuses NGI doivent \u00eatre effectu\u00e9es en envoyant un message \u00e0 la boutique TikTok de Yi Pin Qian.<\/strong> Merci, <strong><u>des frais suppl\u00e9mentaires s&#039;appliquent<\/u><\/strong>.<\/p>\n<p>\u00a0<\/p>\n<p><strong>La jad\u00e9ite naturelle n&#039;est pas parfaite, juste un petit rappel : notre jad\u00e9ite naturelle, comme toutes les belles choses de la nature, poss\u00e8de ses caract\u00e9ristiques et ses variations uniques. Nous invitons nos pr\u00e9cieux clients \u00e0 adopter ces variations naturelles. Bon shopping !<\/strong><\/p>\n<p>\u00a0<\/p>\n<p><strong><u>Aucune des photos et des s\u00e9quences vid\u00e9o n&#039;a \u00e9t\u00e9 filtr\u00e9e. Nous encourageons nos clients \u00e0 regarder \u00e9galement les vid\u00e9os d&#039;accompagnement pour une vue plus compl\u00e8te de nos produits<\/u><\/strong><\/p>","protected":false},"excerpt":{"rendered":"<p>Rehaussez votre style avec cette exquise pi\u00e8ce de monnaie jaune dor\u00e9 fabriqu\u00e9e avec un pendentif en jad\u00e9ite naturelle de type A en forme de dragon. Le pendentif, pesant 23,41 grammes et mesurant 54,6 * 36,9 * 8 mm, d\u00e9gage un sentiment d&#039;autorit\u00e9 et d&#039;honneur tout en apportant chance et prosp\u00e9rit\u00e9. Symboles de prosp\u00e9rit\u00e9 : Le dragon est un puissant [\u2026]<\/p>","protected":false},"featured_media":3679,"comment_status":"open","ping_status":"closed","template":"","meta":[],"product_brand":[],"product_cat":[194],"product_tag":[],"class_list":{"0":"post-1359","1":"product","2":"type-product","3":"status-publish","4":"has-post-thumbnail","6":"product_cat-value-picks","8":"first","9":"instock","10":"sale","11":"shipping-taxable","12":"purchasable","13":"product-type-simple"},"_links":{"self":[{"href":"https:\/\/shop.yipinqian.com\/fr\/wp-json\/wp\/v2\/product\/1359","targetHints":{"allow":["GET"]}}],"collection":[{"href":"https:\/\/shop.yipinqian.com\/fr\/wp-json\/wp\/v2\/product"}],"about":[{"href":"https:\/\/shop.yipinqian.com\/fr\/wp-json\/wp\/v2\/types\/product"}],"replies":[{"embeddable":true,"href":"https:\/\/shop.yipinqian.com\/fr\/wp-json\/wp\/v2\/comments?post=1359"}],"version-history":[{"count":0,"href":"https:\/\/shop.yipinqian.com\/fr\/wp-json\/wp\/v2\/product\/1359\/revisions"}],"wp:featuredmedia":[{"embeddable":true,"href":"https:\/\/shop.yipinqian.com\/fr\/wp-json\/wp\/v2\/media\/3679"}],"wp:attachment":[{"href":"https:\/\/shop.yipinqian.com\/fr\/wp-json\/wp\/v2\/media?parent=1359"}],"wp:term":[{"taxonomy":"product_brand","embeddable":true,"href":"https:\/\/shop.yipinqian.com\/fr\/wp-json\/wp\/v2\/product_brand?post=1359"},{"taxonomy":"product_cat","embeddable":true,"href":"https:\/\/shop.yipinqian.com\/fr\/wp-json\/wp\/v2\/product_cat?post=1359"},{"taxonomy":"product_tag","embeddable":true,"href":"https:\/\/shop.yipinqian.com\/fr\/wp-json\/wp\/v2\/product_tag?post=1359"}],"curies":[{"name":"wp","href":"https:\/\/api.w.org\/{rel}","templated":true}]}}