{"id":1357,"date":"2024-10-24T23:18:38","date_gmt":"2024-10-24T15:18:38","guid":{"rendered":"https:\/\/shop.yipinqian.com\/product\/glutinous-yellow-and-white-natural-type-a-jadeite-pendant-necklace-crafted-as-pixiu-with-certificate-weigh-13-83-grams-32-17-5-10-8-mm-pendant102\/"},"modified":"2025-02-24T00:49:58","modified_gmt":"2025-02-23T16:49:58","slug":"glutinous-yellow-and-white-natural-type-a-jadeite-pendant-necklace-crafted-as-pixiu-with-certificate-weigh-13-83-grams-32-17-5-10-8-mm-pendant102","status":"publish","type":"product","link":"https:\/\/shop.yipinqian.com\/fr\/produit\/glutinous-yellow-and-white-natural-type-a-jadeite-pendant-necklace-crafted-as-pixiu-with-certificate-weigh-13-83-grams-32-17-5-10-8-mm-pendant102\/","title":{"rendered":"Collier pendentif en jad\u00e9ite naturelle de type A jaune et blanc gluant fabriqu\u00e9 comme Pixiu avec certificat p\u00e8se 13,83 grammes, 32 * 17,5 * 10,8 mm (pendentif102)"},"content":{"rendered":"<p>Ce collier pendentif en jad\u00e9ite naturelle de type A jaune et blanc gluant est un superbe accessoire de bijouterie et un d\u00e9riv\u00e9 qui pr\u00e9sente un savoir-faire exquis. Le pendentif est con\u00e7u \u00e0 l&#039;image de Pixiu, une cr\u00e9ature mythique chinoise connue pour ses puissantes capacit\u00e9s \u00e0 attirer la richesse et la bonne fortune.<\/p>\n<ul>\n<li>\n<strong>Belle conception:<\/strong> Le collier pendentif est fait de jad\u00e9ite naturelle de type A, ce qui lui donne une jolie couleur jaune glutineuse et blanche. Il a l&#039;air \u00e9l\u00e9gant, ce qui le rend parfait pour les occasions d\u00e9contract\u00e9es.<\/li>\n<li>\n<strong>Certificat:<\/strong> Ce produit est accompagn\u00e9 d&#039;un certificat qui prouve l&#039;authenticit\u00e9 du jade utilis\u00e9 dans la fabrication du collier pendentif. Gr\u00e2ce \u00e0 ce certificat, vous avez l&#039;esprit tranquille en sachant que vous obtenez de la v\u00e9ritable jad\u00e9ite<\/li>\n<\/ul>\n<p><strong>Num\u00e9ros de certificat : SJ2311044799<\/strong><\/p>\n<p><img fetchpriority=\"high\" decoding=\"async\" height=\"1080\" src=\"https:\/\/shop.yipinqian.com\/wp-content\/uploads\/2024\/10\/433787bad1eeadc5484a0dd72d27d7f4.jpg?from=476444299\" width=\"1080\"><\/p>\n<ul>\n<li>\n<strong>Construction durable :<\/strong> Le collier pendentif en jad\u00e9ite naturelle de type A jaune et blanc gluant p\u00e8se 13,83 grammes avec des dimensions de 32 * 17,5 * 10,8 mm (pendentif 102). Cela le rend suffisamment solide pour r\u00e9sister \u00e0 l&#039;usure quotidienne sans se casser ni perdre son \u00e9clat au fil du temps.<\/li>\n<\/ul>\n<p>Cet accessoire de bijoux unisexe est un excellent cadeau pour vous-m\u00eame ou vos proches en toute occasion, car son style s&#039;adapte parfaitement aux \u00e9v\u00e9nements d\u00e9contract\u00e9s comme les d\u00eeners ou les f\u00eates en plein air o\u00f9 l&#039;\u00e9l\u00e9gance n&#039;a pas besoin d&#039;\u00eatre trop formelle.<\/p>\n<ul>\n<li>\n<strong>Fabriqu\u00e9 au Myanmar :<\/strong> Ce produit vient du Myanmar, o\u00f9 les pierres pr\u00e9cieuses naturelles sont abondantes, ce qui fait de leurs artisans des experts dans la cr\u00e9ation de pi\u00e8ces \u00e9poustouflantes comme celle-ci<\/li>\n<li>\n<strong>Aucune garantie incluse\u00a0: <\/strong>Le type de garantie disponible sur ce type d&#039;article\u00a0; Le collier de style d\u00e9contract\u00e9 n&#039;est accompagn\u00e9 d&#039;aucune garantie, mais compte tenu de sa qualit\u00e9 authentique\u00a0; vous pouvez \u00eatre s\u00fbr de porter votre achat tous les jours sans vous soucier des dommages caus\u00e9s par les d\u00e9fauts du fabricant.<\/li>\n<\/ul>\n<p>.<\/p>","protected":false},"excerpt":{"rendered":"<p>This Glutinous Yellow and White Natural Type A Jadeite Pendant Necklace is a stunning jewelry accessory and derivative that features exquisite craftsmanship. The pendant is crafted as Pixiu, which is a Chinese mythical creature known for its powerful abilities to attract wealth and good fortune. Beautiful Design: The pendant necklace is made of natural Type [&hellip;]<\/p>","protected":false},"featured_media":3660,"comment_status":"open","ping_status":"closed","template":"","meta":[],"product_brand":[],"product_cat":[194],"product_tag":[],"class_list":{"0":"post-1357","1":"product","2":"type-product","3":"status-publish","4":"has-post-thumbnail","6":"product_cat-value-picks","8":"first","9":"instock","10":"sale","11":"shipping-taxable","12":"purchasable","13":"product-type-simple"},"_links":{"self":[{"href":"https:\/\/shop.yipinqian.com\/fr\/wp-json\/wp\/v2\/product\/1357","targetHints":{"allow":["GET"]}}],"collection":[{"href":"https:\/\/shop.yipinqian.com\/fr\/wp-json\/wp\/v2\/product"}],"about":[{"href":"https:\/\/shop.yipinqian.com\/fr\/wp-json\/wp\/v2\/types\/product"}],"replies":[{"embeddable":true,"href":"https:\/\/shop.yipinqian.com\/fr\/wp-json\/wp\/v2\/comments?post=1357"}],"version-history":[{"count":0,"href":"https:\/\/shop.yipinqian.com\/fr\/wp-json\/wp\/v2\/product\/1357\/revisions"}],"wp:featuredmedia":[{"embeddable":true,"href":"https:\/\/shop.yipinqian.com\/fr\/wp-json\/wp\/v2\/media\/3660"}],"wp:attachment":[{"href":"https:\/\/shop.yipinqian.com\/fr\/wp-json\/wp\/v2\/media?parent=1357"}],"wp:term":[{"taxonomy":"product_brand","embeddable":true,"href":"https:\/\/shop.yipinqian.com\/fr\/wp-json\/wp\/v2\/product_brand?post=1357"},{"taxonomy":"product_cat","embeddable":true,"href":"https:\/\/shop.yipinqian.com\/fr\/wp-json\/wp\/v2\/product_cat?post=1357"},{"taxonomy":"product_tag","embeddable":true,"href":"https:\/\/shop.yipinqian.com\/fr\/wp-json\/wp\/v2\/product_tag?post=1357"}],"curies":[{"name":"wp","href":"https:\/\/api.w.org\/{rel}","templated":true}]}}