{"id":1356,"date":"2024-10-24T23:18:38","date_gmt":"2024-10-24T15:18:38","guid":{"rendered":"https:\/\/shop.yipinqian.com\/product\/full-yellow-old-mine-natural-type-a-jadeite-pendant-carved-with-laughing-buddha-represents-tolerance-and-wisdom-humor-happy-spirit-come-with-certificate-weight-35-13-grams-49-30-27-90-14-30-mm-suitabl\/"},"modified":"2025-02-24T01:34:20","modified_gmt":"2025-02-23T17:34:20","slug":"full-yellow-old-mine-natural-type-a-jadeite-pendant-carved-with-laughing-buddha-represents-tolerance-and-wisdom-humor-happy-spirit-come-with-certificate-weight-35-13-grams-49-30-27-90-14-30-mm-suitabl","status":"publish","type":"product","link":"https:\/\/shop.yipinqian.com\/fr\/produit\/full-yellow-old-mine-natural-type-a-jadeite-pendant-carved-with-laughing-buddha-represents-tolerance-and-wisdom-humor-happy-spirit-come-with-certificate-weight-35-13-grams-49-30-27-90-14-30-mm-suitabl\/","title":{"rendered":"Pendentif en jad\u00e9ite naturelle de type A de mine ancienne enti\u00e8rement jaune sculpt\u00e9 avec le Bouddha rieur repr\u00e9sentant la tol\u00e9rance et la sagesse, l&#039;humour, l&#039;esprit heureux, livr\u00e9 avec un certificat pesant 35,13 grammes, 49,30 * 27,90 * 14,30 mm, adapt\u00e9 \u00e0 un usage quotidien en toutes occasions (pendentif96)"},"content":{"rendered":"<p>Ce pendentif en jad\u00e9ite naturelle de type A de la mine ancienne enti\u00e8rement jaune est un chef-d&#039;\u0153uvre qui repr\u00e9sente la tol\u00e9rance et la sagesse, l&#039;humour et l&#039;esprit joyeux du Bouddha rieur. Sa sculpture complexe d&#039;un poids de 35,13 grammes et ses dimensions de 49,30 * 27,90 * 14,30 mm le rendent adapt\u00e9 \u00e0 un usage quotidien en toutes occasions.<\/p>\n<ul>\n<li><strong>Caract\u00e9ristiques principales :<\/strong><\/li>\n<li>Pendentif en jad\u00e9ite naturelle de type A provenant d&#039;une ancienne mine enti\u00e8rement jaune<\/li>\n<li>Sculpt\u00e9 avec un Bouddha rieur repr\u00e9sentant la tol\u00e9rance, la sagesse, l&#039;humour et l&#039;esprit joyeux<\/li>\n<li>Certificat inclus<\/li>\n<li>Design unisexe avec style collier d\u00e9contract\u00e9<\/li>\n<\/ul>\n<p><strong>Num\u00e9ros de certificat : GD2201H013233<\/strong><\/p>\n<p><img fetchpriority=\"high\" decoding=\"async\" height=\"1080\" src=\"https:\/\/shop.yipinqian.com\/wp-content\/uploads\/2024\/10\/bfe7d4a153c384f8a995af80ff842277.jpg?from=476444299\" width=\"1080\"><img decoding=\"async\" height=\"1080\" src=\"https:\/\/shop.yipinqian.com\/wp-content\/uploads\/2024\/10\/b551c64a39fd2ac0c71e94e0be01b897.jpg?from=476444299\" width=\"1080\"><\/p>\n<p>Le jade utilis\u00e9 dans ce pendentif provient du Myanmar (Birmanie), connu pour produire certains des meilleurs jades au monde.<\/p>\n<ul>\n<li><strong>Attributs du produit :<\/strong><\/li>\n<li>Certificat inclus : Oui<\/li>\n<li>Pays d&#039;origine : Myanmar<\/li>\n<li>Occasion : Quotidien<\/li>\n<li>Type de garantie : Aucune garantie\u00a0<\/li>\n<li>Genre : Unisexe<\/li>\n<\/ul>\n<p>\u00a0<\/p>\n<p>Cette pi\u00e8ce exquise ajoute non seulement de l&#039;\u00e9l\u00e9gance \u00e0 votre tenue, mais sert \u00e9galement de rappel pour rester heureux et sage m\u00eame dans les moments difficiles.<\/p>\n<p>\u00a0<\/p>\n<p>Yi Pin Qian \u2013 N\u00e9gociant en pierres pr\u00e9cieuses et m\u00e9taux pr\u00e9cieux \u00e0 Singapour \u2013 Num\u00e9ro de licence PS20190000031<\/p>\n<p>\u00a0<\/p>\n<p>*Toutes les jad\u00e9ites achet\u00e9es chez Yi Pin Qian \u00e0 Singapour, les clients peuvent r\u00e9server des cr\u00e9neaux pour le polissage ou une r\u00e9paration mineure en cas de mauvaise manipulation - des frais s&#039;appliquent et uniquement pour les clients de Yi Pin Qian \u00e0 Singapour*<\/p>\n<p>\u00a0<\/p>\n<p><strong>**Types de certificats**<\/strong><\/p>\n<p>\u00a0<\/p>\n<p><strong>NGI (Nan Yang Gemmologie)<\/strong><\/p>\n<p>ou <strong>Certificats \u00e9trangers <\/strong>(Yi Pin Qian utilise uniquement des certificats authentiques provenant de laboratoires \u00e9trangers et contr\u00f4le \u00e9galement la qualit\u00e9 de chacun de nos produits avant de les mettre en vente \u00e0 Singapour)<\/p>\n<p>\u00a0<\/p>\n<p>Chaque produit sur TikTok aura le type de certificat fourni indiqu\u00e9 dans la description. Pour tout client souhaitant envoyer sa commande \u00e0 NGI Singapore, il y aura un d\u00e9lai d&#039;attente pour la livraison de la commande estim\u00e9 \u00e0 environ 4 semaines pour recevoir votre commande. <strong>Les demandes de rapport sur les pierres pr\u00e9cieuses NGI doivent \u00eatre effectu\u00e9es en envoyant un message \u00e0 la boutique TikTok de Yi Pin Qian.<\/strong> Merci, <strong><u>des frais suppl\u00e9mentaires s&#039;appliquent<\/u><\/strong>.<\/p>","protected":false},"excerpt":{"rendered":"<p>This Full Yellow Old Mine Natural Type A Jadeite pendant is a masterpiece that represents the Tolerance and wisdom, humor, happy spirit of Laughing Buddha. Its intricate carving with a weight of 35.13 grams and dimensions 49.30 * 27.90 * 14.30 mm makes it suitable for daily wear on all occasions. Key Features: Full Yellow [&hellip;]<\/p>","protected":false},"featured_media":3650,"comment_status":"open","ping_status":"closed","template":"","meta":[],"product_brand":[],"product_cat":[196],"product_tag":[],"class_list":{"0":"post-1356","1":"product","2":"type-product","3":"status-publish","4":"has-post-thumbnail","6":"product_cat-vault-collection","8":"first","9":"instock","10":"sale","11":"shipping-taxable","12":"purchasable","13":"product-type-simple"},"_links":{"self":[{"href":"https:\/\/shop.yipinqian.com\/fr\/wp-json\/wp\/v2\/product\/1356","targetHints":{"allow":["GET"]}}],"collection":[{"href":"https:\/\/shop.yipinqian.com\/fr\/wp-json\/wp\/v2\/product"}],"about":[{"href":"https:\/\/shop.yipinqian.com\/fr\/wp-json\/wp\/v2\/types\/product"}],"replies":[{"embeddable":true,"href":"https:\/\/shop.yipinqian.com\/fr\/wp-json\/wp\/v2\/comments?post=1356"}],"version-history":[{"count":0,"href":"https:\/\/shop.yipinqian.com\/fr\/wp-json\/wp\/v2\/product\/1356\/revisions"}],"wp:featuredmedia":[{"embeddable":true,"href":"https:\/\/shop.yipinqian.com\/fr\/wp-json\/wp\/v2\/media\/3650"}],"wp:attachment":[{"href":"https:\/\/shop.yipinqian.com\/fr\/wp-json\/wp\/v2\/media?parent=1356"}],"wp:term":[{"taxonomy":"product_brand","embeddable":true,"href":"https:\/\/shop.yipinqian.com\/fr\/wp-json\/wp\/v2\/product_brand?post=1356"},{"taxonomy":"product_cat","embeddable":true,"href":"https:\/\/shop.yipinqian.com\/fr\/wp-json\/wp\/v2\/product_cat?post=1356"},{"taxonomy":"product_tag","embeddable":true,"href":"https:\/\/shop.yipinqian.com\/fr\/wp-json\/wp\/v2\/product_tag?post=1356"}],"curies":[{"name":"wp","href":"https:\/\/api.w.org\/{rel}","templated":true}]}}