{"id":1348,"date":"2024-10-24T23:18:35","date_gmt":"2024-10-24T15:18:35","guid":{"rendered":"https:\/\/shop.yipinqian.com\/product\/excellent-yellow-cabochons-semi-to-icy-translucent-quality-natural-type-a-jadeite-jade-as-bracelet-set-on-s925-certificate-weighs-3-95-grams-measurement-see-descriptionss925b2\/"},"modified":"2025-02-24T00:49:58","modified_gmt":"2025-02-23T16:49:58","slug":"excellent-yellow-cabochons-semi-to-icy-translucent-quality-natural-type-a-jadeite-jade-as-bracelet-set-on-s925-certificate-weighs-3-95-grams-measurement-see-descriptionss925b2","status":"publish","type":"product","link":"https:\/\/shop.yipinqian.com\/fr\/produit\/excellent-yellow-cabochons-semi-to-icy-translucent-quality-natural-type-a-jadeite-jade-as-bracelet-set-on-s925-certificate-weighs-3-95-grams-measurement-see-descriptionss925b2\/","title":{"rendered":"Excellents cabochons jaunes de qualit\u00e9 semi-translucide \u00e0 glac\u00e9e en jade jad\u00e9ite de type A naturel comme bracelet serti sur S925, le certificat p\u00e8se 3,95 grammes, mesure voir descriptions (s925b2)"},"content":{"rendered":"<p>Ce bracelet en jade jad\u00e9ite naturelle de type A de qualit\u00e9 semi-translucide \u00e0 glac\u00e9e avec cabochons jaunes d&#039;excellente qualit\u00e9 est une superbe pi\u00e8ce sertie sur de l&#039;argent S925, pesant 3,95 grammes.<\/p>\n<p>\u00a0<\/p>\n<p>Num\u00e9ros de certificat : GD2112H020562<\/p>\n<p>Taille du cabochon : 10 * 5,2 * 2,8 \/ 11,9 * 7,8 * 4,9 \/ 11,2 * 5,2 * 2,6 mm<\/p>\n<p><img fetchpriority=\"high\" decoding=\"async\" height=\"1080\" src=\"https:\/\/shop.yipinqian.com\/wp-content\/uploads\/2024\/10\/10a7b04fa2cc8bf3549abb2bc7fa51f3.jpg?from=476444299\" width=\"1080\"><\/p>\n<ul>\n<li>\n<strong>Certificat:<\/strong> Oui<\/li>\n<li>\n<strong>Mat\u00e9riau de r\u00e9glage :<\/strong> Argent S925<\/li>\n<li>\n<strong>Pays d&#039;origine :<\/strong> Birmanie<\/li>\n<li>\n<strong>Occasion:<\/strong> Tous les jours<\/li>\n<li>\n<strong>Type de jade : <\/strong>Jad\u00e9ite<\/li>\n<\/ul>\n<p>Ce bracelet exquis pr\u00e9sente du jade authentique avec une belle teinte jaune, parfait pour un usage quotidien.<\/p>\n<ul>\n<li>Le design pr\u00e9sente des cabochons de qualit\u00e9 semi-translucides \u00e0 glac\u00e9s qui ajoutent une touche \u00e9l\u00e9gante \u00e0 la pi\u00e8ce.<\/li>\n<li>Le bracelet est sp\u00e9cialement con\u00e7u pour les femmes qui appr\u00e9cient la beaut\u00e9 des accessoires en jade.<\/li>\n<li>Veuillez vous r\u00e9f\u00e9rer \u00e0 la description pour les mesures d\u00e9taill\u00e9es (s925b2) de ce bracelet en jad\u00e9ite de type A unique et \u00e9l\u00e9gant.<\/li>\n<\/ul>\n<p><strong>La jad\u00e9ite naturelle n&#039;est pas parfaite, juste un petit rappel : notre jad\u00e9ite naturelle, comme toutes les belles choses de la nature, poss\u00e8de ses caract\u00e9ristiques et ses variations uniques. Nous invitons nos pr\u00e9cieux clients \u00e0 adopter ces variations naturelles. Bon shopping !<\/strong><\/p>\n<p>\u00a0<\/p>\n<p><strong><u>Aucune des photos et des s\u00e9quences vid\u00e9o n&#039;a \u00e9t\u00e9 filtr\u00e9e. Nous encourageons nos clients \u00e0 regarder \u00e9galement les vid\u00e9os d&#039;accompagnement pour une vue plus compl\u00e8te de nos produits<\/u><\/strong><\/p>","protected":false},"excerpt":{"rendered":"<p>Ce bracelet en jade jad\u00e9ite naturelle de type A de qualit\u00e9 semi-translucide \u00e0 glac\u00e9e avec cabochons jaunes est une superbe pi\u00e8ce sertie sur argent S925, pesant 3,95 grammes. Num\u00e9ros de certificat : GD2112H020562 Taille du cabochon : 10 * 5,2 * 2,8 \/ 11,9 * 7,8 * 4,9 \/ 11,2 * 5,2 * 2,6 mm Certificat : Oui Mat\u00e9riau de la monture : S925 [\u2026]<\/p>","protected":false},"featured_media":3569,"comment_status":"open","ping_status":"closed","template":"","meta":[],"product_brand":[],"product_cat":[194],"product_tag":[],"class_list":{"0":"post-1348","1":"product","2":"type-product","3":"status-publish","4":"has-post-thumbnail","6":"product_cat-value-picks","8":"first","9":"instock","10":"sale","11":"shipping-taxable","12":"purchasable","13":"product-type-simple"},"_links":{"self":[{"href":"https:\/\/shop.yipinqian.com\/fr\/wp-json\/wp\/v2\/product\/1348","targetHints":{"allow":["GET"]}}],"collection":[{"href":"https:\/\/shop.yipinqian.com\/fr\/wp-json\/wp\/v2\/product"}],"about":[{"href":"https:\/\/shop.yipinqian.com\/fr\/wp-json\/wp\/v2\/types\/product"}],"replies":[{"embeddable":true,"href":"https:\/\/shop.yipinqian.com\/fr\/wp-json\/wp\/v2\/comments?post=1348"}],"version-history":[{"count":0,"href":"https:\/\/shop.yipinqian.com\/fr\/wp-json\/wp\/v2\/product\/1348\/revisions"}],"wp:featuredmedia":[{"embeddable":true,"href":"https:\/\/shop.yipinqian.com\/fr\/wp-json\/wp\/v2\/media\/3569"}],"wp:attachment":[{"href":"https:\/\/shop.yipinqian.com\/fr\/wp-json\/wp\/v2\/media?parent=1348"}],"wp:term":[{"taxonomy":"product_brand","embeddable":true,"href":"https:\/\/shop.yipinqian.com\/fr\/wp-json\/wp\/v2\/product_brand?post=1348"},{"taxonomy":"product_cat","embeddable":true,"href":"https:\/\/shop.yipinqian.com\/fr\/wp-json\/wp\/v2\/product_cat?post=1348"},{"taxonomy":"product_tag","embeddable":true,"href":"https:\/\/shop.yipinqian.com\/fr\/wp-json\/wp\/v2\/product_tag?post=1348"}],"curies":[{"name":"wp","href":"https:\/\/api.w.org\/{rel}","templated":true}]}}