{"id":1345,"date":"2024-10-24T23:18:33","date_gmt":"2024-10-24T15:18:33","guid":{"rendered":"https:\/\/shop.yipinqian.com\/product\/elegant-round-sculpture-horse-crafted-with-natural-type-a-jadeite-pendant-necklace-with-certificate-included-weigh-22-15-grams-34-5-40-8-11-6-mm-a-rare-collectors-piece-for-your-daily-wear-pendant44\/"},"modified":"2025-02-24T00:49:58","modified_gmt":"2025-02-23T16:49:58","slug":"elegant-round-sculpture-horse-crafted-with-natural-type-a-jadeite-pendant-necklace-with-certificate-included-weigh-22-15-grams-34-5-40-8-11-6-mm-a-rare-collectors-piece-for-your-daily-wear-pendant44","status":"publish","type":"product","link":"https:\/\/shop.yipinqian.com\/fr\/produit\/elegant-round-sculpture-horse-crafted-with-natural-type-a-jadeite-pendant-necklace-with-certificate-included-weigh-22-15-grams-34-5-40-8-11-6-mm-a-rare-collectors-piece-for-your-daily-wear-pendant44\/","title":{"rendered":"Collier pendentif \u00e9l\u00e9gant en forme de cheval sculpt\u00e9 rond fabriqu\u00e9 avec du jad\u00e9ite naturel de type A avec certificat inclus pesant 22,15 grammes, 34,5 * 40,8 * 11,6 mm, une pi\u00e8ce de collection rare pour votre usage quotidien (pendentif44)"},"content":{"rendered":"<p>Ajoutez une touche d&#039;\u00e9l\u00e9gance \u00e0 votre garde-robe avec ce superbe collier pendentif repr\u00e9sentant un cheval sculpt\u00e9 en jad\u00e9ite naturelle de type A. Pesant 22,15 grammes et mesurant 34,5 x 40,8 x 11,6 mm, cette pi\u00e8ce de collection rare est accompagn\u00e9e d&#039;un certificat d&#039;authenticit\u00e9 et est parfaite pour un usage quotidien.<\/p>\n<ul>\n<li>\n<strong>Conception exquise :<\/strong> L&#039;\u00e9l\u00e9gant design de sculpture ronde en forme de cheval sur le pendentif le rend unique et \u00e9l\u00e9gant.<\/li>\n<li>\n<strong>Jad\u00e9ite naturelle de type A :<\/strong> Fabriqu\u00e9 \u00e0 partir de jad\u00e9ite naturelle de type A, ce pendentif est non seulement beau mais \u00e9galement durable.<\/li>\n<li>\n<strong>Certificat inclus :<\/strong> Le certificat d&#039;authenticit\u00e9 inclus garantit que vous obtenez un v\u00e9ritable bijou en jad\u00e9ite.<\/li>\n<\/ul>\n<p><strong>Num\u00e9ros de certificat : GD2112H010354<\/strong><\/p>\n<p><img fetchpriority=\"high\" decoding=\"async\" height=\"1080\" src=\"https:\/\/shop.yipinqian.com\/wp-content\/uploads\/2024\/10\/5ffe7a1f94f40e27a5a0690cddaffa2f.jpg?from=476444299\" width=\"1080\"><\/p>\n<p>Ajoutez une touche de sophistication \u00e0 votre collection de bijoux avec ce collier pendentif exquis qui peut \u00eatre port\u00e9 tous les jours ou conserv\u00e9 dans le cadre de votre collection ch\u00e9rie pour des occasions sp\u00e9ciales !<\/p>\n<p>Yi Pin Qian \u2013 N\u00e9gociant en pierres pr\u00e9cieuses et m\u00e9taux pr\u00e9cieux \u00e0 Singapour \u2013 Num\u00e9ro de licence PS20190000031<\/p>\n<p>*Toutes les jad\u00e9ites achet\u00e9es chez Yi Pin Qian \u00e0 Singapour, les clients peuvent r\u00e9server des cr\u00e9neaux pour le polissage ou une r\u00e9paration mineure en cas de mauvaise manipulation - des frais s&#039;appliquent et uniquement pour les clients de Yi Pin Qian \u00e0 Singapour*<\/p>\n<p><strong>**Types de certificats**<\/strong><\/p>\n<p>\u00a0<\/p>\n<p><strong>NGI (Nan Yang Gemmologie)<\/strong><\/p>\n<p>ou <strong>Certificats \u00e9trangers <\/strong>(Yi Pin Qian utilise uniquement des certificats authentiques provenant de laboratoires \u00e9trangers et contr\u00f4le \u00e9galement la qualit\u00e9 de chacun de nos produits avant de les mettre en vente \u00e0 Singapour)<\/p>\n<p>\u00a0<\/p>\n<p>Chaque produit sur TikTok aura le type de certificat fourni indiqu\u00e9 dans la description. Pour tout client souhaitant envoyer sa commande \u00e0 NGI Singapore, il y aura un d\u00e9lai d&#039;attente pour la livraison de la commande estim\u00e9 \u00e0 environ 4 semaines pour recevoir votre commande. <strong>Les demandes de rapport sur les pierres pr\u00e9cieuses NGI doivent \u00eatre effectu\u00e9es en envoyant un message \u00e0 la boutique TikTok de Yi Pin Qian.<\/strong> Merci, <strong><u>des frais suppl\u00e9mentaires s&#039;appliquent<\/u><\/strong>.<\/p>\n<p>\u00a0<\/p>\n<p><strong>La jad\u00e9ite naturelle n&#039;est pas parfaite, juste un petit rappel : notre jad\u00e9ite naturelle, comme toutes les belles choses de la nature, poss\u00e8de ses caract\u00e9ristiques et ses variations uniques. Nous invitons nos pr\u00e9cieux clients \u00e0 adopter ces variations naturelles. Bon shopping !<\/strong><\/p>\n<p>\u00a0<\/p>\n<p><strong><u>Aucune des photos et des s\u00e9quences vid\u00e9o n&#039;a \u00e9t\u00e9 filtr\u00e9e. Nous encourageons nos clients \u00e0 regarder \u00e9galement les vid\u00e9os d&#039;accompagnement pour une vue plus compl\u00e8te de nos produits<\/u><\/strong><\/p>","protected":false},"excerpt":{"rendered":"<p>Add a touch of elegance to your wardrobe with this stunning pendant necklace featuring a sculpted horse crafted from natural Type A Jadeite. Weighing 22.15 grams and measuring 34.5 x 40.8 x 11.6 mm, this rare collector&#8217;s piece comes with a certificate of authenticity and is perfect for daily wear. Exquisite Design: The elegant round [&hellip;]<\/p>","protected":false},"featured_media":3551,"comment_status":"open","ping_status":"closed","template":"","meta":[],"product_brand":[],"product_cat":[194],"product_tag":[],"class_list":{"0":"post-1345","1":"product","2":"type-product","3":"status-publish","4":"has-post-thumbnail","6":"product_cat-value-picks","8":"first","9":"instock","10":"sale","11":"shipping-taxable","12":"purchasable","13":"product-type-simple"},"_links":{"self":[{"href":"https:\/\/shop.yipinqian.com\/fr\/wp-json\/wp\/v2\/product\/1345","targetHints":{"allow":["GET"]}}],"collection":[{"href":"https:\/\/shop.yipinqian.com\/fr\/wp-json\/wp\/v2\/product"}],"about":[{"href":"https:\/\/shop.yipinqian.com\/fr\/wp-json\/wp\/v2\/types\/product"}],"replies":[{"embeddable":true,"href":"https:\/\/shop.yipinqian.com\/fr\/wp-json\/wp\/v2\/comments?post=1345"}],"version-history":[{"count":0,"href":"https:\/\/shop.yipinqian.com\/fr\/wp-json\/wp\/v2\/product\/1345\/revisions"}],"wp:featuredmedia":[{"embeddable":true,"href":"https:\/\/shop.yipinqian.com\/fr\/wp-json\/wp\/v2\/media\/3551"}],"wp:attachment":[{"href":"https:\/\/shop.yipinqian.com\/fr\/wp-json\/wp\/v2\/media?parent=1345"}],"wp:term":[{"taxonomy":"product_brand","embeddable":true,"href":"https:\/\/shop.yipinqian.com\/fr\/wp-json\/wp\/v2\/product_brand?post=1345"},{"taxonomy":"product_cat","embeddable":true,"href":"https:\/\/shop.yipinqian.com\/fr\/wp-json\/wp\/v2\/product_cat?post=1345"},{"taxonomy":"product_tag","embeddable":true,"href":"https:\/\/shop.yipinqian.com\/fr\/wp-json\/wp\/v2\/product_tag?post=1345"}],"curies":[{"name":"wp","href":"https:\/\/api.w.org\/{rel}","templated":true}]}}