{"id":13397,"date":"2024-11-22T19:03:53","date_gmt":"2024-11-22T11:03:53","guid":{"rendered":"https:\/\/shop.yipinqian.com\/this-high-quality-light-lavender-with-light-green-natural-jadeite-jade-crafted-with-faceless-buddha-as-pendant-certificate-weighs-12-04-grams-measurement-41-7-23-5-6-8-mm-pendant338\/"},"modified":"2025-02-24T00:49:48","modified_gmt":"2025-02-23T16:49:48","slug":"this-high-quality-light-lavender-with-light-green-natural-jadeite-jade-crafted-with-faceless-buddha-as-pendant-certificate-weighs-12-04-grams-measurement-41-7-23-5-6-8-mm-pendant338","status":"publish","type":"product","link":"https:\/\/shop.yipinqian.com\/fr\/produit\/this-high-quality-light-lavender-with-light-green-natural-jadeite-jade-crafted-with-faceless-buddha-as-pendant-certificate-weighs-12-04-grams-measurement-41-7-23-5-6-8-mm-pendant338\/","title":{"rendered":"Ce pendentif en jade naturel lavande clair et vert clair de haute qualit\u00e9 fabriqu\u00e9 avec un Bouddha sans visage p\u00e8se 12,04 grammes et mesure 41,7 * 23,5 * 6,8 mm (pendentif338)"},"content":{"rendered":"<p>Rehaussez votre style avec ce collier en jade jad\u00e9ite naturel lavande clair et vert clair de haute qualit\u00e9 dot\u00e9 d&#039;un pendentif Bouddha sans visage.<\/p>\n<p><\/p>\n<p><strong>Note:<\/strong> ce pendentif est rest\u00e9 dans le coffre-fort pendant des ann\u00e9es sans que je le remarque et le certificat d&#039;outre-mer indique seulement qu&#039;il est de teinte vert clair, mais la jad\u00e9ite a une teinte lavande claire avec du vert clair. Quoi qu&#039;il en soit, c&#039;est une jad\u00e9ite de bonne qualit\u00e9, pas mal pour ce prix. (veuillez regarder le clip vid\u00e9o)<\/p>\n<p><\/p>\n<p>Num\u00e9ros de certificat : 920460010617<\/p>\n<p><img fetchpriority=\"high\" decoding=\"async\" src=\"https:\/\/shop.yipinqian.com\/wp-content\/uploads\/2024\/11\/c886d2b3848e43468984894f07b3cd9ctplv-aphluv4xwc-origin-jpeg.jpeg?dr=15568&#038;nonce=35723&#038;refresh_token=26b93e18ed4119a92e45840628e9f967&#038;from=476444299&#038;idc=my2&#038;ps=933b5bde&#038;shcp=9b759fb9&#038;shp=1c65f68b&#038;t=555f072d\" width=\"1080\" height=\"1080\"><\/p>\n<ul>\n<li>\n<strong>Poids:<\/strong> 12,04 grammes<\/li>\n<li>\n<strong>Mesures:<\/strong> 41,7 * 23,5 * 6,8 mm <- 6.8mm is not bad for the thickness <\/li>\n<\/ul>\n<p><img decoding=\"async\" src=\"https:\/\/shop.yipinqian.com\/wp-content\/uploads\/2024\/11\/f0aafae99045428e82cbb8ec8f0539f8tplv-aphluv4xwc-origin-jpeg.jpeg?dr=15568&#038;nonce=92588&#038;refresh_token=d16a998bdffbfb498c85bf00e143fdc1&#038;from=476444299&#038;idc=my2&#038;ps=933b5bde&#038;shcp=9b759fb9&#038;shp=1c65f68b&#038;t=555f072d\" width=\"1080\" height=\"1080\"><\/p>\n<p>Cette pi\u00e8ce exquise, originaire du Myanmar, respire l&#039;\u00e9l\u00e9gance et le charme, la rendant id\u00e9ale \u00e0 porter au quotidien.<\/p>\n<ul>\n<li>\n<strong>Certificat:<\/strong> Oui<\/li>\n<li>\n<strong>Type de jade :<\/strong> Jad\u00e9ite<\/li>\n<\/ul>\n<p>Le design d\u00e9contract\u00e9 du collier est parfait pour les hommes et les femmes qui cherchent \u00e0 ajouter une touche de sophistication \u00e0 leur tenue.<\/p>\n<p><\/p>\n<p><strong>La jad\u00e9ite naturelle n&#039;est pas parfaite, juste un petit rappel : notre jad\u00e9ite naturelle, comme toutes les belles choses de la nature, poss\u00e8de ses caract\u00e9ristiques et ses variations uniques. Nous invitons nos pr\u00e9cieux clients \u00e0 adopter ces variations naturelles. Bon shopping !<\/strong><\/p>\n<p><\/p>\n<p><strong><u>Aucune des photos et des s\u00e9quences vid\u00e9o n&#039;a \u00e9t\u00e9 filtr\u00e9e. Nous encourageons nos clients \u00e0 regarder \u00e9galement les vid\u00e9os d&#039;accompagnement pour une vue plus compl\u00e8te de nos produits<\/u><\/strong><\/p>\n<p><\/p>\n<ul>\n<li>Diff\u00e9rentes plates-formes ne peuvent visionner des vid\u00e9os que via le bureau<\/li>\n<\/ul>","protected":false},"excerpt":{"rendered":"<p>Enhance your style with this High-Quality Light lavender with Light Green Natural Jadeite Jade necklace featuring a faceless Buddha pendant. Note: this pendant was seating in the safe for years without noticing it and the certificate from oversea only indicate that it is light green hue, but the jadeite has light lavender hue with light [&hellip;]<\/p>","protected":false},"featured_media":13678,"comment_status":"open","ping_status":"closed","template":"","meta":[],"product_brand":[],"product_cat":[194],"product_tag":[51,52,65,55,82,108,56,58,73,60,61,62],"class_list":{"0":"post-13397","1":"product","2":"type-product","3":"status-publish","4":"has-post-thumbnail","6":"product_cat-value-picks","7":"product_tag-buddha","8":"product_tag-certified","9":"product_tag-high-quality","10":"product_tag-jadeite","11":"product_tag-light-green","12":"product_tag-light-lavender","13":"product_tag-limited-editions","14":"product_tag-new-arrivals","15":"product_tag-pendant","16":"product_tag-type-a-jadeite","17":"product_tag-unisex","18":"product_tag-yi-pin-qian-exclusive","20":"first","21":"instock","22":"sale","23":"shipping-taxable","24":"purchasable","25":"product-type-simple"},"_links":{"self":[{"href":"https:\/\/shop.yipinqian.com\/fr\/wp-json\/wp\/v2\/product\/13397","targetHints":{"allow":["GET"]}}],"collection":[{"href":"https:\/\/shop.yipinqian.com\/fr\/wp-json\/wp\/v2\/product"}],"about":[{"href":"https:\/\/shop.yipinqian.com\/fr\/wp-json\/wp\/v2\/types\/product"}],"replies":[{"embeddable":true,"href":"https:\/\/shop.yipinqian.com\/fr\/wp-json\/wp\/v2\/comments?post=13397"}],"version-history":[{"count":0,"href":"https:\/\/shop.yipinqian.com\/fr\/wp-json\/wp\/v2\/product\/13397\/revisions"}],"wp:featuredmedia":[{"embeddable":true,"href":"https:\/\/shop.yipinqian.com\/fr\/wp-json\/wp\/v2\/media\/13678"}],"wp:attachment":[{"href":"https:\/\/shop.yipinqian.com\/fr\/wp-json\/wp\/v2\/media?parent=13397"}],"wp:term":[{"taxonomy":"product_brand","embeddable":true,"href":"https:\/\/shop.yipinqian.com\/fr\/wp-json\/wp\/v2\/product_brand?post=13397"},{"taxonomy":"product_cat","embeddable":true,"href":"https:\/\/shop.yipinqian.com\/fr\/wp-json\/wp\/v2\/product_cat?post=13397"},{"taxonomy":"product_tag","embeddable":true,"href":"https:\/\/shop.yipinqian.com\/fr\/wp-json\/wp\/v2\/product_tag?post=13397"}],"curies":[{"name":"wp","href":"https:\/\/api.w.org\/{rel}","templated":true}]}}