{"id":13391,"date":"2024-11-22T19:03:41","date_gmt":"2024-11-22T11:03:41","guid":{"rendered":"https:\/\/shop.yipinqian.com\/sg-new-arrival-crafted-as-god-of-fortune-natural-type-a-jadeite-jade-as-pendant-certificate-weighs-16-02-grams-measurement-43-1-27-6-9-1-mm-pendant340\/"},"modified":"2025-02-24T00:49:48","modified_gmt":"2025-02-23T16:49:48","slug":"sg-new-arrival-crafted-as-god-of-fortune-natural-type-a-jadeite-jade-as-pendant-certificate-weighs-16-02-grams-measurement-43-1-27-6-9-1-mm-pendant340","status":"publish","type":"product","link":"https:\/\/shop.yipinqian.com\/fr\/produit\/sg-new-arrival-crafted-as-god-of-fortune-natural-type-a-jadeite-jade-as-pendant-certificate-weighs-16-02-grams-measurement-43-1-27-6-9-1-mm-pendant340\/","title":{"rendered":"Sg Nouvelle arriv\u00e9e Fabriqu\u00e9 comme Dieu de la Fortune Jadeite naturelle de type A en pendentif, certificat p\u00e8se 16,02 grammes, mesure 43,1 * 27,6 * 9,1 mm (pendentif340)"},"content":{"rendered":"<p>This stunning pendant features a new arrival of God of Fortune crafted in natural Type A Jadeite Jade, originating from Myanmar.<\/p>\n<p><\/p>\n<p>Certificate numbers: GD2107H003333<\/p>\n<p><img fetchpriority=\"high\" decoding=\"async\" src=\"https:\/\/shop.yipinqian.com\/wp-content\/uploads\/2024\/11\/9016ebf6662f493c89b471d89b3d2485tplv-aphluv4xwc-origin-jpeg.jpeg?dr=15568&#038;nonce=97234&#038;refresh_token=d60cc119f7f30f3f05308100664b75c4&#038;from=476444299&#038;idc=my2&#038;ps=933b5bde&#038;shcp=9b759fb9&#038;shp=1c65f68b&#038;t=555f072d\" width=\"1080\" height=\"1080\"><\/p>\n<ul>\n<li>\n<strong>Poids et mesures :<\/strong> Weighing 16.02 grams, these pendant measures 43.1 * 27.6 * 9.1 mm (pendant340).<\/li>\n<li>\n<strong>Certificat:<\/strong> This exquisite piece comes with a certificate, ensuring its authenticity.<\/li>\n<li>\n<strong>Occasion and Style:<\/strong> Perfect for auspicious occasions and casual wear, this unisex pendant exudes elegance.<\/li>\n<\/ul>\n<p><strong>La jad\u00e9ite naturelle n&#039;est pas parfaite, juste un petit rappel : notre jad\u00e9ite naturelle, comme toutes les belles choses de la nature, poss\u00e8de ses caract\u00e9ristiques et ses variations uniques. Nous invitons nos pr\u00e9cieux clients \u00e0 adopter ces variations naturelles. Bon shopping !<\/strong><\/p>\n<p><\/p>\n<p><strong><u>Aucune des photos et des s\u00e9quences vid\u00e9o n&#039;a \u00e9t\u00e9 filtr\u00e9e. Nous encourageons nos clients \u00e0 regarder \u00e9galement les vid\u00e9os d&#039;accompagnement pour une vue plus compl\u00e8te de nos produits<\/u><\/strong><\/p>\n<p><\/p>\n<ul>\n<li>Diff\u00e9rentes plates-formes ne peuvent visionner des vid\u00e9os que via le bureau<\/li>\n<\/ul>","protected":false},"excerpt":{"rendered":"<p>Ce superbe pendentif pr\u00e9sente une nouvelle arriv\u00e9e du Dieu de la Fortune fabriqu\u00e9e en jade jad\u00e9ite de type A naturel, originaire du Myanmar. Num\u00e9ros de certificat : GD2107H003333 Poids et mesure : pesant 16,02 grammes, ce pendentif mesure 43,1 * 27,6 * 9,1 mm (pendentif340). Certificat : cette pi\u00e8ce exquise est accompagn\u00e9e d&#039;un certificat, garantissant son authenticit\u00e9. Occasion et style : parfait [\u2026]<\/p>","protected":false},"featured_media":13665,"comment_status":"open","ping_status":"closed","template":"","meta":[],"product_brand":[],"product_cat":[194],"product_tag":[139,52,89,173,55,56,58,73,75,60,61,62],"class_list":{"0":"post-13391","1":"product","2":"type-product","3":"status-publish","4":"has-post-thumbnail","6":"product_cat-value-picks","7":"product_tag-brown","8":"product_tag-certified","9":"product_tag-fengshui","10":"product_tag-god-of-fortune","11":"product_tag-jadeite","12":"product_tag-limited-editions","13":"product_tag-new-arrivals","14":"product_tag-pendant","15":"product_tag-traditional","16":"product_tag-type-a-jadeite","17":"product_tag-unisex","18":"product_tag-yi-pin-qian-exclusive","20":"first","21":"instock","22":"sale","23":"shipping-taxable","24":"purchasable","25":"product-type-simple"},"_links":{"self":[{"href":"https:\/\/shop.yipinqian.com\/fr\/wp-json\/wp\/v2\/product\/13391","targetHints":{"allow":["GET"]}}],"collection":[{"href":"https:\/\/shop.yipinqian.com\/fr\/wp-json\/wp\/v2\/product"}],"about":[{"href":"https:\/\/shop.yipinqian.com\/fr\/wp-json\/wp\/v2\/types\/product"}],"replies":[{"embeddable":true,"href":"https:\/\/shop.yipinqian.com\/fr\/wp-json\/wp\/v2\/comments?post=13391"}],"version-history":[{"count":0,"href":"https:\/\/shop.yipinqian.com\/fr\/wp-json\/wp\/v2\/product\/13391\/revisions"}],"wp:featuredmedia":[{"embeddable":true,"href":"https:\/\/shop.yipinqian.com\/fr\/wp-json\/wp\/v2\/media\/13665"}],"wp:attachment":[{"href":"https:\/\/shop.yipinqian.com\/fr\/wp-json\/wp\/v2\/media?parent=13391"}],"wp:term":[{"taxonomy":"product_brand","embeddable":true,"href":"https:\/\/shop.yipinqian.com\/fr\/wp-json\/wp\/v2\/product_brand?post=13391"},{"taxonomy":"product_cat","embeddable":true,"href":"https:\/\/shop.yipinqian.com\/fr\/wp-json\/wp\/v2\/product_cat?post=13391"},{"taxonomy":"product_tag","embeddable":true,"href":"https:\/\/shop.yipinqian.com\/fr\/wp-json\/wp\/v2\/product_tag?post=13391"}],"curies":[{"name":"wp","href":"https:\/\/api.w.org\/{rel}","templated":true}]}}