{"id":13387,"date":"2024-11-22T19:03:19","date_gmt":"2024-11-22T11:03:19","guid":{"rendered":"https:\/\/shop.yipinqian.com\/pair-of-hook-earrings-set-with-18k-gold-on-12-dounut-shape-natural-type-a-jadeite-jade-certificate-weighs-2-84-grams-measurement-7-2mm-18k04\/"},"modified":"2025-02-24T00:49:48","modified_gmt":"2025-02-23T16:49:48","slug":"pair-of-hook-earrings-set-with-18k-gold-on-12-dounut-shape-natural-type-a-jadeite-jade-certificate-weighs-2-84-grams-measurement-7-2mm-18k04","status":"publish","type":"product","link":"https:\/\/shop.yipinqian.com\/fr\/produit\/pair-of-hook-earrings-set-with-18k-gold-on-12-dounut-shape-natural-type-a-jadeite-jade-certificate-weighs-2-84-grams-measurement-7-2mm-18k04\/","title":{"rendered":"Paire de boucles d&#039;oreilles \u00e0 crochet serties d&#039;or 18 carats sur 12 jades jad\u00e9ite naturels de type A en forme de beignet, certificat p\u00e8se 2,84 grammes mesure 7 * 2 mm (18k04)"},"content":{"rendered":"<p>Rehaussez votre look avec cette exquise paire de boucles d&#039;oreilles \u00e0 crochet fabriqu\u00e9es en or 18 carats et comportant 12 jades jad\u00e9ite naturels de type A en forme de beignet.<\/p>\n<p><\/p>\n<p>Num\u00e9ros de certificat : GD2203H004693<\/p>\n<p>Or 18 carats : 0,65 gramme<\/p>\n<p><img fetchpriority=\"high\" decoding=\"async\" src=\"https:\/\/shop.yipinqian.com\/wp-content\/uploads\/2024\/11\/68166bb1f20943369248d61ba11b46aatplv-aphluv4xwc-origin-jpeg.jpeg?dr=15568&#038;nonce=98615&#038;refresh_token=50240aeec608ec162d3255c57d6601b5&#038;from=476444299&#038;idc=my2&#038;ps=933b5bde&#038;shcp=9b759fb9&#038;shp=1c65f68b&#038;t=555f072d\" width=\"1536\" height=\"2048\"><\/p>\n<ul>\n<li>\n<strong>Mat\u00e9riel:<\/strong> Mont\u00e9es en or PT\/Carat, ces boucles d&#039;oreilles sont un ajout luxueux \u00e0 votre collection.<\/li>\n<li>\n<strong>Certificat:<\/strong> Chaque boucle d&#039;oreille est accompagn\u00e9e d&#039;un certificat, garantissant l&#039;authenticit\u00e9 des 2,84 grammes de Jade utilis\u00e9s.<\/li>\n<li>\n<strong>Dimensions:<\/strong> Mesurant 7 * 2 mm, ces boucles d&#039;oreilles respirent l&#039;\u00e9l\u00e9gance et le style (18k04).<\/li>\n<\/ul>\n<p><img decoding=\"async\" src=\"https:\/\/shop.yipinqian.com\/wp-content\/uploads\/2024\/11\/70767a0d60984383a5603a843428ff17tplv-aphluv4xwc-origin-jpeg.jpeg?dr=15568&#038;nonce=11737&#038;refresh_token=4f26322fffae05d756bc5effed2986d4&#038;from=476444299&#038;idc=my2&#038;ps=933b5bde&#038;shcp=9b759fb9&#038;shp=1c65f68b&#038;t=555f072d\" width=\"1080\" height=\"1080\"><\/p>\n<p>Id\u00e9ales pour un usage quotidien ou pour des occasions sp\u00e9ciales, ces boucles d&#039;oreilles d\u00e9contract\u00e9es sont con\u00e7ues pour la femme moderne. Originaire du Myanmar, cette pi\u00e8ce est un accessoire unique et intemporel parfait pour toute garde-robe f\u00e9minine.<\/p>\n<ul>\n<li>\n<strong>Style de boucle d&#039;oreille :<\/strong> Occasionnel<\/li>\n<\/ul>\n<p><strong>La jad\u00e9ite naturelle n&#039;est pas parfaite, juste un petit rappel : notre jad\u00e9ite naturelle, comme toutes les belles choses de la nature, poss\u00e8de ses caract\u00e9ristiques et ses variations uniques. Nous invitons nos pr\u00e9cieux clients \u00e0 adopter ces variations naturelles. Bon shopping !<\/strong><\/p>\n<p><\/p>\n<p><strong><u>Aucune des photos et des s\u00e9quences vid\u00e9o n&#039;a \u00e9t\u00e9 filtr\u00e9e. Nous encourageons nos clients \u00e0 regarder \u00e9galement les vid\u00e9os d&#039;accompagnement pour une vue plus compl\u00e8te de nos produits<\/u><\/strong><\/p>\n<p><\/p>\n<ul>\n<li>Diff\u00e9rentes plates-formes ne peuvent visionner des vid\u00e9os que via le bureau<\/li>\n<\/ul>","protected":false},"excerpt":{"rendered":"<p>Enhance your look with this exquisite Pair of Hook Earrings crafted with 18k Gold and featuring 12 Dounut shape Natural Type A Jadeite Jade. Certificate numbers: GD2203H004693 18k Gold: 0.65 grams Material: Set in PT\/Carat Gold, these earrings are a luxurious addition to your collection. Certificate: Each earring comes with a certificate, ensuring the authenticity [&hellip;]<\/p>","protected":false},"featured_media":13655,"comment_status":"open","ping_status":"closed","template":"","meta":[],"product_brand":[],"product_cat":[194],"product_tag":[50,52,65,55,58,60,62],"class_list":{"0":"post-13387","1":"product","2":"type-product","3":"status-publish","4":"has-post-thumbnail","6":"product_cat-value-picks","7":"product_tag-18k-gold","8":"product_tag-certified","9":"product_tag-high-quality","10":"product_tag-jadeite","11":"product_tag-new-arrivals","12":"product_tag-type-a-jadeite","13":"product_tag-yi-pin-qian-exclusive","15":"first","16":"instock","17":"sale","18":"shipping-taxable","19":"purchasable","20":"product-type-simple"},"_links":{"self":[{"href":"https:\/\/shop.yipinqian.com\/fr\/wp-json\/wp\/v2\/product\/13387","targetHints":{"allow":["GET"]}}],"collection":[{"href":"https:\/\/shop.yipinqian.com\/fr\/wp-json\/wp\/v2\/product"}],"about":[{"href":"https:\/\/shop.yipinqian.com\/fr\/wp-json\/wp\/v2\/types\/product"}],"replies":[{"embeddable":true,"href":"https:\/\/shop.yipinqian.com\/fr\/wp-json\/wp\/v2\/comments?post=13387"}],"version-history":[{"count":0,"href":"https:\/\/shop.yipinqian.com\/fr\/wp-json\/wp\/v2\/product\/13387\/revisions"}],"wp:featuredmedia":[{"embeddable":true,"href":"https:\/\/shop.yipinqian.com\/fr\/wp-json\/wp\/v2\/media\/13655"}],"wp:attachment":[{"href":"https:\/\/shop.yipinqian.com\/fr\/wp-json\/wp\/v2\/media?parent=13387"}],"wp:term":[{"taxonomy":"product_brand","embeddable":true,"href":"https:\/\/shop.yipinqian.com\/fr\/wp-json\/wp\/v2\/product_brand?post=13387"},{"taxonomy":"product_cat","embeddable":true,"href":"https:\/\/shop.yipinqian.com\/fr\/wp-json\/wp\/v2\/product_cat?post=13387"},{"taxonomy":"product_tag","embeddable":true,"href":"https:\/\/shop.yipinqian.com\/fr\/wp-json\/wp\/v2\/product_tag?post=13387"}],"curies":[{"name":"wp","href":"https:\/\/api.w.org\/{rel}","templated":true}]}}