{"id":13383,"date":"2024-11-22T19:03:11","date_gmt":"2024-11-22T11:03:11","guid":{"rendered":"https:\/\/shop.yipinqian.com\/new-arrival-in-singapore-high-quality-translucent-natural-type-a-jadeite-jade-crafted-as-pixiu-on-18k-gold-as-ring-certificate-weighs-1-74-grams-measurement-9-6-6-7-5-8-mm-18kring32\/"},"modified":"2025-01-09T01:15:26","modified_gmt":"2025-01-08T17:15:26","slug":"new-arrival-in-singapore-high-quality-translucent-natural-type-a-jadeite-jade-crafted-as-pixiu-on-18k-gold-as-ring-certificate-weighs-1-74-grams-measurement-9-6-6-7-5-8-mm-18kring32","status":"publish","type":"product","link":"https:\/\/shop.yipinqian.com\/fr\/produit\/new-arrival-in-singapore-high-quality-translucent-natural-type-a-jadeite-jade-crafted-as-pixiu-on-18k-gold-as-ring-certificate-weighs-1-74-grams-measurement-9-6-6-7-5-8-mm-18kring32\/","title":{"rendered":"Nouvelle arriv\u00e9e \u00e0 Singapour, jade jad\u00e9ite naturel translucide de type A de haute qualit\u00e9 fabriqu\u00e9 en pixiu sur or 18 carats comme bague, certificat p\u00e8se 1,74 gramme, mesure 9,6 * 6,7 * 5,8 mm (18kring32)"},"content":{"rendered":"<p>Cette nouvelle arriv\u00e9e \u00e0 Singapour pr\u00e9sente une bague en jade jad\u00e9ite naturelle translucide de type A de haute qualit\u00e9, fabriqu\u00e9e en forme de pixiu sur or 18 carats. La bague est livr\u00e9e avec un certificat et p\u00e8se 1,74 gramme, avec des mesures de 9,6 * 6,7 * 5,8 mm.<\/p>\n<p><\/p>\n<p>Num\u00e9ros de certificat : GD2110H012010<\/p>\n<p>Taille du cabochon Pixiu : 9,6 * 6,7 * 5,8 mm<\/p>\n<p>Taille du doigt : 15 mm (diam\u00e8tre de la bague)<\/p>\n<p>Or 18 carats : 1,15 gramme<\/p>\n<p>Diamants : 10 * 0,005 carats<\/p>\n<p><img fetchpriority=\"high\" decoding=\"async\" src=\"https:\/\/shop.yipinqian.com\/wp-content\/uploads\/2024\/11\/4d33857cf8b04c99b56c64cc78525e0dtplv-aphluv4xwc-origin-jpeg.jpeg?dr=15568&#038;nonce=79532&#038;refresh_token=3136fd7f462745ab3b35db6c4948e5d8&#038;from=476444299&#038;idc=my2&#038;ps=933b5bde&#038;shcp=9b759fb9&#038;shp=1c65f68b&#038;t=555f072d\" width=\"709\" height=\"598\"><br \/><img decoding=\"async\" src=\"https:\/\/shop.yipinqian.com\/wp-content\/uploads\/2024\/11\/b1c89131e75541669ee52a28c3583c86tplv-aphluv4xwc-origin-jpeg.jpeg?dr=15568&#038;nonce=6722&#038;refresh_token=8ff354e0f12221907a1ee18581f6880c&#038;from=476444299&#038;idc=my2&#038;ps=933b5bde&#038;shcp=9b759fb9&#038;shp=1c65f68b&#038;t=555f072d\" width=\"1080\" height=\"1080\"><\/p>\n<ul>\n<li>\n<strong>Mat\u00e9riel:<\/strong> Jade jad\u00e9ite naturelle de type A, diamant (mat\u00e9riau secondaire), or PT\/carat (mat\u00e9riau de monture)<\/li>\n<li>\n<strong>Origine:<\/strong> Birmanie<\/li>\n<li>\n<strong>Occasion:<\/strong> Tous les jours<\/li>\n<li>\n<strong>Type de jade :<\/strong> Jad\u00e9ite<\/li>\n<li><strong>Certificat inclus : Oui<\/strong><\/li>\n<\/ul>\n<p><img decoding=\"async\" src=\"https:\/\/shop.yipinqian.com\/wp-content\/uploads\/2024\/11\/5ed6a69157094be58041251f695ec36atplv-aphluv4xwc-origin-jpeg.jpeg?dr=15568&#038;nonce=85097&#038;refresh_token=e7bd8b1e66b8504716b082fc3c4fb1d7&#038;from=476444299&#038;idc=my2&#038;ps=933b5bde&#038;shcp=9b759fb9&#038;shp=1c65f68b&#038;t=555f072d\" width=\"1080\" height=\"1080\"><\/p>\n<p><strong>Cette bague en jade exquise est con\u00e7ue pour les femmes qui appr\u00e9cient les bijoux uniques et \u00e9l\u00e9gants.<\/strong><\/p>\n<ul>\n<li><strong>Cr\u00e9ez une pi\u00e8ce \u00e9poustouflante ou portez-la au quotidien pour ajouter une touche de luxe \u00e0 n&#039;importe quelle tenue.<\/strong><\/li>\n<\/ul>\n<p><strong>L&#039;artisanat m\u00e9ticuleux combin\u00e9 au superbe jade naturel fait de cette bague un ajout exceptionnel \u00e0 toute collection de bijoux.<\/strong><\/p>\n<p><strong>.<\/strong><\/p>\n<p>Yi Pin Qian \u2013 N\u00e9gociant en pierres pr\u00e9cieuses et m\u00e9taux pr\u00e9cieux \u00e0 Singapour \u2013 Num\u00e9ro de licence PS20190000031<\/p>\n<p><\/p>\n<p>*Toutes les jad\u00e9ites achet\u00e9es chez Yi Pin Qian \u00e0 Singapour, les clients peuvent r\u00e9server des cr\u00e9neaux pour le polissage ou une r\u00e9paration mineure en cas de mauvaise manipulation - des frais s&#039;appliquent et uniquement pour les clients de Yi Pin Qian \u00e0 Singapour*<\/p>\n<p><\/p>\n<p><strong>**Types de certificats**<\/strong><\/p>\n<p><\/p>\n<p><strong>NGI (Nan Yang Gemmologie)<\/strong><\/p>\n<p>ou <strong>Certificats \u00e9trangers <\/strong>(Yi Pin Qian utilise uniquement des certificats authentiques provenant de laboratoires \u00e9trangers et contr\u00f4le \u00e9galement la qualit\u00e9 de chacun de nos produits avant de les mettre en vente \u00e0 Singapour)<\/p>\n<p><\/p>\n<p>Chaque produit sur TikTok aura le type de certificat fourni indiqu\u00e9 dans la description. Pour tout client souhaitant envoyer sa commande \u00e0 NGI Singapore, il y aura un d\u00e9lai d&#039;attente pour la livraison de la commande estim\u00e9 \u00e0 environ 4 semaines pour recevoir votre commande. <strong>Les demandes de rapport NGI Gemstone doivent \u00eatre effectu\u00e9es en nous envoyant un message.<\/strong> Merci, <strong><u>des frais suppl\u00e9mentaires s&#039;appliquent<\/u><\/strong>.<\/p>\n<p><\/p>\n<p><strong>La jad\u00e9ite naturelle n&#039;est pas parfaite, juste un petit rappel : notre jad\u00e9ite naturelle, comme toutes les belles choses de la nature, poss\u00e8de ses caract\u00e9ristiques et ses variations uniques. Nous invitons nos pr\u00e9cieux clients \u00e0 adopter ces variations naturelles. Bon shopping !<\/strong><\/p>\n<p><\/p>\n<p><strong><u>Aucune des photos et des s\u00e9quences vid\u00e9o n&#039;a \u00e9t\u00e9 filtr\u00e9e. Nous encourageons nos clients \u00e0 regarder \u00e9galement les vid\u00e9os d&#039;accompagnement pour une vue plus compl\u00e8te de nos produits<\/u><\/strong><\/p>\n<p><\/p>\n<ul>\n<li>Diff\u00e9rentes plates-formes ne peuvent visionner des vid\u00e9os que via le bureau<\/li>\n<\/ul>","protected":false},"excerpt":{"rendered":"<p>This new arrival in Singapore features a high-quality translucent natural Type A Jadeite Jade ring crafted as a pixiu on 18k gold. The ring comes with a certificate and weighs 1.74 grams, with measurements of 9.6 * 6.7 * 5.8 mm. Certificate numbers: GD2110H012010 Pixiu Cabochon size: 9.6 * 6.7 * 5.8 mm Finger size: [&hellip;]<\/p>","protected":false},"featured_media":13616,"comment_status":"open","ping_status":"closed","template":"","meta":[],"product_brand":[],"product_cat":[119,80,126],"product_tag":[50,64,52,72,53,54,66,55,58,85,71,60,62],"class_list":{"0":"post-13383","1":"product","2":"type-product","3":"status-publish","4":"has-post-thumbnail","6":"product_cat-18k-gold-ring-setting","7":"product_cat-jade-rings","8":"product_cat-new-arrivals","9":"product_tag-18k-gold","10":"product_tag-cabochon","11":"product_tag-certified","12":"product_tag-female","13":"product_tag-fine-quality","14":"product_tag-icy","15":"product_tag-jade-ring","16":"product_tag-jadeite","17":"product_tag-new-arrivals","18":"product_tag-pixiu","19":"product_tag-ring","20":"product_tag-type-a-jadeite","21":"product_tag-yi-pin-qian-exclusive","23":"first","24":"instock","25":"sale","26":"shipping-taxable","27":"purchasable","28":"product-type-simple"},"_links":{"self":[{"href":"https:\/\/shop.yipinqian.com\/fr\/wp-json\/wp\/v2\/product\/13383","targetHints":{"allow":["GET"]}}],"collection":[{"href":"https:\/\/shop.yipinqian.com\/fr\/wp-json\/wp\/v2\/product"}],"about":[{"href":"https:\/\/shop.yipinqian.com\/fr\/wp-json\/wp\/v2\/types\/product"}],"replies":[{"embeddable":true,"href":"https:\/\/shop.yipinqian.com\/fr\/wp-json\/wp\/v2\/comments?post=13383"}],"version-history":[{"count":0,"href":"https:\/\/shop.yipinqian.com\/fr\/wp-json\/wp\/v2\/product\/13383\/revisions"}],"wp:featuredmedia":[{"embeddable":true,"href":"https:\/\/shop.yipinqian.com\/fr\/wp-json\/wp\/v2\/media\/13616"}],"wp:attachment":[{"href":"https:\/\/shop.yipinqian.com\/fr\/wp-json\/wp\/v2\/media?parent=13383"}],"wp:term":[{"taxonomy":"product_brand","embeddable":true,"href":"https:\/\/shop.yipinqian.com\/fr\/wp-json\/wp\/v2\/product_brand?post=13383"},{"taxonomy":"product_cat","embeddable":true,"href":"https:\/\/shop.yipinqian.com\/fr\/wp-json\/wp\/v2\/product_cat?post=13383"},{"taxonomy":"product_tag","embeddable":true,"href":"https:\/\/shop.yipinqian.com\/fr\/wp-json\/wp\/v2\/product_tag?post=13383"}],"curies":[{"name":"wp","href":"https:\/\/api.w.org\/{rel}","templated":true}]}}