{"id":13382,"date":"2024-11-22T19:03:09","date_gmt":"2024-11-22T11:03:09","guid":{"rendered":"https:\/\/shop.yipinqian.com\/new-arrival-in-singapore-standing-buddha-crafted-on-natural-type-a-jadeite-jade-as-pendant-with-certificate-weighs-13-64-grams-measurement-57-24-3-5-7-mm-pendant336\/"},"modified":"2025-02-24T01:17:24","modified_gmt":"2025-02-23T17:17:24","slug":"new-arrival-in-singapore-standing-buddha-crafted-on-natural-type-a-jadeite-jade-as-pendant-with-certificate-weighs-13-64-grams-measurement-57-24-3-5-7-mm-pendant336","status":"publish","type":"product","link":"https:\/\/shop.yipinqian.com\/fr\/produit\/new-arrival-in-singapore-standing-buddha-crafted-on-natural-type-a-jadeite-jade-as-pendant-with-certificate-weighs-13-64-grams-measurement-57-24-3-5-7-mm-pendant336\/","title":{"rendered":"Nouvel arrivage \u00e0 Singapour - Pendentif Bouddha debout fabriqu\u00e9 en jade jad\u00e9ite naturel de type A comme pendentif avec certificat p\u00e8se 13,64 grammes, mesure 57 * 24,3 * 5,7 mm (pendentif336)"},"content":{"rendered":"<p>D\u00e9couvrez le savoir-faire exquis de notre nouvelle arriv\u00e9e \u00e0 Singapour \u2013 Pendentif Bouddha debout, fabriqu\u00e9 de mani\u00e8re experte en jade jad\u00e9ite naturel de type A.<\/p>\n<p>Num\u00e9ros de certificat : 920460010615<\/p>\n<ul>\n<li>Pesant 13,64 grammes, ce pendentif pr\u00e9sente un motif de Bouddha debout, symbolisant la s\u00e9r\u00e9nit\u00e9 et l&#039;illumination.<\/li>\n<li>Avec une mesure de 57 * 24,3 * 5,7 mm (pendentif336), c&#039;est une pi\u00e8ce unique et \u00e9l\u00e9gante \u00e0 ajouter \u00e0 votre collection.<\/li>\n<\/ul>\n<p>Ce bijou est accompagn\u00e9 d&#039;un certificat, garantissant son authenticit\u00e9 et sa qualit\u00e9 pour votre tranquillit\u00e9 d&#039;esprit. Originaire du Myanmar, ce pendentif de bon augure convient aussi bien aux hommes qu&#039;aux femmes gr\u00e2ce \u00e0 son design unisexe.<\/p>\n<ul>\n<li>Adoptez la beaut\u00e9 du jade jad\u00e9ite avec cette pi\u00e8ce de style collier d\u00e9contract\u00e9 qui respire le charme et la sophistication.<\/li>\n<\/ul>\n<p>Yi Pin Qian \u2013 N\u00e9gociant en pierres pr\u00e9cieuses et m\u00e9taux pr\u00e9cieux \u00e0 Singapour \u2013 Num\u00e9ro de licence PS20190000031<\/p>\n<p><\/p>\n<p>*Toutes les jad\u00e9ites achet\u00e9es chez Yi Pin Qian \u00e0 Singapour, les clients peuvent r\u00e9server des cr\u00e9neaux pour le polissage ou une r\u00e9paration mineure en cas de mauvaise manipulation - des frais s&#039;appliquent et uniquement pour les clients de Yi Pin Qian \u00e0 Singapour*<\/p>\n<p><\/p>\n<p><strong>**Types de certificats**<\/strong><\/p>\n<p><\/p>\n<p><strong>NGI (Nan Yang Gemmologie)<\/strong><\/p>\n<p>ou <strong>Certificats \u00e9trangers <\/strong>(Yi Pin Qian utilise uniquement des certificats authentiques provenant de laboratoires \u00e9trangers et contr\u00f4le \u00e9galement la qualit\u00e9 de chacun de nos produits avant de les mettre en vente \u00e0 Singapour)<\/p>\n<p><\/p>\n<p>Chaque produit sur TikTok aura le type de certificat fourni indiqu\u00e9 dans la description. Pour tout client souhaitant envoyer sa commande \u00e0 NGI Singapore, il y aura un d\u00e9lai d&#039;attente pour la livraison de la commande estim\u00e9 \u00e0 environ 4 semaines pour recevoir votre commande. <strong>Les demandes de rapport NGI Gemstone doivent \u00eatre effectu\u00e9es en nous envoyant un message.<\/strong> Merci, <strong><u>des frais suppl\u00e9mentaires s&#039;appliquent<\/u><\/strong>.<\/p>\n<p><\/p>\n<p><strong>La jad\u00e9ite naturelle n&#039;est pas parfaite, juste un petit rappel : notre jad\u00e9ite naturelle, comme toutes les belles choses de la nature, poss\u00e8de ses caract\u00e9ristiques et ses variations uniques. Nous invitons nos pr\u00e9cieux clients \u00e0 adopter ces variations naturelles. Bon shopping !<\/strong><\/p>\n<p><\/p>\n<p><strong><u>Aucune des photos et des s\u00e9quences vid\u00e9o n&#039;a \u00e9t\u00e9 filtr\u00e9e. Nous encourageons nos clients \u00e0 regarder \u00e9galement les vid\u00e9os d&#039;accompagnement pour une vue plus compl\u00e8te de nos produits<\/u><\/strong><\/p>\n<p><\/p>\n<ul>\n<li>Diff\u00e9rentes plates-formes ne peuvent visionner des vid\u00e9os que via le bureau<\/li>\n<\/ul>","protected":false},"excerpt":{"rendered":"<p>Discover the exquisite craftsmanship of our New Arrival in Singapore &#8211; Standing Buddha pendant, expertly crafted on Natural Type A Jadeite Jade. Certificate numbers: 920460010615 Weighing 13.64 grams, this pendant showcases a Standing Buddha design, symbolizing serenity and enlightenment. With a measurement of 57 * 24.3 * 5.7 mm (pendant336), it is a unique and [&hellip;]<\/p>","protected":false},"featured_media":13601,"comment_status":"open","ping_status":"closed","template":"","meta":[],"product_brand":[],"product_cat":[195],"product_tag":[51,52,53,65,56,58,73,59,60,61,62],"class_list":{"0":"post-13382","1":"product","2":"type-product","3":"status-publish","4":"has-post-thumbnail","6":"product_cat-heirloom-grade","7":"product_tag-buddha","8":"product_tag-certified","9":"product_tag-fine-quality","10":"product_tag-high-quality","11":"product_tag-limited-editions","12":"product_tag-new-arrivals","13":"product_tag-pendant","14":"product_tag-translucent","15":"product_tag-type-a-jadeite","16":"product_tag-unisex","17":"product_tag-yi-pin-qian-exclusive","19":"first","20":"instock","21":"sale","22":"shipping-taxable","23":"purchasable","24":"product-type-simple"},"_links":{"self":[{"href":"https:\/\/shop.yipinqian.com\/fr\/wp-json\/wp\/v2\/product\/13382","targetHints":{"allow":["GET"]}}],"collection":[{"href":"https:\/\/shop.yipinqian.com\/fr\/wp-json\/wp\/v2\/product"}],"about":[{"href":"https:\/\/shop.yipinqian.com\/fr\/wp-json\/wp\/v2\/types\/product"}],"replies":[{"embeddable":true,"href":"https:\/\/shop.yipinqian.com\/fr\/wp-json\/wp\/v2\/comments?post=13382"}],"version-history":[{"count":0,"href":"https:\/\/shop.yipinqian.com\/fr\/wp-json\/wp\/v2\/product\/13382\/revisions"}],"wp:featuredmedia":[{"embeddable":true,"href":"https:\/\/shop.yipinqian.com\/fr\/wp-json\/wp\/v2\/media\/13601"}],"wp:attachment":[{"href":"https:\/\/shop.yipinqian.com\/fr\/wp-json\/wp\/v2\/media?parent=13382"}],"wp:term":[{"taxonomy":"product_brand","embeddable":true,"href":"https:\/\/shop.yipinqian.com\/fr\/wp-json\/wp\/v2\/product_brand?post=13382"},{"taxonomy":"product_cat","embeddable":true,"href":"https:\/\/shop.yipinqian.com\/fr\/wp-json\/wp\/v2\/product_cat?post=13382"},{"taxonomy":"product_tag","embeddable":true,"href":"https:\/\/shop.yipinqian.com\/fr\/wp-json\/wp\/v2\/product_tag?post=13382"}],"curies":[{"name":"wp","href":"https:\/\/api.w.org\/{rel}","templated":true}]}}