{"id":13380,"date":"2024-11-22T19:03:07","date_gmt":"2024-11-22T11:03:07","guid":{"rendered":"https:\/\/shop.yipinqian.com\/new-arrival-good-quality-natural-type-a-jadeite-jade-peace-bangle-size-57mm-certificate-weighs-58-78-grams-width-13-2-mm-thickness-8-1-mm-bangle21\/"},"modified":"2025-02-24T00:49:48","modified_gmt":"2025-02-23T16:49:48","slug":"new-arrival-good-quality-natural-type-a-jadeite-jade-peace-bangle-size-57mm-certificate-weighs-58-78-grams-width-13-2-mm-thickness-8-1-mm-bangle21","status":"publish","type":"product","link":"https:\/\/shop.yipinqian.com\/fr\/produit\/new-arrival-good-quality-natural-type-a-jadeite-jade-peace-bangle-size-57mm-certificate-weighs-58-78-grams-width-13-2-mm-thickness-8-1-mm-bangle21\/","title":{"rendered":"Bracelet de paix en jade jad\u00e9ite naturelle de type A de bonne qualit\u00e9, taille 57 mm, certificat p\u00e8se 58,78 grammes, largeur : 13,2 mm, \u00e9paisseur : 8,1 mm (bangle21)"},"content":{"rendered":"<p>Ce nouveau bracelet de paix en jade jad\u00e9ite naturelle de type A de bonne qualit\u00e9 est un superbe accessoire de bijouterie du Myanmar.<\/p>\n<p><\/p>\n<p>Num\u00e9ros de certificat : GD2111H006842<\/p>\n<p><img fetchpriority=\"high\" decoding=\"async\" src=\"https:\/\/shop.yipinqian.com\/wp-content\/uploads\/2024\/11\/406ff6f944fb44e68693436206be642ctplv-aphluv4xwc-origin-jpeg.jpeg?dr=15568&#038;nonce=31283&#038;refresh_token=b9f1710298d951283d890e5785860afc&#038;from=476444299&#038;idc=my2&#038;ps=933b5bde&#038;shcp=9b759fb9&#038;shp=1c65f68b&#038;t=555f072d\" width=\"1080\" height=\"1080\"><\/p>\n<ul>\n<li>\n<strong>Jad\u00e9ite de type A de qualit\u00e9 :<\/strong> Fabriqu\u00e9 \u00e0 partir de jad\u00e9ite naturelle de type A, connue pour sa haute qualit\u00e9 et sa belle apparence.<\/li>\n<li>\n<strong>Certificat inclus :<\/strong> Livr\u00e9 avec un certificat v\u00e9rifiant l&#039;authenticit\u00e9 du jade.<\/li>\n<li>\n<strong>Conception du bracelet de la paix :<\/strong> Pr\u00e9sente un design paisible et \u00e9l\u00e9gant, parfait pour un usage quotidien.<\/li>\n<li>\n<strong>Bracelet F\u00e9minin :<\/strong> Con\u00e7u comme un bracelet de style jonc adapt\u00e9 aux femmes.<\/li>\n<\/ul>\n<p><img decoding=\"async\" src=\"https:\/\/shop.yipinqian.com\/wp-content\/uploads\/2024\/11\/d12b6c6d53cc4f40a4ba628b36d51230tplv-aphluv4xwc-origin-jpeg.jpeg?dr=15568&#038;nonce=94321&#038;refresh_token=ac2e93e32a471c8eb45619a0d4ad5d35&#038;from=476444299&#038;idc=my2&#038;ps=933b5bde&#038;shcp=9b759fb9&#038;shp=1c65f68b&#038;t=555f072d\" width=\"1080\" height=\"1080\"><img decoding=\"async\" src=\"https:\/\/shop.yipinqian.com\/wp-content\/uploads\/2024\/11\/fd57812cc9a2403ca25f8b2049ec2775tplv-aphluv4xwc-origin-jpeg.jpeg?dr=15568&#038;nonce=10456&#038;refresh_token=b0819a38d1f2d4fcd4f056ba5c9f58ed&#038;from=476444299&#038;idc=my2&#038;ps=933b5bde&#038;shcp=9b759fb9&#038;shp=1c65f68b&#038;t=555f072d\" width=\"526\" height=\"362\"><\/p>\n<p>Ce bracelet a un <strong>Taille de 57 mm, largeur de 13,2 mm et \u00e9paisseur de 8,1 mm<\/strong>, pesant environ 58,78 grammes. Il respire la gr\u00e2ce et la sophistication, id\u00e9al pour toutes les occasions sans avoir besoin d&#039;une couverture de garantie.<\/p>\n<p><\/p>\n<p><strong>La jad\u00e9ite naturelle n&#039;est pas parfaite, juste un petit rappel : notre jad\u00e9ite naturelle, comme toutes les belles choses de la nature, poss\u00e8de ses caract\u00e9ristiques et ses variations uniques. Nous invitons nos pr\u00e9cieux clients \u00e0 adopter ces variations naturelles. Bon shopping !<\/strong><\/p>\n<p><\/p>\n<p><strong><u>Aucune des photos et des s\u00e9quences vid\u00e9o n&#039;a \u00e9t\u00e9 filtr\u00e9e. Nous encourageons nos clients \u00e0 regarder \u00e9galement les vid\u00e9os d&#039;accompagnement pour une vue plus compl\u00e8te de nos produits<\/u><\/strong><\/p>\n<p><\/p>\n<ul>\n<li>Diff\u00e9rentes plates-formes ne peuvent visionner des vid\u00e9os que via le bureau<\/li>\n<\/ul>","protected":false},"excerpt":{"rendered":"<p>Ce nouveau bracelet de paix en jad\u00e9ite naturelle de type A de bonne qualit\u00e9 est un superbe accessoire de bijouterie du Myanmar. Num\u00e9ros de certificat : GD2111H006842 Jad\u00e9ite de type A de qualit\u00e9 : Fabriqu\u00e9e \u00e0 partir de jad\u00e9ite naturelle de type A, connue pour sa haute qualit\u00e9 et sa belle apparence. Certificat inclus : Livr\u00e9 avec un certificat v\u00e9rifiant l&#039;authenticit\u00e9 du jade. Paix [\u2026]<\/p>","protected":false},"featured_media":13592,"comment_status":"open","ping_status":"closed","template":"","meta":[],"product_brand":[],"product_cat":[194],"product_tag":[86,102,52,72,55,58,60],"class_list":{"0":"post-13380","1":"product","2":"type-product","3":"status-publish","4":"has-post-thumbnail","6":"product_cat-value-picks","7":"product_tag-bangle","8":"product_tag-bracelet","9":"product_tag-certified","10":"product_tag-female","11":"product_tag-jadeite","12":"product_tag-new-arrivals","13":"product_tag-type-a-jadeite","15":"first","16":"instock","17":"sale","18":"shipping-taxable","19":"purchasable","20":"product-type-simple"},"_links":{"self":[{"href":"https:\/\/shop.yipinqian.com\/fr\/wp-json\/wp\/v2\/product\/13380","targetHints":{"allow":["GET"]}}],"collection":[{"href":"https:\/\/shop.yipinqian.com\/fr\/wp-json\/wp\/v2\/product"}],"about":[{"href":"https:\/\/shop.yipinqian.com\/fr\/wp-json\/wp\/v2\/types\/product"}],"replies":[{"embeddable":true,"href":"https:\/\/shop.yipinqian.com\/fr\/wp-json\/wp\/v2\/comments?post=13380"}],"version-history":[{"count":0,"href":"https:\/\/shop.yipinqian.com\/fr\/wp-json\/wp\/v2\/product\/13380\/revisions"}],"wp:featuredmedia":[{"embeddable":true,"href":"https:\/\/shop.yipinqian.com\/fr\/wp-json\/wp\/v2\/media\/13592"}],"wp:attachment":[{"href":"https:\/\/shop.yipinqian.com\/fr\/wp-json\/wp\/v2\/media?parent=13380"}],"wp:term":[{"taxonomy":"product_brand","embeddable":true,"href":"https:\/\/shop.yipinqian.com\/fr\/wp-json\/wp\/v2\/product_brand?post=13380"},{"taxonomy":"product_cat","embeddable":true,"href":"https:\/\/shop.yipinqian.com\/fr\/wp-json\/wp\/v2\/product_cat?post=13380"},{"taxonomy":"product_tag","embeddable":true,"href":"https:\/\/shop.yipinqian.com\/fr\/wp-json\/wp\/v2\/product_tag?post=13380"}],"curies":[{"name":"wp","href":"https:\/\/api.w.org\/{rel}","templated":true}]}}