{"id":1338,"date":"2024-10-24T23:18:30","date_gmt":"2024-10-24T15:18:30","guid":{"rendered":"https:\/\/shop.yipinqian.com\/product\/diamond-knot-rope-hand-knotted-rope-13-8-14-2-and-14-6-14-2-jadeite-lu-lu-tong-beads-no-certificate-selling-in-a-pair-bracelet12\/"},"modified":"2025-02-17T00:01:34","modified_gmt":"2025-02-16T16:01:34","slug":"diamond-knot-rope-hand-knotted-rope-13-8-14-2-and-14-6-14-2-jadeite-lu-lu-tong-beads-no-certificate-selling-in-a-pair-bracelet12","status":"publish","type":"product","link":"https:\/\/shop.yipinqian.com\/fr\/produit\/diamond-knot-rope-hand-knotted-rope-13-8-14-2-and-14-6-14-2-jadeite-lu-lu-tong-beads-no-certificate-selling-in-a-pair-bracelet12\/","title":{"rendered":"Corde \u00e0 n\u0153uds en diamant, corde nou\u00e9e \u00e0 la main, perles de jad\u00e9ite Lu Lu Tong 13,8 * 14,2 et 14,6 * 14,2 (sans certificat), vendues par paire (bracelet12)"},"content":{"rendered":"<p>Cette paire de bracelets en corde \u00e0 n\u0153uds de diamant DIY comprenant des perles de jad\u00e9ite nou\u00e9es \u00e0 la main de 13,8 * 14,2 et 14,6 * 14,2 (sans certificat) est un ajout unique \u00e0 toute collection de bijoux.<\/p>\n<ul>\n<li>\n<strong>Design \u00e9l\u00e9gant :<\/strong> La conception de la corde \u00e0 n\u0153ud en diamant ajoute une touche d&#039;\u00e9l\u00e9gance \u00e0 n&#039;importe quelle tenue, tandis que les perles de jad\u00e9ite offrent un attrait naturel et terreux.<\/li>\n<li>\n<strong>Durable et r\u00e9sistant :<\/strong> La construction en corde nou\u00e9e \u00e0 la main garantit que le bracelet est con\u00e7u pour durer au quotidien.<\/li>\n<\/ul>\n<p>Ce type de bracelet unisexe constitue un cadeau id\u00e9al pour tous ceux qui appr\u00e9cient la beaut\u00e9 des pierres naturelles et des bijoux fabriqu\u00e9s \u00e0 la main.<\/p>\n<ul>\n<li>\n<strong>Origine originale du Myanmar :<\/strong> Ce produit est d&#039;origine birmane originale, ce qui ajoute de la valeur \u00e0 son design unique.<\/li>\n<li>\n<strong>Convient pour un usage quotidien\u00a0:<\/strong> Parfaitement adapt\u00e9e \u00e0 un usage quotidien d\u00e9contract\u00e9 ou m\u00eame \u00e0 des occasions sp\u00e9ciales comme des mariages ou des f\u00eates, cette paire de bracelets en corde \u00e0 n\u0153uds en diamant DIY peut compl\u00e9ter facilement diverses tenues\u00a0!<\/li>\n<\/ul>\n<p>Veuillez noter que ce produit n&#039;est pas accompagn\u00e9 d&#039;un certificat, mais sa fabrication de qualit\u00e9 en dit long sur son authenticit\u00e9 !<\/p>\n<ul>\n<li><em>Le type de garantie de ce produit est Non<\/em><\/li>\n<\/ul>\n<p><em>Remarque\u00a0: ce panier est destin\u00e9 \u00e0 une paire de bracelets<\/em><\/p>\n<p>.<\/p>","protected":false},"excerpt":{"rendered":"<p>Cette paire de bracelets en corde \u00e0 n\u0153uds de diamants \u00e0 faire soi-m\u00eame avec des perles de jad\u00e9ite nou\u00e9es \u00e0 la main de 13,8 x 14,2 et 14,6 x 14,2 (sans certificat) est un ajout unique \u00e0 toute collection de bijoux. Design \u00e9l\u00e9gant : le design de la corde \u00e0 n\u0153uds de diamant ajoute une touche d&#039;\u00e9l\u00e9gance \u00e0 n&#039;importe quelle tenue, tandis que les perles de jad\u00e9ite offrent un attrait naturel et terreux. Durable et durable : [\u2026]<\/p>","protected":false},"featured_media":3487,"comment_status":"open","ping_status":"closed","template":"","meta":[],"product_brand":[],"product_cat":[121,84],"product_tag":[],"class_list":{"0":"post-1338","1":"product","2":"type-product","3":"status-publish","4":"has-post-thumbnail","6":"product_cat-bracelets-bangles","7":"product_cat-charms-and-charm-bracelet","9":"first","10":"instock","11":"sale","12":"shipping-taxable","13":"purchasable","14":"product-type-simple"},"_links":{"self":[{"href":"https:\/\/shop.yipinqian.com\/fr\/wp-json\/wp\/v2\/product\/1338","targetHints":{"allow":["GET"]}}],"collection":[{"href":"https:\/\/shop.yipinqian.com\/fr\/wp-json\/wp\/v2\/product"}],"about":[{"href":"https:\/\/shop.yipinqian.com\/fr\/wp-json\/wp\/v2\/types\/product"}],"replies":[{"embeddable":true,"href":"https:\/\/shop.yipinqian.com\/fr\/wp-json\/wp\/v2\/comments?post=1338"}],"version-history":[{"count":0,"href":"https:\/\/shop.yipinqian.com\/fr\/wp-json\/wp\/v2\/product\/1338\/revisions"}],"wp:featuredmedia":[{"embeddable":true,"href":"https:\/\/shop.yipinqian.com\/fr\/wp-json\/wp\/v2\/media\/3487"}],"wp:attachment":[{"href":"https:\/\/shop.yipinqian.com\/fr\/wp-json\/wp\/v2\/media?parent=1338"}],"wp:term":[{"taxonomy":"product_brand","embeddable":true,"href":"https:\/\/shop.yipinqian.com\/fr\/wp-json\/wp\/v2\/product_brand?post=1338"},{"taxonomy":"product_cat","embeddable":true,"href":"https:\/\/shop.yipinqian.com\/fr\/wp-json\/wp\/v2\/product_cat?post=1338"},{"taxonomy":"product_tag","embeddable":true,"href":"https:\/\/shop.yipinqian.com\/fr\/wp-json\/wp\/v2\/product_tag?post=1338"}],"curies":[{"name":"wp","href":"https:\/\/api.w.org\/{rel}","templated":true}]}}