{"id":13379,"date":"2024-11-22T19:03:05","date_gmt":"2024-11-22T11:03:05","guid":{"rendered":"https:\/\/shop.yipinqian.com\/new-arrival-crafted-as-baby-buddha-on-natural-type-a-jadeite-jade-as-pendant-certificate-weighs3-89-grams-measurement-23-8-21-8-4-8-mm-pendant339\/"},"modified":"2025-01-09T01:16:24","modified_gmt":"2025-01-08T17:16:24","slug":"new-arrival-crafted-as-baby-buddha-on-natural-type-a-jadeite-jade-as-pendant-certificate-weighs3-89-grams-measurement-23-8-21-8-4-8-mm-pendant339","status":"publish","type":"product","link":"https:\/\/shop.yipinqian.com\/fr\/produit\/new-arrival-crafted-as-baby-buddha-on-natural-type-a-jadeite-jade-as-pendant-certificate-weighs3-89-grams-measurement-23-8-21-8-4-8-mm-pendant339\/","title":{"rendered":"Nouvel arrivage fabriqu\u00e9 en tant que b\u00e9b\u00e9 Bouddha sur jade jad\u00e9ite naturel de type A en tant que pendentif certifi\u00e9 pesant 3,89 grammes, mesurant 23,8 * 21,8 * 4,8 mm (pendentif 339)"},"content":{"rendered":"<p>Ce pendentif nouvelle arriv\u00e9e pr\u00e9sente un b\u00e9b\u00e9 Bouddha fabriqu\u00e9 en jade jad\u00e9ite naturel de type A, ce qui en fait un bijou unique et significatif.<\/p>\n<p><\/p>\n<p>Num\u00e9ros de certificat : 920350023594<\/p>\n<p><img fetchpriority=\"high\" decoding=\"async\" src=\"https:\/\/shop.yipinqian.com\/wp-content\/uploads\/2024\/11\/632f68ab0c0a4961b7a0c00964512a15tplv-aphluv4xwc-origin-jpeg.jpeg?dr=15568&#038;nonce=68643&#038;refresh_token=5fdb1a51882fc8ee1fdb56a004d2769a&#038;from=476444299&#038;idc=my2&#038;ps=933b5bde&#038;shcp=9b759fb9&#038;shp=1c65f68b&#038;t=555f072d\" width=\"1080\" height=\"1080\"><\/p>\n<ul>\n<li>\n<strong>Poids:<\/strong> 3,89 grammes<\/li>\n<li>\n<strong>Mesures:<\/strong> 23,8 * 21,8 * 4,8 mm<\/li>\n<li>\n<strong>Type de jade :<\/strong> Jad\u00e9ite<\/li>\n<li>\n<strong>Certificat:<\/strong> Oui<\/li>\n<li><strong>Occasion : tous les jours<\/strong><\/li>\n<li><strong>Collier en jade Style : D\u00e9contract\u00e9<\/strong><\/li>\n<li><strong>Le genre de ce produit est\/sont unisexe.<\/strong><\/li>\n<\/ul>\n<p><img decoding=\"async\" src=\"https:\/\/shop.yipinqian.com\/wp-content\/uploads\/2024\/11\/2fe5c463c4654678bde88ec660c3f7bdtplv-aphluv4xwc-origin-jpeg.jpeg?dr=15568&#038;nonce=83455&#038;refresh_token=2e2c0f1f48d88026c2e8967ffbf6577c&#038;from=476444299&#038;idc=my2&#038;ps=933b5bde&#038;shcp=9b759fb9&#038;shp=1c65f68b&#038;t=555f072d\" width=\"1080\" height=\"1080\"><\/p>\n<p><strong>Ce pendentif, originaire du Myanmar, est un accessoire parfait \u00e0 porter au quotidien et ajoute une touche d&#039;\u00e9l\u00e9gance \u00e0 n&#039;importe quelle tenue. Son savoir-faire exquis et son mat\u00e9riau en jade naturel en font une pi\u00e8ce remarquable dans toute collection de bijoux.<\/strong><\/p>\n<p><strong>.<\/strong><\/p>\n<p><strong>La jad\u00e9ite naturelle n&#039;est pas parfaite, juste un petit rappel : notre jad\u00e9ite naturelle, comme toutes les belles choses de la nature, poss\u00e8de ses caract\u00e9ristiques et ses variations uniques. Nous invitons nos pr\u00e9cieux clients \u00e0 adopter ces variations naturelles. Bon shopping !<\/strong><\/p>\n<p><\/p>\n<p><strong><u>Aucune des photos et des s\u00e9quences vid\u00e9o n&#039;a \u00e9t\u00e9 filtr\u00e9e. Nous encourageons nos clients \u00e0 regarder \u00e9galement les vid\u00e9os d&#039;accompagnement pour une vue plus compl\u00e8te de nos produits<\/u><\/strong><\/p>\n<p><\/p>\n<ul>\n<li>Diff\u00e9rentes plates-formes ne peuvent visionner des vid\u00e9os que via le bureau<\/li>\n<\/ul>","protected":false},"excerpt":{"rendered":"<p>This New Arrival pendant features a Baby Buddha crafted on natural Type A Jadeite Jade, making it a unique and meaningful piece of jewelry. Certificate numbers: 920350023594 Weight: 3.89 grams Measurements: 23.8 * 21.8 * 4.8 mm Jade Type: Jadeite Certificate: Yes Ocassion: Daily Jade Necklace Style: Casual The Gender of this product is\/are Unisex. [&hellip;]<\/p>","protected":false},"featured_media":13577,"comment_status":"open","ping_status":"closed","template":"","meta":[],"product_brand":[],"product_cat":[83,126,48],"product_tag":[51,52,58,73,60,61,62],"class_list":{"0":"post-13379","1":"product","2":"type-product","3":"status-publish","4":"has-post-thumbnail","6":"product_cat-jade-necklaces-pendants","7":"product_cat-new-arrivals","8":"product_cat-pendants","9":"product_tag-buddha","10":"product_tag-certified","11":"product_tag-new-arrivals","12":"product_tag-pendant","13":"product_tag-type-a-jadeite","14":"product_tag-unisex","15":"product_tag-yi-pin-qian-exclusive","17":"first","18":"instock","19":"sale","20":"shipping-taxable","21":"purchasable","22":"product-type-simple"},"_links":{"self":[{"href":"https:\/\/shop.yipinqian.com\/fr\/wp-json\/wp\/v2\/product\/13379","targetHints":{"allow":["GET"]}}],"collection":[{"href":"https:\/\/shop.yipinqian.com\/fr\/wp-json\/wp\/v2\/product"}],"about":[{"href":"https:\/\/shop.yipinqian.com\/fr\/wp-json\/wp\/v2\/types\/product"}],"replies":[{"embeddable":true,"href":"https:\/\/shop.yipinqian.com\/fr\/wp-json\/wp\/v2\/comments?post=13379"}],"version-history":[{"count":0,"href":"https:\/\/shop.yipinqian.com\/fr\/wp-json\/wp\/v2\/product\/13379\/revisions"}],"wp:featuredmedia":[{"embeddable":true,"href":"https:\/\/shop.yipinqian.com\/fr\/wp-json\/wp\/v2\/media\/13577"}],"wp:attachment":[{"href":"https:\/\/shop.yipinqian.com\/fr\/wp-json\/wp\/v2\/media?parent=13379"}],"wp:term":[{"taxonomy":"product_brand","embeddable":true,"href":"https:\/\/shop.yipinqian.com\/fr\/wp-json\/wp\/v2\/product_brand?post=13379"},{"taxonomy":"product_cat","embeddable":true,"href":"https:\/\/shop.yipinqian.com\/fr\/wp-json\/wp\/v2\/product_cat?post=13379"},{"taxonomy":"product_tag","embeddable":true,"href":"https:\/\/shop.yipinqian.com\/fr\/wp-json\/wp\/v2\/product_tag?post=13379"}],"curies":[{"name":"wp","href":"https:\/\/api.w.org\/{rel}","templated":true}]}}