{"id":13377,"date":"2024-11-22T19:02:59","date_gmt":"2024-11-22T11:02:59","guid":{"rendered":"https:\/\/shop.yipinqian.com\/local-sg-seller-very-beautiful-18k-gold-ring-set-with-high-quality-natural-jadeite-jade-crafted-as-pixiu-certificate-weighs-2-82-grams-measurement-14-6-9-3-6-1-mm-18kring33\/"},"modified":"2025-01-09T01:16:35","modified_gmt":"2025-01-08T17:16:35","slug":"local-sg-seller-very-beautiful-18k-gold-ring-set-with-high-quality-natural-jadeite-jade-crafted-as-pixiu-certificate-weighs-2-82-grams-measurement-14-6-9-3-6-1-mm-18kring33","status":"publish","type":"product","link":"https:\/\/shop.yipinqian.com\/fr\/produit\/local-sg-seller-very-beautiful-18k-gold-ring-set-with-high-quality-natural-jadeite-jade-crafted-as-pixiu-certificate-weighs-2-82-grams-measurement-14-6-9-3-6-1-mm-18kring33\/","title":{"rendered":"Vendeur local SG \u2013 Tr\u00e8s belle bague en or 18 carats sertie de jade jad\u00e9ite naturel de haute qualit\u00e9 fabriqu\u00e9 selon le certificat Pixiu p\u00e8se 2,82 grammes, mesure 14,6 * 9,3 * 6,1 mm (18kring33)"},"content":{"rendered":"<p>Enhance your jewelry collection with this exquisite 18k Gold Ring featuring Natural Jadeite Jade.<\/p>\n<p><\/p>\n<p>Certificate numbers: GD2112H00264<\/p>\n<p>Finger Size: 17mm<\/p>\n<p>18k Gold: 1.54 grams<\/p>\n<p>Diamonds: 16 * 0.003 = 0.048 Carats<\/p>\n<p>Pixiu Size: 14.6 * 9.3 * 6.1 mm<\/p>\n<p><img fetchpriority=\"high\" decoding=\"async\" src=\"https:\/\/shop.yipinqian.com\/wp-content\/uploads\/2024\/11\/8417122721864ce4aaab6f627051b021tplv-aphluv4xwc-origin-jpeg.jpeg?dr=15568&#038;nonce=26421&#038;refresh_token=a84c186181ea39bf0243a7dcb4dbf54c&#038;from=476444299&#038;idc=my2&#038;ps=933b5bde&#038;shcp=9b759fb9&#038;shp=1c65f68b&#038;t=555f072d\" width=\"709\" height=\"598\"><img decoding=\"async\" src=\"https:\/\/shop.yipinqian.com\/wp-content\/uploads\/2024\/11\/39261ab2e142425faff70802399929a9tplv-aphluv4xwc-origin-jpeg.jpeg?dr=15568&#038;nonce=92151&#038;refresh_token=7beec82b6e772dd8d6e2e4fdb3866178&#038;from=476444299&#038;idc=my2&#038;ps=933b5bde&#038;shcp=9b759fb9&#038;shp=1c65f68b&#038;t=555f072d\" width=\"1080\" height=\"1080\"><img decoding=\"async\" src=\"https:\/\/shop.yipinqian.com\/wp-content\/uploads\/2024\/11\/a4b2963a5bb14e4caf1a1f37580f8a92tplv-aphluv4xwc-origin-jpeg.jpeg?dr=15568&#038;nonce=63487&#038;refresh_token=dadd347f5f404868984a2e2435803b20&#038;from=476444299&#038;idc=my2&#038;ps=933b5bde&#038;shcp=9b759fb9&#038;shp=1c65f68b&#038;t=555f072d\" width=\"1080\" height=\"1080\"><\/p>\n<ul>\n<li>\n<strong>Conception Pixiu :<\/strong> Crafted as Pixiu for added symbolism and charm.<\/li>\n<li>\n<strong>Jade de haute qualit\u00e9 :<\/strong> Natural jadeite jade of superior quality for a luxurious look.<\/li>\n<li>\n<strong>Certificat inclus :<\/strong> Comes with a certificate to authenticate the jade and gold materials used.<\/li>\n<\/ul>\n<p>This stunning ring weighs 2.82 grams and has measurements of 14.6 * 9.3 * 6.1 mm, making it a perfect statement piece for any occasion, especially auspicious events in Myanmar origin traditions.<\/p>\n<ul>\n<li><strong>Main Material:: Crafted with authentic PT\/Carat Gold setting material, accented by diamonds as secondary material to enhance its beauty further.<\/strong><\/li>\n<li><strong><\/strong><\/li>\n<\/ul>\n<p><strong>Yi Pin Qian \u2013 N\u00e9gociant en pierres pr\u00e9cieuses et m\u00e9taux pr\u00e9cieux \u00e0 Singapour \u2013 Num\u00e9ro de licence PS20190000031<\/strong><\/p>\n<p><strong><br \/>*Toutes les jad\u00e9ites achet\u00e9es chez Yi Pin Qian \u00e0 Singapour, les clients peuvent r\u00e9server des cr\u00e9neaux pour le polissage ou une r\u00e9paration mineure en cas de mauvaise manipulation - des frais s&#039;appliquent et uniquement pour les clients de Yi Pin Qian \u00e0 Singapour*<br \/><strong>**Types de certificats**<\/strong><br \/><strong>NGI (Nan Yang Gemmologie)<\/strong>ou <strong>Certificats \u00e9trangers <\/strong>(Yi Pin Qian utilise uniquement des certificats authentiques provenant de laboratoires \u00e9trangers et contr\u00f4le \u00e9galement la qualit\u00e9 de chacun de nos produits avant de les mettre en vente \u00e0 Singapour)<br \/>Chaque produit sur TikTok aura le type de certificat fourni indiqu\u00e9 dans la description. Pour tout client souhaitant envoyer sa commande \u00e0 NGI Singapore, il y aura un d\u00e9lai d&#039;attente pour la livraison de la commande estim\u00e9 \u00e0 environ 4 semaines pour recevoir votre commande. <strong>Les demandes de rapport NGI Gemstone doivent \u00eatre effectu\u00e9es en nous envoyant un message.<\/strong> Merci, <strong><u>des frais suppl\u00e9mentaires s&#039;appliquent<\/u><\/strong>.<br \/><strong>La jad\u00e9ite naturelle n&#039;est pas parfaite, juste un petit rappel : notre jad\u00e9ite naturelle, comme toutes les belles choses de la nature, poss\u00e8de ses caract\u00e9ristiques et ses variations uniques. Nous invitons nos pr\u00e9cieux clients \u00e0 adopter ces variations naturelles. Bon shopping !<\/strong><br \/><strong><u>Aucune des photos et des s\u00e9quences vid\u00e9o n&#039;a \u00e9t\u00e9 filtr\u00e9e. Nous encourageons nos clients \u00e0 regarder \u00e9galement les vid\u00e9os d&#039;accompagnement pour une vue plus compl\u00e8te de nos produits<\/u><\/strong><br \/>Diff\u00e9rentes plates-formes ne peuvent visionner des vid\u00e9os que via le bureau<br \/><strong>.<\/strong><\/strong><\/p>","protected":false},"excerpt":{"rendered":"<p>Enhance your jewelry collection with this exquisite 18k Gold Ring featuring Natural Jadeite Jade. Certificate numbers: GD2112H00264 Finger Size: 17mm 18k Gold: 1.54 grams Diamonds: 16 * 0.003 = 0.048 Carats Pixiu Size: 14.6 * 9.3 * 6.1 mm Pixiu Design: Crafted as Pixiu for added symbolism and charm. High Quality Jade: Natural jadeite jade [&hellip;]<\/p>","protected":false},"featured_media":13564,"comment_status":"open","ping_status":"closed","template":"","meta":[],"product_brand":[],"product_cat":[119,80,126],"product_tag":[50,64,88,72,53,70,65,66,55,58,85,60,62],"class_list":{"0":"post-13377","1":"product","2":"type-product","3":"status-publish","4":"has-post-thumbnail","6":"product_cat-18k-gold-ring-setting","7":"product_cat-jade-rings","8":"product_cat-new-arrivals","9":"product_tag-18k-gold","10":"product_tag-cabochon","11":"product_tag-diamonds","12":"product_tag-female","13":"product_tag-fine-quality","14":"product_tag-green","15":"product_tag-high-quality","16":"product_tag-jade-ring","17":"product_tag-jadeite","18":"product_tag-new-arrivals","19":"product_tag-pixiu","20":"product_tag-type-a-jadeite","21":"product_tag-yi-pin-qian-exclusive","23":"first","24":"instock","25":"sale","26":"shipping-taxable","27":"purchasable","28":"product-type-simple"},"_links":{"self":[{"href":"https:\/\/shop.yipinqian.com\/fr\/wp-json\/wp\/v2\/product\/13377","targetHints":{"allow":["GET"]}}],"collection":[{"href":"https:\/\/shop.yipinqian.com\/fr\/wp-json\/wp\/v2\/product"}],"about":[{"href":"https:\/\/shop.yipinqian.com\/fr\/wp-json\/wp\/v2\/types\/product"}],"replies":[{"embeddable":true,"href":"https:\/\/shop.yipinqian.com\/fr\/wp-json\/wp\/v2\/comments?post=13377"}],"version-history":[{"count":0,"href":"https:\/\/shop.yipinqian.com\/fr\/wp-json\/wp\/v2\/product\/13377\/revisions"}],"wp:featuredmedia":[{"embeddable":true,"href":"https:\/\/shop.yipinqian.com\/fr\/wp-json\/wp\/v2\/media\/13564"}],"wp:attachment":[{"href":"https:\/\/shop.yipinqian.com\/fr\/wp-json\/wp\/v2\/media?parent=13377"}],"wp:term":[{"taxonomy":"product_brand","embeddable":true,"href":"https:\/\/shop.yipinqian.com\/fr\/wp-json\/wp\/v2\/product_brand?post=13377"},{"taxonomy":"product_cat","embeddable":true,"href":"https:\/\/shop.yipinqian.com\/fr\/wp-json\/wp\/v2\/product_cat?post=13377"},{"taxonomy":"product_tag","embeddable":true,"href":"https:\/\/shop.yipinqian.com\/fr\/wp-json\/wp\/v2\/product_tag?post=13377"}],"curies":[{"name":"wp","href":"https:\/\/api.w.org\/{rel}","templated":true}]}}