{"id":13371,"date":"2024-11-22T19:02:46","date_gmt":"2024-11-22T11:02:46","guid":{"rendered":"https:\/\/shop.yipinqian.com\/latest-arrival-sg-seller-yellow-and-green-natural-type-a-jadeite-jade-crafted-as-lotus-seedpod-pendant-qic-approved-certificate-weighs-14-61-grams-measurement-31-3-24-2-14-1-mm-pendant345\/"},"modified":"2025-02-24T00:49:48","modified_gmt":"2025-02-23T16:49:48","slug":"latest-arrival-sg-seller-yellow-and-green-natural-type-a-jadeite-jade-crafted-as-lotus-seedpod-pendant-qic-approved-certificate-weighs-14-61-grams-measurement-31-3-24-2-14-1-mm-pendant345","status":"publish","type":"product","link":"https:\/\/shop.yipinqian.com\/fr\/produit\/latest-arrival-sg-seller-yellow-and-green-natural-type-a-jadeite-jade-crafted-as-lotus-seedpod-pendant-qic-approved-certificate-weighs-14-61-grams-measurement-31-3-24-2-14-1-mm-pendant345\/","title":{"rendered":"Dernier arrivage chez le vendeur SG \u2013 Pendentif en jade jad\u00e9ite naturelle de type A jaune et vert fabriqu\u00e9 en gousse de lotus, certificat approuv\u00e9 par QIC, p\u00e8se 14,61 grammes, mesure 31,3 * 24,2 * 14,1 mm (pendentif345)"},"content":{"rendered":"<p>Ce pendentif exquis pr\u00e9sente du jade jad\u00e9ite naturel de type A jaune et vert fabriqu\u00e9 en forme de gousse de lotus, cr\u00e9ant un design unique et \u00e9l\u00e9gant.<\/p>\n<p><\/p>\n<p>Num\u00e9ros de certificat : 5523120103434<\/p>\n<p><img fetchpriority=\"high\" decoding=\"async\" src=\"https:\/\/shop.yipinqian.com\/wp-content\/uploads\/2024\/11\/9d8e21e1ae95414da0cd925a9658aaa6tplv-aphluv4xwc-origin-jpeg.jpeg?dr=15568&#038;nonce=49490&#038;refresh_token=2e1e461e4c86fb546a03fb578d85b354&#038;from=476444299&#038;idc=my2&#038;ps=933b5bde&#038;shcp=9b759fb9&#038;shp=1c65f68b&#038;t=555f072d\" width=\"1200\" height=\"1600\"><\/p>\n<ul>\n<li><strong>Caract\u00e9ristiques principales :<\/strong><\/li>\n<li>Certificat approuv\u00e9 par QIC<\/li>\n<li>P\u00e8se 14,61 grammes<\/li>\n<li>Mesure: 31,3 * 24,2 * 14,1 mm<\/li>\n<\/ul>\n<p><img decoding=\"async\" src=\"https:\/\/shop.yipinqian.com\/wp-content\/uploads\/2024\/11\/b7379a43edfc4fcbbb9e5f857b99a528tplv-aphluv4xwc-origin-jpeg.jpeg?dr=15568&#038;nonce=44743&#038;refresh_token=48d058c1177e54b4da46ac4ddb3b7e5e&#038;from=476444299&#038;idc=my2&#038;ps=933b5bde&#038;shcp=9b759fb9&#038;shp=1c65f68b&#038;t=555f072d\" width=\"1200\" height=\"1600\"><\/p>\n<p>Originaire du Myanmar, cette pi\u00e8ce met en valeur le savoir-faire de SG Seller et est parfaite pour un usage quotidien.<\/p>\n<ul>\n<li><strong>Attributs du produit :<\/strong><\/li>\n<li>\n<strong>R\u00e9gion d&#039;origine :<\/strong> Birmanie<\/li>\n<li><strong>Occasion : Quotidien Le style du collier est d\u00e9contract\u00e9, ce qui le rend adapt\u00e9 \u00e0 toutes les tenues ou occasions. Le design unisexe s&#039;adresse \u00e0 tous les sexes gr\u00e2ce \u00e0 son attrait polyvalent. Ce superbe pendentif en jade est un ajout indispensable \u00e0 toute collection de bijoux. Remarque : le type de garantie pour ce produit n&#039;est pas applicable.<\/strong><\/li>\n<\/ul>\n<p><\/p>\n<p><strong>La jad\u00e9ite naturelle n&#039;est pas parfaite, juste un petit rappel : notre jad\u00e9ite naturelle, comme toutes les belles choses de la nature, poss\u00e8de ses caract\u00e9ristiques et ses variations uniques. Nous invitons nos pr\u00e9cieux clients \u00e0 adopter ces variations naturelles. Bon shopping !<\/strong><\/p>\n<p><\/p>\n<p><strong><u>Aucune des photos et des s\u00e9quences vid\u00e9o n&#039;a \u00e9t\u00e9 filtr\u00e9e. Nous encourageons nos clients \u00e0 regarder \u00e9galement les vid\u00e9os d&#039;accompagnement pour une vue plus compl\u00e8te de nos produits<\/u><\/strong><\/p>\n<p><\/p>\n<ul>\n<li>Diff\u00e9rentes plates-formes ne peuvent visionner des vid\u00e9os que via le bureau<\/li>\n<\/ul>","protected":false},"excerpt":{"rendered":"<p>This exquisite pendant feature Yellow and Green Natural Type A Jadeite Jade crafted in the shape of a lotus seedpod, creating a unique and elegant design. Certificate numbers: 5523120103434 Key Features: QIC approved certificate Weighs 14.61 grams Measurement: 31.3 * 24.2 * 14.1 mm Hailing from Myanmar, this piece showcases the craftsmanship of SG Seller [&hellip;]<\/p>","protected":false},"featured_media":13524,"comment_status":"open","ping_status":"closed","template":"","meta":[],"product_brand":[],"product_cat":[194],"product_tag":[52,70,65,55,56,58,74,60,61,68,62],"class_list":{"0":"post-13371","1":"product","2":"type-product","3":"status-publish","4":"has-post-thumbnail","6":"product_cat-value-picks","7":"product_tag-certified","8":"product_tag-green","9":"product_tag-high-quality","10":"product_tag-jadeite","11":"product_tag-limited-editions","12":"product_tag-new-arrivals","13":"product_tag-qic-approved-certificate","14":"product_tag-type-a-jadeite","15":"product_tag-unisex","16":"product_tag-yellow","17":"product_tag-yi-pin-qian-exclusive","19":"first","20":"instock","21":"sale","22":"shipping-taxable","23":"purchasable","24":"product-type-simple"},"_links":{"self":[{"href":"https:\/\/shop.yipinqian.com\/fr\/wp-json\/wp\/v2\/product\/13371","targetHints":{"allow":["GET"]}}],"collection":[{"href":"https:\/\/shop.yipinqian.com\/fr\/wp-json\/wp\/v2\/product"}],"about":[{"href":"https:\/\/shop.yipinqian.com\/fr\/wp-json\/wp\/v2\/types\/product"}],"replies":[{"embeddable":true,"href":"https:\/\/shop.yipinqian.com\/fr\/wp-json\/wp\/v2\/comments?post=13371"}],"version-history":[{"count":0,"href":"https:\/\/shop.yipinqian.com\/fr\/wp-json\/wp\/v2\/product\/13371\/revisions"}],"wp:featuredmedia":[{"embeddable":true,"href":"https:\/\/shop.yipinqian.com\/fr\/wp-json\/wp\/v2\/media\/13524"}],"wp:attachment":[{"href":"https:\/\/shop.yipinqian.com\/fr\/wp-json\/wp\/v2\/media?parent=13371"}],"wp:term":[{"taxonomy":"product_brand","embeddable":true,"href":"https:\/\/shop.yipinqian.com\/fr\/wp-json\/wp\/v2\/product_brand?post=13371"},{"taxonomy":"product_cat","embeddable":true,"href":"https:\/\/shop.yipinqian.com\/fr\/wp-json\/wp\/v2\/product_cat?post=13371"},{"taxonomy":"product_tag","embeddable":true,"href":"https:\/\/shop.yipinqian.com\/fr\/wp-json\/wp\/v2\/product_tag?post=13371"}],"curies":[{"name":"wp","href":"https:\/\/api.w.org\/{rel}","templated":true}]}}