{"id":13367,"date":"2024-11-22T19:02:40","date_gmt":"2024-11-22T11:02:40","guid":{"rendered":"https:\/\/shop.yipinqian.com\/just-arrived-sg-local-seller-yellow-with-green-patch-natural-type-a-jadeite-jade-crafted-as-three-legs-toad-pendant-certificate-weighs-5-17-grams-measurement-22-19-5-11-3-mm-pendant333\/"},"modified":"2025-01-09T01:17:30","modified_gmt":"2025-01-08T17:17:30","slug":"just-arrived-sg-local-seller-yellow-with-green-patch-natural-type-a-jadeite-jade-crafted-as-three-legs-toad-pendant-certificate-weighs-5-17-grams-measurement-22-19-5-11-3-mm-pendant333","status":"publish","type":"product","link":"https:\/\/shop.yipinqian.com\/fr\/produit\/just-arrived-sg-local-seller-yellow-with-green-patch-natural-type-a-jadeite-jade-crafted-as-three-legs-toad-pendant-certificate-weighs-5-17-grams-measurement-22-19-5-11-3-mm-pendant333\/","title":{"rendered":"Vient d&#039;arriver un vendeur local de SG - Pendentif en jade jad\u00e9ite naturelle de type A jaune avec une tache verte fabriqu\u00e9 sous forme de certificat de crapaud \u00e0 trois pattes pesant 5,17 grammes, mesurant 22 * 19,5 * 11,3 mm (pendentif333)"},"content":{"rendered":"<p>Ce pendentif en jade jad\u00e9ite naturel de type A jaune avec des taches vertes pr\u00e9sente un design unique de crapaud \u00e0 trois pattes, fabriqu\u00e9 \u00e0 la main avec des d\u00e9tails exquis.<\/p>\n<p><\/p>\n<p>Num\u00e9ros de certificat : ZSJ1220601767<\/p>\n<p><img fetchpriority=\"high\" decoding=\"async\" src=\"https:\/\/shop.yipinqian.com\/wp-content\/uploads\/2024\/11\/df5ac213dd134034a22c9964f5c35cd8tplv-aphluv4xwc-origin-jpeg.jpeg?dr=15568&#038;nonce=73264&#038;refresh_token=16ff4917964e7c137c103e201e68a57b&#038;from=476444299&#038;idc=my2&#038;ps=933b5bde&#038;shcp=9b759fb9&#038;shp=1c65f68b&#038;t=555f072d\" width=\"1080\" height=\"1080\"><\/p>\n<ul>\n<li>\n<strong>D\u00e9tails du produit :<\/strong> P\u00e8se 5,17 grammes Dimensions : 22 x 19,5 x 11,3 mm Certificat inclus (pendentif333) Type de jade : Jad\u00e9ite R\u00e9gion d&#039;origine : Myanmar<\/li>\n<\/ul>\n<p><img decoding=\"async\" src=\"https:\/\/shop.yipinqian.com\/wp-content\/uploads\/2024\/11\/96ab7d35f6e842e88887a8b030a14735tplv-aphluv4xwc-origin-jpeg.jpeg?dr=15568&#038;nonce=18504&#038;refresh_token=243b69cfc3b1228c975adbc9d390156e&#038;from=476444299&#038;idc=my2&#038;ps=933b5bde&#038;shcp=9b759fb9&#038;shp=1c65f68b&#038;t=555f072d\" width=\"1080\" height=\"1080\"><\/p>\n<p>Adapt\u00e9 \u00e0 un usage quotidien, ce pendentif est un symbole de chance et de prosp\u00e9rit\u00e9, ce qui en fait un accessoire id\u00e9al pour les hommes et les femmes.<\/p>\n<ul>\n<li><strong>Attributs:<\/strong><\/li>\n<li>Le style du collier est d\u00e9contract\u00e9<\/li>\n<li>,<\/li>\n<li>Ce pendentif en jade de type A naturel jaune avec patch vert est id\u00e9al pour offrir ou comme talisman personnel. Il ajoute une touche \u00e9l\u00e9gante \u00e0 n&#039;importe quelle tenue. Profitez de la beaut\u00e9 et de l&#039;\u00e9nergie positive que cette pi\u00e8ce de jade authentique apporte \u00e0 votre collection.<\/li>\n<\/ul>","protected":false},"excerpt":{"rendered":"<p>Ce pendentif en jade jad\u00e9ite naturelle de type A jaune avec des taches vertes pr\u00e9sente un design unique de crapaud \u00e0 trois pattes, fabriqu\u00e9 \u00e0 la main avec des d\u00e9tails exquis. Num\u00e9ros de certificat : ZSJ1220601767 D\u00e9tails du produit : P\u00e8se 5,17 grammes Dimensions : 22 x 19,5 x 11,3 mm Certificat inclus (pendentif333) Type de jade : jad\u00e9ite R\u00e9gion d&#039;origine : Myanmar Adapt\u00e9 \u00e0 un usage quotidien, ce pendentif est un [\u2026]<\/p>","protected":false},"featured_media":13511,"comment_status":"open","ping_status":"closed","template":"","meta":[],"product_brand":[],"product_cat":[83,126,48],"product_tag":[139,52,89,96,55,56,58,73,60,61,68,62],"class_list":{"0":"post-13367","1":"product","2":"type-product","3":"status-publish","4":"has-post-thumbnail","6":"product_cat-jade-necklaces-pendants","7":"product_cat-new-arrivals","8":"product_cat-pendants","9":"product_tag-brown","10":"product_tag-certified","11":"product_tag-fengshui","12":"product_tag-green-patches","13":"product_tag-jadeite","14":"product_tag-limited-editions","15":"product_tag-new-arrivals","16":"product_tag-pendant","17":"product_tag-type-a-jadeite","18":"product_tag-unisex","19":"product_tag-yellow","20":"product_tag-yi-pin-qian-exclusive","22":"first","23":"instock","24":"sale","25":"shipping-taxable","26":"purchasable","27":"product-type-simple"},"_links":{"self":[{"href":"https:\/\/shop.yipinqian.com\/fr\/wp-json\/wp\/v2\/product\/13367","targetHints":{"allow":["GET"]}}],"collection":[{"href":"https:\/\/shop.yipinqian.com\/fr\/wp-json\/wp\/v2\/product"}],"about":[{"href":"https:\/\/shop.yipinqian.com\/fr\/wp-json\/wp\/v2\/types\/product"}],"replies":[{"embeddable":true,"href":"https:\/\/shop.yipinqian.com\/fr\/wp-json\/wp\/v2\/comments?post=13367"}],"version-history":[{"count":0,"href":"https:\/\/shop.yipinqian.com\/fr\/wp-json\/wp\/v2\/product\/13367\/revisions"}],"wp:featuredmedia":[{"embeddable":true,"href":"https:\/\/shop.yipinqian.com\/fr\/wp-json\/wp\/v2\/media\/13511"}],"wp:attachment":[{"href":"https:\/\/shop.yipinqian.com\/fr\/wp-json\/wp\/v2\/media?parent=13367"}],"wp:term":[{"taxonomy":"product_brand","embeddable":true,"href":"https:\/\/shop.yipinqian.com\/fr\/wp-json\/wp\/v2\/product_brand?post=13367"},{"taxonomy":"product_cat","embeddable":true,"href":"https:\/\/shop.yipinqian.com\/fr\/wp-json\/wp\/v2\/product_cat?post=13367"},{"taxonomy":"product_tag","embeddable":true,"href":"https:\/\/shop.yipinqian.com\/fr\/wp-json\/wp\/v2\/product_tag?post=13367"}],"curies":[{"name":"wp","href":"https:\/\/api.w.org\/{rel}","templated":true}]}}