{"id":13364,"date":"2024-11-22T19:02:33","date_gmt":"2024-11-22T11:02:33","guid":{"rendered":"https:\/\/shop.yipinqian.com\/high-translucent-quality-natural-type-a-jadeite-jade-crafted-as-milo-buddha-set-with-18k-gold-as-pendant-latest-arrival-in-sg-certificate-weighs-2-77-grams-measurement-23-19-2-8-5-mm-18kp76\/"},"modified":"2025-02-24T01:17:24","modified_gmt":"2025-02-23T17:17:24","slug":"high-translucent-quality-natural-type-a-jadeite-jade-crafted-as-milo-buddha-set-with-18k-gold-as-pendant-latest-arrival-in-sg-certificate-weighs-2-77-grams-measurement-23-19-2-8-5-mm-18kp76","status":"publish","type":"product","link":"https:\/\/shop.yipinqian.com\/fr\/produit\/high-translucent-quality-natural-type-a-jadeite-jade-crafted-as-milo-buddha-set-with-18k-gold-as-pendant-latest-arrival-in-sg-certificate-weighs-2-77-grams-measurement-23-19-2-8-5-mm-18kp76\/","title":{"rendered":"Jade jad\u00e9ite naturelle de type A de haute qualit\u00e9 translucide, fa\u00e7onn\u00e9 en forme de Bouddha Milo serti d&#039;or 18 carats en pendentif - Derni\u00e8re arriv\u00e9e \u00e0 Sg - le certificat p\u00e8se 2,77 grammes, mesure 23 * 19,2 * 8,5 mm (18kp76)"},"content":{"rendered":"<p>This High Translucent Quality Natural Type A Jadeite Jade pendant features a Milo Buddha design, meticulously crafted with 18k gold for an exquisite look.<\/p>\n<p><\/p>\n<p>Certificate numbers: GD2205H009889<\/p>\n<p>18k Gold: 1.56 grams<\/p>\n<p>7 * 0.003 diamonds<\/p>\n<p>1 Green Cabochon Jadeite<\/p>\n<p>Size with Setting: 23 * 19.2 * 8.5 mm<\/p>\n<p>Jadeite Size: 15 * 17.2 * 5.3 mm<\/p>\n<p><img fetchpriority=\"high\" decoding=\"async\" src=\"https:\/\/shop.yipinqian.com\/wp-content\/uploads\/2024\/11\/a4fde8a5c24e4586b709e64af43b79c9tplv-aphluv4xwc-origin-jpeg.jpeg?dr=15568&#038;nonce=54987&#038;refresh_token=742edecc11907050b35a7cedc2c5508a&#038;from=476444299&#038;idc=my2&#038;ps=933b5bde&#038;shcp=9b759fb9&#038;shp=1c65f68b&#038;t=555f072d\" width=\"1536\" height=\"2048\"><\/p>\n<ul>\n<li>\n<strong>Mat\u00e9riel:<\/strong> Type A Jadeite Jade, 18k Gold<\/li>\n<li>\n<strong>P\u00e8se :<\/strong> 2.77 grams<\/li>\n<li>\n<strong>Mesures:<\/strong> 23 * 19.2 * 8.5 mm<\/li>\n<li>\n<strong>Certificat:<\/strong> Yes (Included)<\/li>\n<\/ul>\n<p><img decoding=\"async\" src=\"https:\/\/shop.yipinqian.com\/wp-content\/uploads\/2024\/11\/7332b8e147fe499b85b7c487db48529dtplv-aphluv4xwc-origin-jpeg.jpeg?dr=15568&#038;nonce=1560&#038;refresh_token=1144ae13593a0d33038021507bb673e9&#038;from=476444299&#038;idc=my2&#038;ps=933b5bde&#038;shcp=9b759fb9&#038;shp=1c65f68b&#038;t=555f072d\" width=\"1536\" height=\"2048\"><\/p>\n<p>Hailing from Myanmar, this pendant is a symbol of auspiciousness and is suitable for both men and women to wear on casual occasions.<\/p>\n<ul>\n<li><strong>Type de jade : jad\u00e9ite<\/strong><\/li>\n<li><strong>Latest arrival in SG, this exquisite piece showcases the beauty and elegance of jade combined with the luxury of gold.Browse our collection to find your perfect statement piece or gift for a loved one.<\/strong><\/li>\n<\/ul>\n<p>Yi Pin Qian \u2013 N\u00e9gociant en pierres pr\u00e9cieuses et m\u00e9taux pr\u00e9cieux \u00e0 Singapour \u2013 Num\u00e9ro de licence PS20190000031<\/p>\n<p><\/p>\n<p>*Toutes les jad\u00e9ites achet\u00e9es chez Yi Pin Qian \u00e0 Singapour, les clients peuvent r\u00e9server des cr\u00e9neaux pour le polissage ou une r\u00e9paration mineure en cas de mauvaise manipulation - des frais s&#039;appliquent et uniquement pour les clients de Yi Pin Qian \u00e0 Singapour*<\/p>\n<p><\/p>\n<p><strong>**Types de certificats**<\/strong><\/p>\n<p><\/p>\n<p><strong>NGI (Nan Yang Gemmologie)<\/strong><\/p>\n<p>ou <strong>Certificats \u00e9trangers <\/strong>(Yi Pin Qian utilise uniquement des certificats authentiques provenant de laboratoires \u00e9trangers et contr\u00f4le \u00e9galement la qualit\u00e9 de chacun de nos produits avant de les mettre en vente \u00e0 Singapour)<\/p>\n<p><\/p>\n<p>Chaque produit sur TikTok aura le type de certificat fourni indiqu\u00e9 dans la description. Pour tout client souhaitant envoyer sa commande \u00e0 NGI Singapore, il y aura un d\u00e9lai d&#039;attente pour la livraison de la commande estim\u00e9 \u00e0 environ 4 semaines pour recevoir votre commande. <strong>Les demandes de rapport NGI Gemstone doivent \u00eatre effectu\u00e9es en nous envoyant un message.<\/strong> Merci, <strong><u>des frais suppl\u00e9mentaires s&#039;appliquent<\/u><\/strong>.<\/p>\n<p><\/p>\n<p><strong>La jad\u00e9ite naturelle n&#039;est pas parfaite, juste un petit rappel : notre jad\u00e9ite naturelle, comme toutes les belles choses de la nature, poss\u00e8de ses caract\u00e9ristiques et ses variations uniques. Nous invitons nos pr\u00e9cieux clients \u00e0 adopter ces variations naturelles. Bon shopping !<\/strong><\/p>\n<p><\/p>\n<p><strong><u>Aucune des photos et des s\u00e9quences vid\u00e9o n&#039;a \u00e9t\u00e9 filtr\u00e9e. Nous encourageons nos clients \u00e0 regarder \u00e9galement les vid\u00e9os d&#039;accompagnement pour une vue plus compl\u00e8te de nos produits<\/u><\/strong><\/p>\n<p><\/p>\n<ul>\n<li>Diff\u00e9rentes plates-formes ne peuvent visionner des vid\u00e9os que via le bureau<\/li>\n<\/ul>","protected":false},"excerpt":{"rendered":"<p>This High Translucent Quality Natural Type A Jadeite Jade pendant features a Milo Buddha design, meticulously crafted with 18k gold for an exquisite look. Certificate numbers: GD2205H009889 18k Gold: 1.56 grams 7 * 0.003 diamonds 1 Green Cabochon Jadeite Size with Setting: 23 * 19.2 * 8.5 mm Jadeite Size: 15 * 17.2 * 5.3 [&hellip;]<\/p>","protected":false},"featured_media":13498,"comment_status":"open","ping_status":"closed","template":"","meta":[],"product_brand":[],"product_cat":[195],"product_tag":[50,51,52,88,53,55,56,57,58,73,75,59,60,61,62],"class_list":{"0":"post-13364","1":"product","2":"type-product","3":"status-publish","4":"has-post-thumbnail","6":"product_cat-heirloom-grade","7":"product_tag-18k-gold","8":"product_tag-buddha","9":"product_tag-certified","10":"product_tag-diamonds","11":"product_tag-fine-quality","12":"product_tag-jadeite","13":"product_tag-limited-editions","14":"product_tag-milo-buddha","15":"product_tag-new-arrivals","16":"product_tag-pendant","17":"product_tag-traditional","18":"product_tag-translucent","19":"product_tag-type-a-jadeite","20":"product_tag-unisex","21":"product_tag-yi-pin-qian-exclusive","23":"first","24":"instock","25":"sale","26":"shipping-taxable","27":"purchasable","28":"product-type-simple"},"_links":{"self":[{"href":"https:\/\/shop.yipinqian.com\/fr\/wp-json\/wp\/v2\/product\/13364","targetHints":{"allow":["GET"]}}],"collection":[{"href":"https:\/\/shop.yipinqian.com\/fr\/wp-json\/wp\/v2\/product"}],"about":[{"href":"https:\/\/shop.yipinqian.com\/fr\/wp-json\/wp\/v2\/types\/product"}],"replies":[{"embeddable":true,"href":"https:\/\/shop.yipinqian.com\/fr\/wp-json\/wp\/v2\/comments?post=13364"}],"version-history":[{"count":0,"href":"https:\/\/shop.yipinqian.com\/fr\/wp-json\/wp\/v2\/product\/13364\/revisions"}],"wp:featuredmedia":[{"embeddable":true,"href":"https:\/\/shop.yipinqian.com\/fr\/wp-json\/wp\/v2\/media\/13498"}],"wp:attachment":[{"href":"https:\/\/shop.yipinqian.com\/fr\/wp-json\/wp\/v2\/media?parent=13364"}],"wp:term":[{"taxonomy":"product_brand","embeddable":true,"href":"https:\/\/shop.yipinqian.com\/fr\/wp-json\/wp\/v2\/product_brand?post=13364"},{"taxonomy":"product_cat","embeddable":true,"href":"https:\/\/shop.yipinqian.com\/fr\/wp-json\/wp\/v2\/product_cat?post=13364"},{"taxonomy":"product_tag","embeddable":true,"href":"https:\/\/shop.yipinqian.com\/fr\/wp-json\/wp\/v2\/product_tag?post=13364"}],"curies":[{"name":"wp","href":"https:\/\/api.w.org\/{rel}","templated":true}]}}