{"id":13363,"date":"2024-11-22T19:02:32","date_gmt":"2024-11-22T11:02:32","guid":{"rendered":"https:\/\/shop.yipinqian.com\/high-quality-sg-new-arrival-crafted-as-small-gourd-on-natural-type-a-jadeite-jade-set-with-18k-gold-as-pendant-certificate-weighs-1-01-grams-measurement-18-9-8-3-4-3-mm-18kp75\/"},"modified":"2025-02-24T00:49:48","modified_gmt":"2025-02-23T16:49:48","slug":"high-quality-sg-new-arrival-crafted-as-small-gourd-on-natural-type-a-jadeite-jade-set-with-18k-gold-as-pendant-certificate-weighs-1-01-grams-measurement-18-9-8-3-4-3-mm-18kp75","status":"publish","type":"product","link":"https:\/\/shop.yipinqian.com\/fr\/produit\/high-quality-sg-new-arrival-crafted-as-small-gourd-on-natural-type-a-jadeite-jade-set-with-18k-gold-as-pendant-certificate-weighs-1-01-grams-measurement-18-9-8-3-4-3-mm-18kp75\/","title":{"rendered":"Nouvelle arriv\u00e9e de haute qualit\u00e9 SG fabriqu\u00e9e sous forme de petite gourde sur du jade jad\u00e9ite naturel de type A serti d&#039;or 18 carats comme pendentif, le certificat p\u00e8se 1,01 gramme, mesure 18,9 * 8,3 * 4,3 mm (18kp75)"},"content":{"rendered":"<p>This High Quality SG New Arrival pendant features a small Gourd design crafted on Natural Type A Jadeite Jade, set with 18k gold for a touch of elegance.<\/p>\n<p><\/p>\n<p>Certificate numbers: GD2112H015297<\/p>\n<p>18k Gold: 0.25 grams<\/p>\n<p><img fetchpriority=\"high\" decoding=\"async\" src=\"https:\/\/shop.yipinqian.com\/wp-content\/uploads\/2024\/11\/b80e6c74268240f486917efc130d1eebtplv-aphluv4xwc-origin-jpeg.jpeg?dr=15568&#038;nonce=62317&#038;refresh_token=f6aaf895eadcb9de49148523e868b82e&#038;from=476444299&#038;idc=my2&#038;ps=933b5bde&#038;shcp=9b759fb9&#038;shp=1c65f68b&#038;t=555f072d\" width=\"1080\" height=\"1080\"><\/p>\n<ul>\n<li>\n<strong>Mat\u00e9riel:<\/strong> Or PT\/Carat<\/li>\n<li>\n<strong>Type de jade :<\/strong> Jad\u00e9ite<\/li>\n<li>\n<strong>R\u00e9gion d&#039;origine :<\/strong> Birmanie<\/li>\n<li>\n<strong>Occasion:<\/strong> \u00c0 porter au quotidien<\/li>\n<li>The pendant comes with a certificate,<\/li>\n<\/ul>\n<p><img decoding=\"async\" src=\"https:\/\/shop.yipinqian.com\/wp-content\/uploads\/2024\/11\/3b22efdae458474e978566e4b8835fbbtplv-aphluv4xwc-origin-jpeg.jpeg?dr=15568&#038;nonce=56618&#038;refresh_token=de9f562871fb58002426d97c90a51c0e&#038;from=476444299&#038;idc=my2&#038;ps=933b5bde&#038;shcp=9b759fb9&#038;shp=1c65f68b&#038;t=555f072d\" width=\"1080\" height=\"1080\"><\/p>\n<p>Weighing 1.01 grams and measuring at 18.9 * 8.3 * 4.3 mm, this exquisite piece is perfect for both men and women with its unisex design.<\/p>\n<ul>\n<li>The necklace style is designed to complement casual outfits without compromising on style and sophistication.<\/li>\n<\/ul>\n<p>.<strong>La jad\u00e9ite naturelle n&#039;est pas parfaite, juste un petit rappel : notre jad\u00e9ite naturelle, comme toutes les belles choses de la nature, poss\u00e8de ses caract\u00e9ristiques et ses variations uniques. Nous invitons nos pr\u00e9cieux clients \u00e0 adopter ces variations naturelles. Bon shopping !<\/strong><\/p>\n<p><\/p>\n<p><strong><u>Aucune des photos et des s\u00e9quences vid\u00e9o n&#039;a \u00e9t\u00e9 filtr\u00e9e. Nous encourageons nos clients \u00e0 regarder \u00e9galement les vid\u00e9os d&#039;accompagnement pour une vue plus compl\u00e8te de nos produits<\/u><\/strong><\/p>\n<p><\/p>\n<ul>\n<li>Diff\u00e9rentes plates-formes ne peuvent visionner des vid\u00e9os que via le bureau<\/li>\n<\/ul>","protected":false},"excerpt":{"rendered":"<p>This High Quality SG New Arrival pendant features a small Gourd design crafted on Natural Type A Jadeite Jade, set with 18k gold for a touch of elegance. Certificate numbers: GD2112H015297 18k Gold: 0.25 grams Material: PT\/Carat Gold Jade Type: Jadeite Region of Origin: Myanmar Occasion: Daily Wear The pendant comes with a certificate, Weighing [&hellip;]<\/p>","protected":false},"featured_media":13485,"comment_status":"open","ping_status":"closed","template":"","meta":[],"product_brand":[],"product_cat":[194],"product_tag":[50,52,53,65,54,56,58,73,59,60,61,62],"class_list":{"0":"post-13363","1":"product","2":"type-product","3":"status-publish","4":"has-post-thumbnail","6":"product_cat-value-picks","7":"product_tag-18k-gold","8":"product_tag-certified","9":"product_tag-fine-quality","10":"product_tag-high-quality","11":"product_tag-icy","12":"product_tag-limited-editions","13":"product_tag-new-arrivals","14":"product_tag-pendant","15":"product_tag-translucent","16":"product_tag-type-a-jadeite","17":"product_tag-unisex","18":"product_tag-yi-pin-qian-exclusive","20":"first","21":"instock","22":"sale","23":"shipping-taxable","24":"purchasable","25":"product-type-simple"},"_links":{"self":[{"href":"https:\/\/shop.yipinqian.com\/fr\/wp-json\/wp\/v2\/product\/13363","targetHints":{"allow":["GET"]}}],"collection":[{"href":"https:\/\/shop.yipinqian.com\/fr\/wp-json\/wp\/v2\/product"}],"about":[{"href":"https:\/\/shop.yipinqian.com\/fr\/wp-json\/wp\/v2\/types\/product"}],"replies":[{"embeddable":true,"href":"https:\/\/shop.yipinqian.com\/fr\/wp-json\/wp\/v2\/comments?post=13363"}],"version-history":[{"count":0,"href":"https:\/\/shop.yipinqian.com\/fr\/wp-json\/wp\/v2\/product\/13363\/revisions"}],"wp:featuredmedia":[{"embeddable":true,"href":"https:\/\/shop.yipinqian.com\/fr\/wp-json\/wp\/v2\/media\/13485"}],"wp:attachment":[{"href":"https:\/\/shop.yipinqian.com\/fr\/wp-json\/wp\/v2\/media?parent=13363"}],"wp:term":[{"taxonomy":"product_brand","embeddable":true,"href":"https:\/\/shop.yipinqian.com\/fr\/wp-json\/wp\/v2\/product_brand?post=13363"},{"taxonomy":"product_cat","embeddable":true,"href":"https:\/\/shop.yipinqian.com\/fr\/wp-json\/wp\/v2\/product_cat?post=13363"},{"taxonomy":"product_tag","embeddable":true,"href":"https:\/\/shop.yipinqian.com\/fr\/wp-json\/wp\/v2\/product_tag?post=13363"}],"curies":[{"name":"wp","href":"https:\/\/api.w.org\/{rel}","templated":true}]}}