{"id":13361,"date":"2024-11-22T19:02:29","date_gmt":"2024-11-22T11:02:29","guid":{"rendered":"https:\/\/shop.yipinqian.com\/high-quality-light-green-with-green-patches-crafted-as-one-pair-of-gourd-on-natural-type-a-jadeite-jade-as-stud-earrings-certificate-weighs-2-38-grams-18k01\/"},"modified":"2025-02-24T01:17:24","modified_gmt":"2025-02-23T17:17:24","slug":"high-quality-light-green-with-green-patches-crafted-as-one-pair-of-gourd-on-natural-type-a-jadeite-jade-as-stud-earrings-certificate-weighs-2-38-grams-18k01","status":"publish","type":"product","link":"https:\/\/shop.yipinqian.com\/fr\/produit\/high-quality-light-green-with-green-patches-crafted-as-one-pair-of-gourd-on-natural-type-a-jadeite-jade-as-stud-earrings-certificate-weighs-2-38-grams-18k01\/","title":{"rendered":"Boucles d&#039;oreilles \u00e0 tige en jade jad\u00e9ite naturelle de type A de haute qualit\u00e9, vert clair avec des taches vertes, fabriqu\u00e9es comme une paire de gourdes, certificat pesant 2,38 grammes (18k01)"},"content":{"rendered":"<p>Am\u00e9liorez votre collection de bijoux avec ces superbes boucles d&#039;oreilles \u00e0 tige en forme de gourde vert clair avec des taches vertes de haute qualit\u00e9, fabriqu\u00e9es \u00e0 partir de jade jad\u00e9ite naturel de type A.<\/p>\n<p><\/p>\n<p>Num\u00e9ros de certificat : GD2111H018867<\/p>\n<p><\/p>\n<p>Jad\u00e9ite Tailles : 10,1 * 7,7 * 2,7 \/ 10,5 * 7,8 * 3 mm<\/p>\n<p>Taille avec r\u00e9glage : 13,4 * 7,8 * 3,7 mm<\/p>\n<p>Or 18 carats : 1,46 gramme<\/p>\n<p>Diamants : 24 * 0,003 = 0,072 carats<\/p>\n<p>Rubis rouge : 2 * 0,005<\/p>\n<p><img fetchpriority=\"high\" decoding=\"async\" src=\"https:\/\/shop.yipinqian.com\/wp-content\/uploads\/2024\/11\/91ea309a364948418beced37da570b6btplv-aphluv4xwc-origin-jpeg.jpeg?dr=15568&#038;nonce=98324&#038;refresh_token=35384128e8213137219d9bc0a050a7d3&#038;from=476444299&#038;idc=my2&#038;ps=933b5bde&#038;shcp=9b759fb9&#038;shp=1c65f68b&#038;t=555f072d\" width=\"1536\" height=\"2048\"><\/p>\n<ul>\n<li>\n<strong>Mat\u00e9riel:<\/strong> Jade jad\u00e9ite naturelle de type A<\/li>\n<li>\n<strong>Conception:<\/strong> En forme de gourde avec des d\u00e9tails complexes<\/li>\n<li>\n<strong>Certificat:<\/strong> Oui, certificat inclus<\/li>\n<li>\n<strong>P\u00e8se :<\/strong> 2,38 grammes<\/li>\n<li>Ajoutez une touche d&#039;\u00e9l\u00e9gance \u00e0 vos tenues quotidiennes avec ces magnifiques boucles d&#039;oreilles \u00e0 tige. La teinte vert clair avec des taches vertes en fait un accessoire unique et accrocheur.<\/li>\n<li>Caract\u00e9ristiques principales :<\/li>\n<li>Style de boucle d&#039;oreille \u00e9l\u00e9gant parfait pour les femmesExtrait du Myanmar, mettant en valeur l&#039;authenticit\u00e9 et l&#039;artisanat de qualit\u00e9Les accents de diamant ajoutent une touche de sophisticationFabriqu\u00e9 \u00e0 partir de mat\u00e9riaux de sertissage en or PT\/Carat pr\u00e9cieux pour plus de durabilit\u00e9<\/li>\n<li>.<\/li>\n<\/ul>\n<p><img decoding=\"async\" src=\"https:\/\/shop.yipinqian.com\/wp-content\/uploads\/2024\/11\/df1afc008b3f4094a149be6cac83824dtplv-aphluv4xwc-origin-jpeg.jpeg?dr=15568&#038;nonce=21730&#038;refresh_token=5a42dedc1d5932d0bcf25b9db5eefd01&#038;from=476444299&#038;idc=my2&#038;ps=933b5bde&#038;shcp=9b759fb9&#038;shp=1c65f68b&#038;t=555f072d\" width=\"1536\" height=\"2048\"><\/p>\n<p>Yi Pin Qian \u2013 N\u00e9gociant en pierres pr\u00e9cieuses et m\u00e9taux pr\u00e9cieux \u00e0 Singapour \u2013 Num\u00e9ro de licence PS20190000031<\/p>\n<p><\/p>\n<p>*Toutes les jad\u00e9ites achet\u00e9es chez Yi Pin Qian \u00e0 Singapour, les clients peuvent r\u00e9server des cr\u00e9neaux pour le polissage ou une r\u00e9paration mineure en cas de mauvaise manipulation - des frais s&#039;appliquent et uniquement pour les clients de Yi Pin Qian \u00e0 Singapour*<\/p>\n<p><\/p>\n<p><strong>**Types de certificats**<\/strong><\/p>\n<p><\/p>\n<p><strong>NGI (Nan Yang Gemmologie)<\/strong><\/p>\n<p>ou <strong>Certificats \u00e9trangers <\/strong>(Yi Pin Qian utilise uniquement des certificats authentiques provenant de laboratoires \u00e9trangers et contr\u00f4le \u00e9galement la qualit\u00e9 de chacun de nos produits avant de les mettre en vente \u00e0 Singapour)<\/p>\n<p><\/p>\n<p>Chaque produit sur TikTok aura le type de certificat fourni indiqu\u00e9 dans la description. Pour tout client souhaitant envoyer sa commande \u00e0 NGI Singapore, il y aura un d\u00e9lai d&#039;attente pour la livraison de la commande estim\u00e9 \u00e0 environ 4 semaines pour recevoir votre commande. <strong>Les demandes de rapport NGI Gemstone doivent \u00eatre effectu\u00e9es en nous envoyant un message.<\/strong> Merci, <strong><u>des frais suppl\u00e9mentaires s&#039;appliquent<\/u><\/strong>.<\/p>\n<p><\/p>\n<p><strong>La jad\u00e9ite naturelle n&#039;est pas parfaite, juste un petit rappel : notre jad\u00e9ite naturelle, comme toutes les belles choses de la nature, poss\u00e8de ses caract\u00e9ristiques et ses variations uniques. Nous invitons nos pr\u00e9cieux clients \u00e0 adopter ces variations naturelles. Bon shopping !<\/strong><\/p>\n<p><\/p>\n<p><strong><u>Aucune des photos et des s\u00e9quences vid\u00e9o n&#039;a \u00e9t\u00e9 filtr\u00e9e. Nous encourageons nos clients \u00e0 regarder \u00e9galement les vid\u00e9os d&#039;accompagnement pour une vue plus compl\u00e8te de nos produits<\/u><\/strong><\/p>\n<p><\/p>\n<ul>\n<li>Diff\u00e9rentes plates-formes ne peuvent visionner des vid\u00e9os que via le bureau<\/li>\n<\/ul>","protected":false},"excerpt":{"rendered":"<p>Enhance your jewelry collection with these exquisite High Quality Light Green with Green Patches Gourd Stud Earrings crafted from Natural Type A Jadeite Jade. Certificate numbers: GD2111H018867 Jadeite Sizes: 10.1 * 7.7 * 2.7 \/ 10.5 * 7.8 * 3 mm Size with Setting: 13.4 * 7.8 * 3.7 mm 18k Gold: 1.46 grams Diamonds: [&hellip;]<\/p>","protected":false},"featured_media":13472,"comment_status":"open","ping_status":"closed","template":"","meta":[],"product_brand":[],"product_cat":[195],"product_tag":[50,52,88,171,53,70,96,55,82,56,58,60,62],"class_list":{"0":"post-13361","1":"product","2":"type-product","3":"status-publish","4":"has-post-thumbnail","6":"product_cat-heirloom-grade","7":"product_tag-18k-gold","8":"product_tag-certified","9":"product_tag-diamonds","10":"product_tag-earrings","11":"product_tag-fine-quality","12":"product_tag-green","13":"product_tag-green-patches","14":"product_tag-jadeite","15":"product_tag-light-green","16":"product_tag-limited-editions","17":"product_tag-new-arrivals","18":"product_tag-type-a-jadeite","19":"product_tag-yi-pin-qian-exclusive","21":"first","22":"instock","23":"sale","24":"shipping-taxable","25":"purchasable","26":"product-type-simple"},"_links":{"self":[{"href":"https:\/\/shop.yipinqian.com\/fr\/wp-json\/wp\/v2\/product\/13361","targetHints":{"allow":["GET"]}}],"collection":[{"href":"https:\/\/shop.yipinqian.com\/fr\/wp-json\/wp\/v2\/product"}],"about":[{"href":"https:\/\/shop.yipinqian.com\/fr\/wp-json\/wp\/v2\/types\/product"}],"replies":[{"embeddable":true,"href":"https:\/\/shop.yipinqian.com\/fr\/wp-json\/wp\/v2\/comments?post=13361"}],"version-history":[{"count":0,"href":"https:\/\/shop.yipinqian.com\/fr\/wp-json\/wp\/v2\/product\/13361\/revisions"}],"wp:featuredmedia":[{"embeddable":true,"href":"https:\/\/shop.yipinqian.com\/fr\/wp-json\/wp\/v2\/media\/13472"}],"wp:attachment":[{"href":"https:\/\/shop.yipinqian.com\/fr\/wp-json\/wp\/v2\/media?parent=13361"}],"wp:term":[{"taxonomy":"product_brand","embeddable":true,"href":"https:\/\/shop.yipinqian.com\/fr\/wp-json\/wp\/v2\/product_brand?post=13361"},{"taxonomy":"product_cat","embeddable":true,"href":"https:\/\/shop.yipinqian.com\/fr\/wp-json\/wp\/v2\/product_cat?post=13361"},{"taxonomy":"product_tag","embeddable":true,"href":"https:\/\/shop.yipinqian.com\/fr\/wp-json\/wp\/v2\/product_tag?post=13361"}],"curies":[{"name":"wp","href":"https:\/\/api.w.org\/{rel}","templated":true}]}}