{"id":1336,"date":"2024-10-24T23:18:29","date_gmt":"2024-10-24T15:18:29","guid":{"rendered":"https:\/\/shop.yipinqian.com\/product\/deep-green-translucent-natural-type-a-jadeite-pendant-carved-as-ruyi-with-ngi-gemstone-report-weight-15-42-grams-27-52-13-75-4-25-mm-very-suitable-for-daily-wear-only-1-word-to-describe-elegant-pendan\/"},"modified":"2025-07-17T11:34:56","modified_gmt":"2025-07-17T03:34:56","slug":"deep-green-translucent-natural-type-a-jadeite-pendant-carved-as-ruyi-with-ngi-gemstone-report-weight-15-42-grams-27-52-13-75-4-25-mm-very-suitable-for-daily-wear-only-1-word-to-describe-elegant-pendan","status":"publish","type":"product","link":"https:\/\/shop.yipinqian.com\/fr\/produit\/deep-green-translucent-natural-type-a-jadeite-pendant-carved-as-ruyi-with-ngi-gemstone-report-weight-15-42-grams-27-52-13-75-4-25-mm-very-suitable-for-daily-wear-only-1-word-to-describe-elegant-pendan\/","title":{"rendered":"Pendentif en jad\u00e9ite naturelle translucide de type A vert fonc\u00e9 sculpt\u00e9 en ruyi avec le poids de la pierre pr\u00e9cieuse NGI 15,42 grammes, 27,52 * 13,75 * 4,25 mm - tr\u00e8s appropri\u00e9 pour un usage quotidien, un seul mot pour d\u00e9crire - \u00e9l\u00e9gant (pendentif129)"},"content":{"rendered":"<h2>Deep Green Translucent Natural Type A Jadeite Pendant<\/h2>\n<p><iframe title=\"Deep Green Translucent Natural Type A Jadeite Pendant\" src=\"https:\/\/youtube.com\/embed\/WNlNFhgHBZw\/\" width=\"330\" height=\"300\"><\/iframe><br \/>\nCe pendentif en jad\u00e9ite naturelle translucide de type A vert fonc\u00e9 est un ajout \u00e9l\u00e9gant \u00e0 toute collection de bijoux. Sculpt\u00e9 en ruyi et accompagn\u00e9 d&#039;un rapport de pierres pr\u00e9cieuses NGI, ce pendentif p\u00e8se 15,42 grammes et mesure 27,52 * 13,75 * 4,25 mm.<\/p>\n<p>Num\u00e9ros de rapport NGI : 63837045<\/p>\n<p><img fetchpriority=\"high\" decoding=\"async\" class=\"alignnone\" src=\"https:\/\/shop.yipinqian.com\/wp-content\/uploads\/2024\/10\/5c6d43920b68b25802e1c36422e78f76.jpg?from=476444299\" alt=\"Deep Green Translucent Natural Type A Jadeite Pendant\" width=\"1080\" height=\"1080\" \/><\/p>\n<ul>\n<li><strong>Magnifiquement con\u00e7u :<\/strong> Sculpt\u00e9 en ruyi, ce pendentif a un design \u00e9poustouflant qui le distingue des autres colliers.<\/li>\n<li><strong>Jad\u00e9ite naturelle :<\/strong> Fabriqu\u00e9 \u00e0 partir de jad\u00e9ite naturelle de type A, ce pendentif est \u00e0 la fois beau et unique.<\/li>\n<li><strong>Convient pour un usage quotidien :<\/strong> Avec son design \u00e9l\u00e9gant, ce collier est parfait pour ajouter une touche de sophistication \u00e0 n&#039;importe quelle tenue au quotidien.<\/li>\n<\/ul>\n<p>Ce collier est accompagn\u00e9 de l&#039;assurance du rapport NGI Gemstone qui garantit que l&#039;authenticit\u00e9 du produit peut \u00eatre fiable sans aucun doute quant \u00e0 sa qualit\u00e9. Le certificat confirme que son pays d&#039;origine est le Myanmar, ce qui le rend \u00e9galement unique en son genre en termes d&#039;origine. Le style du collier peut \u00eatre d\u00e9crit comme \u00e9l\u00e9gant, ce qui le rend adapt\u00e9 aussi bien aux hommes qu&#039;aux femmes, ce qui constitue \u00e9galement une option de cadeau id\u00e9ale pour diverses occasions quotidiennes.<\/p>\n<p>Yi Pin Qian \u2013 N\u00e9gociant en pierres pr\u00e9cieuses et m\u00e9taux pr\u00e9cieux \u00e0 Singapour \u2013 Num\u00e9ro de licence PS20190000031<\/p>\n<p>*Toutes les jad\u00e9ites achet\u00e9es chez Yi Pin Qian \u00e0 Singapour, les clients peuvent r\u00e9server des cr\u00e9neaux pour le polissage ou une r\u00e9paration mineure en cas de mauvaise manipulation - des frais s&#039;appliquent et uniquement pour les clients de Yi Pin Qian \u00e0 Singapour*<\/p>\n<p><strong>**Types de certificats**<\/strong><\/p>\n<p>NGI (Nan Yang Gemmologie)<\/p>\n<p>ou des certificats \u00e9trangers (Yi Pin Qian utilise uniquement des certificats authentiques provenant de laboratoires \u00e9trangers et contr\u00f4le \u00e9galement la qualit\u00e9 de chacun de nos produits avant de les mettre en vente \u00e0 Singapour)<\/p>\n<p>Chaque produit sur TikTok aura le type de certificat fourni indiqu\u00e9 dans la description. Pour tout client souhaitant envoyer sa commande \u00e0 NGI Singapore, il y aura un d\u00e9lai d&#039;attente pour la livraison de la commande estim\u00e9 \u00e0 environ 4 semaines pour recevoir votre commande. <strong>Les demandes de rapport sur les pierres pr\u00e9cieuses NGI doivent \u00eatre effectu\u00e9es en envoyant un message \u00e0 la boutique TikTok de Yi Pin Qian.<\/strong> Merci, des frais suppl\u00e9mentaires s&#039;appliquent.<\/p>","protected":false},"excerpt":{"rendered":"<h2>Deep Green Translucent Natural Type A Jadeite Pendant<\/h2>\n<p><img decoding=\"async\" class=\"aligncenter size-medium wp-image-22235\" src=\"https:\/\/shop.yipinqian.com\/wp-content\/uploads\/2024\/10\/WhatsApp-Image-2024-05-21-at-15.35.49_4af13adf-300x300.jpg\" alt=\"Deep Green Translucent Natural Type A Jadeite Pendant\" width=\"300\" height=\"300\" srcset=\"https:\/\/shop.yipinqian.com\/wp-content\/uploads\/2024\/10\/WhatsApp-Image-2024-05-21-at-15.35.49_4af13adf-300x300.jpg 300w, https:\/\/shop.yipinqian.com\/wp-content\/uploads\/2024\/10\/WhatsApp-Image-2024-05-21-at-15.35.49_4af13adf-1024x1024.jpg 1024w, https:\/\/shop.yipinqian.com\/wp-content\/uploads\/2024\/10\/WhatsApp-Image-2024-05-21-at-15.35.49_4af13adf-150x150.jpg 150w, https:\/\/shop.yipinqian.com\/wp-content\/uploads\/2024\/10\/WhatsApp-Image-2024-05-21-at-15.35.49_4af13adf-768x768.jpg 768w, https:\/\/shop.yipinqian.com\/wp-content\/uploads\/2024\/10\/WhatsApp-Image-2024-05-21-at-15.35.49_4af13adf-12x12.jpg 12w, https:\/\/shop.yipinqian.com\/wp-content\/uploads\/2024\/10\/WhatsApp-Image-2024-05-21-at-15.35.49_4af13adf-500x500.jpg 500w, https:\/\/shop.yipinqian.com\/wp-content\/uploads\/2024\/10\/WhatsApp-Image-2024-05-21-at-15.35.49_4af13adf-100x100.jpg 100w, https:\/\/shop.yipinqian.com\/wp-content\/uploads\/2024\/10\/WhatsApp-Image-2024-05-21-at-15.35.49_4af13adf.jpg 1080w\" sizes=\"(max-width: 300px) 100vw, 300px\" \/><\/p>","protected":false},"featured_media":3479,"comment_status":"open","ping_status":"closed","template":"","meta":[],"product_brand":[],"product_cat":[196],"product_tag":[],"class_list":{"0":"post-1336","1":"product","2":"type-product","3":"status-publish","4":"has-post-thumbnail","6":"product_cat-vault-collection","8":"first","9":"instock","10":"sale","11":"shipping-taxable","12":"purchasable","13":"product-type-simple"},"_links":{"self":[{"href":"https:\/\/shop.yipinqian.com\/fr\/wp-json\/wp\/v2\/product\/1336","targetHints":{"allow":["GET"]}}],"collection":[{"href":"https:\/\/shop.yipinqian.com\/fr\/wp-json\/wp\/v2\/product"}],"about":[{"href":"https:\/\/shop.yipinqian.com\/fr\/wp-json\/wp\/v2\/types\/product"}],"replies":[{"embeddable":true,"href":"https:\/\/shop.yipinqian.com\/fr\/wp-json\/wp\/v2\/comments?post=1336"}],"version-history":[{"count":0,"href":"https:\/\/shop.yipinqian.com\/fr\/wp-json\/wp\/v2\/product\/1336\/revisions"}],"wp:featuredmedia":[{"embeddable":true,"href":"https:\/\/shop.yipinqian.com\/fr\/wp-json\/wp\/v2\/media\/3479"}],"wp:attachment":[{"href":"https:\/\/shop.yipinqian.com\/fr\/wp-json\/wp\/v2\/media?parent=1336"}],"wp:term":[{"taxonomy":"product_brand","embeddable":true,"href":"https:\/\/shop.yipinqian.com\/fr\/wp-json\/wp\/v2\/product_brand?post=1336"},{"taxonomy":"product_cat","embeddable":true,"href":"https:\/\/shop.yipinqian.com\/fr\/wp-json\/wp\/v2\/product_cat?post=1336"},{"taxonomy":"product_tag","embeddable":true,"href":"https:\/\/shop.yipinqian.com\/fr\/wp-json\/wp\/v2\/product_tag?post=1336"}],"curies":[{"name":"wp","href":"https:\/\/api.w.org\/{rel}","templated":true}]}}