{"id":13357,"date":"2024-11-22T19:02:20","date_gmt":"2024-11-22T11:02:20","guid":{"rendered":"https:\/\/shop.yipinqian.com\/green-cicada-crafted-on-natural-type-a-jadeite-jade-as-pendant-with-sg-local-seller-certificate-weighs-4-49-grams-measurement-25-1-15-6-8-mm-pendant335\/"},"modified":"2025-02-24T00:49:48","modified_gmt":"2025-02-23T16:49:48","slug":"green-cicada-crafted-on-natural-type-a-jadeite-jade-as-pendant-with-sg-local-seller-certificate-weighs-4-49-grams-measurement-25-1-15-6-8-mm-pendant335","status":"publish","type":"product","link":"https:\/\/shop.yipinqian.com\/fr\/produit\/green-cicada-crafted-on-natural-type-a-jadeite-jade-as-pendant-with-sg-local-seller-certificate-weighs-4-49-grams-measurement-25-1-15-6-8-mm-pendant335\/","title":{"rendered":"#Sold \u2013 Cigale verte fabriqu\u00e9e sur du jade jad\u00e9ite naturel de type A comme pendentif avec certificat de vendeur local SG p\u00e8se 4,49 grammes, mesure 25,1 * 15 * 6,8 mm (pendentif335)"},"content":{"rendered":"<p>This exquisite Green Cicada pendant is crafted on Natural Type A Jadeite Jade, making it a stunning piece of jewelry that is both unique and elegant.<\/p>\n<p>&nbsp;<\/p>\n<p>Certificate numbers: 920660035569<\/p>\n<p><img fetchpriority=\"high\" decoding=\"async\" src=\"https:\/\/shop.yipinqian.com\/wp-content\/uploads\/2024\/11\/4955559f305b4944afc7883db30c9fddtplv-aphluv4xwc-origin-jpeg.jpeg?dr=15568&amp;nonce=86853&amp;refresh_token=d99b743ecc76be052b99916a7648ed60&amp;from=476444299&amp;idc=my2&amp;ps=933b5bde&amp;shcp=9b759fb9&amp;shp=1c65f68b&amp;t=555f072d\" width=\"1080\" height=\"1080\" \/><\/p>\n<ul>\n<li><strong>Poids:<\/strong> 4.49 grams<\/li>\n<li><strong>Mesures:<\/strong> 25.1 * 15 * 6.8 mm<\/li>\n<li><strong>Certificat:<\/strong> Yes (SG Local Seller certificate)<\/li>\n<li><strong>Type de jade :<\/strong> Jad\u00e9ite<\/li>\n<li><strong>Style de collier :<\/strong>Occasionnel<\/li>\n<li>The Green Cicada design adds a touch of nature and beauty to any outfit, perfect for daily wear. Made with high-quality jade sourced from Myanmar, this pendant exudes luxury and craftsmanship. This unisex piece makes a versatile addition to any jewelry collection, showcasing the natural beauty of jade in a timeless design.<\/li>\n<\/ul>\n<p><img decoding=\"async\" class=\"alignnone\" src=\"https:\/\/shop.yipinqian.com\/wp-content\/uploads\/2024\/11\/a78d1c969a3045a2ae8a63dfb1501c61tplv-aphluv4xwc-origin-jpeg.jpeg?dr=15568&amp;nonce=43381&amp;refresh_token=fe681723d3e10ed0c947fdbe70fed1ac&amp;from=476444299&amp;idc=my2&amp;ps=933b5bde&amp;shcp=9b759fb9&amp;shp=1c65f68b&amp;t=555f072d\" alt=\"Green Cicada crafted on Natural Type A Jadeite Jade as Pendant\" width=\"1536\" height=\"2048\" \/><\/p>\n<p><strong>La jad\u00e9ite naturelle n&#039;est pas parfaite, juste un petit rappel : notre jad\u00e9ite naturelle, comme toutes les belles choses de la nature, poss\u00e8de ses caract\u00e9ristiques et ses variations uniques. Nous invitons nos pr\u00e9cieux clients \u00e0 adopter ces variations naturelles. Bon shopping !<\/strong><\/p>\n<p>&nbsp;<\/p>\n<p><strong><u>Aucune des photos et des s\u00e9quences vid\u00e9o n&#039;a \u00e9t\u00e9 filtr\u00e9e. Nous encourageons nos clients \u00e0 regarder \u00e9galement les vid\u00e9os d&#039;accompagnement pour une vue plus compl\u00e8te de nos produits<\/u><\/strong><\/p>\n<p>&nbsp;<\/p>\n<ul>\n<li>Diff\u00e9rentes plates-formes ne peuvent visionner des vid\u00e9os que via le bureau<\/li>\n<\/ul>","protected":false},"excerpt":{"rendered":"<p>Green Cicada crafted on Natural Type A Jadeite Jade as Pendant &#8211; a very beautiful jadeite jade pendant, a good buy &#8211; Yi Pin Qian don&#8217;t sell newly arrived jadeite as jadeite need time to find out if it is suitable for selling, we are taking away all risks for jadeite oxidation from our precious customers.<\/p>","protected":false},"featured_media":13448,"comment_status":"open","ping_status":"closed","template":"","meta":[],"product_brand":[],"product_cat":[194],"product_tag":[52,89,70,55,56,58,73,75,60,61,62],"class_list":{"0":"post-13357","1":"product","2":"type-product","3":"status-publish","4":"has-post-thumbnail","6":"product_cat-value-picks","7":"product_tag-certified","8":"product_tag-fengshui","9":"product_tag-green","10":"product_tag-jadeite","11":"product_tag-limited-editions","12":"product_tag-new-arrivals","13":"product_tag-pendant","14":"product_tag-traditional","15":"product_tag-type-a-jadeite","16":"product_tag-unisex","17":"product_tag-yi-pin-qian-exclusive","19":"first","20":"outofstock","21":"sale","22":"shipping-taxable","23":"purchasable","24":"product-type-simple"},"_links":{"self":[{"href":"https:\/\/shop.yipinqian.com\/fr\/wp-json\/wp\/v2\/product\/13357","targetHints":{"allow":["GET"]}}],"collection":[{"href":"https:\/\/shop.yipinqian.com\/fr\/wp-json\/wp\/v2\/product"}],"about":[{"href":"https:\/\/shop.yipinqian.com\/fr\/wp-json\/wp\/v2\/types\/product"}],"replies":[{"embeddable":true,"href":"https:\/\/shop.yipinqian.com\/fr\/wp-json\/wp\/v2\/comments?post=13357"}],"version-history":[{"count":0,"href":"https:\/\/shop.yipinqian.com\/fr\/wp-json\/wp\/v2\/product\/13357\/revisions"}],"wp:featuredmedia":[{"embeddable":true,"href":"https:\/\/shop.yipinqian.com\/fr\/wp-json\/wp\/v2\/media\/13448"}],"wp:attachment":[{"href":"https:\/\/shop.yipinqian.com\/fr\/wp-json\/wp\/v2\/media?parent=13357"}],"wp:term":[{"taxonomy":"product_brand","embeddable":true,"href":"https:\/\/shop.yipinqian.com\/fr\/wp-json\/wp\/v2\/product_brand?post=13357"},{"taxonomy":"product_cat","embeddable":true,"href":"https:\/\/shop.yipinqian.com\/fr\/wp-json\/wp\/v2\/product_cat?post=13357"},{"taxonomy":"product_tag","embeddable":true,"href":"https:\/\/shop.yipinqian.com\/fr\/wp-json\/wp\/v2\/product_tag?post=13357"}],"curies":[{"name":"wp","href":"https:\/\/api.w.org\/{rel}","templated":true}]}}