{"id":13353,"date":"2024-11-22T19:02:15","date_gmt":"2024-11-22T11:02:15","guid":{"rendered":"https:\/\/shop.yipinqian.com\/drop-shape-crafting-on-natural-type-a-jadeite-jade-as-pendant-in-singapore-with-certificate-weighs-5-93-grams-measurement-24-5-14-6-6-1-mm-pendant-334\/"},"modified":"2025-01-09T01:19:07","modified_gmt":"2025-01-08T17:19:07","slug":"drop-shape-crafting-on-natural-type-a-jadeite-jade-as-pendant-in-singapore-with-certificate-weighs-5-93-grams-measurement-24-5-14-6-6-1-mm-pendant-334","status":"publish","type":"product","link":"https:\/\/shop.yipinqian.com\/fr\/produit\/drop-shape-crafting-on-natural-type-a-jadeite-jade-as-pendant-in-singapore-with-certificate-weighs-5-93-grams-measurement-24-5-14-6-6-1-mm-pendant-334\/","title":{"rendered":"Fabrication en forme de goutte sur jade jad\u00e9ite naturel de type A comme pendentif \u00e0 Singapour avec certificat p\u00e8se 5,93 grammes, mesure 24,5 * 14,6 * 6,1 mm (pendentif 334)"},"content":{"rendered":"<p>Ce pendentif exquis pr\u00e9sente une forme de goutte fabriqu\u00e9e \u00e0 partir de jade jad\u00e9ite naturel de type A \u00e0 Singapour, accompagn\u00e9 d&#039;un certificat d&#039;authenticit\u00e9.<\/p>\n<p><\/p>\n<p>Num\u00e9ros de certificat : GD2110H017367<\/p>\n<p><img fetchpriority=\"high\" decoding=\"async\" src=\"https:\/\/shop.yipinqian.com\/wp-content\/uploads\/2024\/11\/a451a2a204db487f8624339d487f47a8tplv-aphluv4xwc-origin-jpeg.jpeg?dr=15568&#038;nonce=19642&#038;refresh_token=891fd827279d2465694e6124889dbe75&#038;from=476444299&#038;idc=my2&#038;ps=933b5bde&#038;shcp=9b759fb9&#038;shp=1c65f68b&#038;t=555f072d\" width=\"1080\" height=\"1080\"><\/p>\n<ul>\n<li>\n<strong>P\u00e8se :<\/strong> 5,93 grammes<\/li>\n<li>\n<strong>Mesures:<\/strong> 24,5 * 14,6 * 6,1 mm<\/li>\n<li>\n<strong>Num\u00e9ro de pendentif :<\/strong> 334<\/li>\n<li>\n<strong>Type de jade :<\/strong> Jad\u00e9ite<\/li>\n<li><strong>Pendentif en jade jad\u00e9ite naturel de type A \u00e0 Singapour avec certificat.<\/strong><\/li>\n<\/ul>\n<p><img decoding=\"async\" src=\"https:\/\/shop.yipinqian.com\/wp-content\/uploads\/2024\/11\/e85b58ea92314dd0b1f3bd1376af54c8tplv-aphluv4xwc-origin-jpeg.jpeg?dr=15568&#038;nonce=61432&#038;refresh_token=c95984cbb7e00b33747081d6b16236a8&#038;from=476444299&#038;idc=my2&#038;ps=933b5bde&#038;shcp=9b759fb9&#038;shp=1c65f68b&#038;t=555f072d\" width=\"1080\" height=\"1080\"><\/p>\n<p>Cette pi\u00e8ce unisexe est parfaite pour un usage quotidien, ajoutant une touche d&#039;\u00e9l\u00e9gance \u00e0 n&#039;importe quelle tenue avec son style collier d\u00e9contract\u00e9.<\/p>\n<ul>\n<li>\n<strong>Certificat inclus :<\/strong> Oui<\/li>\n<\/ul>\n<ul><\/ul>\n<p>L&#039;origine de ce superbe pendentif est le Myanmar, mettant en valeur la beaut\u00e9 et le savoir-faire du jade de cette r\u00e9gion.<\/p>\n<p>Veuillez noter que ce produit n&#039;est pas accompagn\u00e9 d&#039;une garantie mais offre une beaut\u00e9 et un style intemporels pour toutes les occasions.<\/p>\n<p><\/p>\n<p><strong>La jad\u00e9ite naturelle n&#039;est pas parfaite, juste un petit rappel : notre jad\u00e9ite naturelle, comme toutes les belles choses de la nature, poss\u00e8de ses caract\u00e9ristiques et ses variations uniques. Nous invitons nos pr\u00e9cieux clients \u00e0 adopter ces variations naturelles. Bon shopping !<\/strong><\/p>\n<p><\/p>\n<p><strong><u>Aucune des photos et des s\u00e9quences vid\u00e9o n&#039;a \u00e9t\u00e9 filtr\u00e9e. Nous encourageons nos clients \u00e0 regarder \u00e9galement les vid\u00e9os d&#039;accompagnement pour une vue plus compl\u00e8te de nos produits<\/u><\/strong><\/p>\n<p><\/p>\n<ul>\n<li>Diff\u00e9rentes plates-formes ne peuvent visionner des vid\u00e9os que via le bureau<\/li>\n<\/ul>\n<p>.<\/p>","protected":false},"excerpt":{"rendered":"<p>This exquisite pendant features a drop shape crafted from natural Type A Jadeite Jade in Singapore, accompanied by a certificate for authenticity. Certificate numbers: GD2110H017367 Weighs: 5.93 grams Measurement: 24.5 * 14.6 * 6.1 mm Pendant Number: 334 Jade Type: Jadeite Natural Type A Jadeite Jade Pendant in Singapore includes certificate. This unisex piece is [&hellip;]<\/p>","protected":false},"featured_media":13422,"comment_status":"open","ping_status":"closed","template":"","meta":[],"product_brand":[],"product_cat":[83,126,48],"product_tag":[52,65,55,56,58,73,59,60,61,62],"class_list":{"0":"post-13353","1":"product","2":"type-product","3":"status-publish","4":"has-post-thumbnail","6":"product_cat-jade-necklaces-pendants","7":"product_cat-new-arrivals","8":"product_cat-pendants","9":"product_tag-certified","10":"product_tag-high-quality","11":"product_tag-jadeite","12":"product_tag-limited-editions","13":"product_tag-new-arrivals","14":"product_tag-pendant","15":"product_tag-translucent","16":"product_tag-type-a-jadeite","17":"product_tag-unisex","18":"product_tag-yi-pin-qian-exclusive","20":"first","21":"instock","22":"sale","23":"shipping-taxable","24":"purchasable","25":"product-type-simple"},"_links":{"self":[{"href":"https:\/\/shop.yipinqian.com\/fr\/wp-json\/wp\/v2\/product\/13353","targetHints":{"allow":["GET"]}}],"collection":[{"href":"https:\/\/shop.yipinqian.com\/fr\/wp-json\/wp\/v2\/product"}],"about":[{"href":"https:\/\/shop.yipinqian.com\/fr\/wp-json\/wp\/v2\/types\/product"}],"replies":[{"embeddable":true,"href":"https:\/\/shop.yipinqian.com\/fr\/wp-json\/wp\/v2\/comments?post=13353"}],"version-history":[{"count":0,"href":"https:\/\/shop.yipinqian.com\/fr\/wp-json\/wp\/v2\/product\/13353\/revisions"}],"wp:featuredmedia":[{"embeddable":true,"href":"https:\/\/shop.yipinqian.com\/fr\/wp-json\/wp\/v2\/media\/13422"}],"wp:attachment":[{"href":"https:\/\/shop.yipinqian.com\/fr\/wp-json\/wp\/v2\/media?parent=13353"}],"wp:term":[{"taxonomy":"product_brand","embeddable":true,"href":"https:\/\/shop.yipinqian.com\/fr\/wp-json\/wp\/v2\/product_brand?post=13353"},{"taxonomy":"product_cat","embeddable":true,"href":"https:\/\/shop.yipinqian.com\/fr\/wp-json\/wp\/v2\/product_cat?post=13353"},{"taxonomy":"product_tag","embeddable":true,"href":"https:\/\/shop.yipinqian.com\/fr\/wp-json\/wp\/v2\/product_tag?post=13353"}],"curies":[{"name":"wp","href":"https:\/\/api.w.org\/{rel}","templated":true}]}}