{"id":13351,"date":"2024-11-22T19:02:12","date_gmt":"2024-11-22T11:02:12","guid":{"rendered":"https:\/\/shop.yipinqian.com\/crafted-with-pair-of-fish-on-natural-type-a-jadeite-jade-as-pendant-certificate-weighs-13-22-grams-measurement-42-8-30-3-5-2-mm-pendant343\/"},"modified":"2025-02-24T00:49:48","modified_gmt":"2025-02-23T16:49:48","slug":"crafted-with-pair-of-fish-on-natural-type-a-jadeite-jade-as-pendant-certificate-weighs-13-22-grams-measurement-42-8-30-3-5-2-mm-pendant343","status":"publish","type":"product","link":"https:\/\/shop.yipinqian.com\/fr\/produit\/crafted-with-pair-of-fish-on-natural-type-a-jadeite-jade-as-pendant-certificate-weighs-13-22-grams-measurement-42-8-30-3-5-2-mm-pendant343\/","title":{"rendered":"Fabriqu\u00e9 avec une paire de pendentifs en forme de poisson sur du jade jad\u00e9ite naturel de type A comme certificat de pendentif p\u00e8se 13,22 grammes, mesure 42,8 * 30,3 * 5,2 mm (pendentif343)"},"content":{"rendered":"<p>Ce collier exquis pr\u00e9sente une paire de poissons soigneusement con\u00e7ue sur du jade jad\u00e9ite naturel de type A, cr\u00e9ant un superbe pendentif qui p\u00e8se 13,22 grammes et mesure 42,8 * 30,3 * 5,2 mm (pendentif343).<\/p>\n<p><\/p>\n<p>Num\u00e9ros de certificat : ZGDTE102504<\/p>\n<p><img fetchpriority=\"high\" decoding=\"async\" src=\"https:\/\/shop.yipinqian.com\/wp-content\/uploads\/2024\/11\/0c53e28ac6dc46379a969977fb016f97tplv-aphluv4xwc-origin-jpeg.jpeg?dr=15568&#038;nonce=13905&#038;refresh_token=243a52ca35e178f45067cbba1538aab2&#038;from=476444299&#038;idc=my2&#038;ps=933b5bde&#038;shcp=9b759fb9&#038;shp=1c65f68b&#038;t=555f072d\" width=\"1080\" height=\"1080\"><\/p>\n<ul>\n<li>\n<strong>Avec certificat :<\/strong> Oui<\/li>\n<li>\n<strong>R\u00e9gion d&#039;origine :<\/strong> Birmanie<\/li>\n<li>\n<strong>Occasion:<\/strong> Tous les jours<\/li>\n<li>\n<strong>Type de jade :<\/strong> Jad\u00e9ite<\/li>\n<li><strong>Genger : Cette pi\u00e8ce unique met en valeur la beaut\u00e9 et l&#039;\u00e9l\u00e9gance du jade, ce qui en fait un accessoire parfait \u00e0 porter au quotidien pour tous. Ajoutez ce magnifique collier en jade \u00e0 votre collection ou offrez-le \u00e0 une personne sp\u00e9ciale qui appr\u00e9cie l&#039;artisanat raffin\u00e9 et la beaut\u00e9 naturelle.<\/strong><\/li>\n<\/ul>\n<p><img decoding=\"async\" src=\"https:\/\/shop.yipinqian.com\/wp-content\/uploads\/2024\/11\/7c4940703d36495690bda576e3082ac8tplv-aphluv4xwc-origin-jpeg.jpeg?dr=15568&#038;nonce=47427&#038;refresh_token=ffb4f24297258bc2331b581af6902665&#038;from=476444299&#038;idc=my2&#038;ps=933b5bde&#038;shcp=9b759fb9&#038;shp=1c65f68b&#038;t=555f072d\" width=\"1080\" height=\"1080\"><\/p>\n<p><strong>La jad\u00e9ite naturelle n&#039;est pas parfaite, juste un petit rappel : notre jad\u00e9ite naturelle, comme toutes les belles choses de la nature, poss\u00e8de ses caract\u00e9ristiques et ses variations uniques. Nous invitons nos pr\u00e9cieux clients \u00e0 adopter ces variations naturelles. Bon shopping !<\/strong><\/p>\n<p><\/p>\n<p><strong><u>Aucune des photos et des s\u00e9quences vid\u00e9o n&#039;a \u00e9t\u00e9 filtr\u00e9e. Nous encourageons nos clients \u00e0 regarder \u00e9galement les vid\u00e9os d&#039;accompagnement pour une vue plus compl\u00e8te de nos produits<\/u><\/strong><\/p>\n<p><\/p>\n<ul>\n<li>Diff\u00e9rentes plates-formes ne peuvent visionner des vid\u00e9os que via le bureau<\/li>\n<\/ul>","protected":false},"excerpt":{"rendered":"<p>This exquisite necklace features a carefully crafted pair of fish on Natural Type A Jadeite Jade, creating a stunning pendant that weighs 13.22 grams and measures 42.8 * 30.3 * 5.2 mm (pendant343). Certificate numbers: ZGDTE102504 With Certificate: Yes Region of Origin: Myanmar Occasion: Daily Jade Type: Jadeite Genger: This unique piece showcases the beauty [&hellip;]<\/p>","protected":false},"featured_media":13409,"comment_status":"open","ping_status":"closed","template":"","meta":[],"product_brand":[],"product_cat":[194],"product_tag":[52,65,55,82,58,60,61,68,62],"class_list":{"0":"post-13351","1":"product","2":"type-product","3":"status-publish","4":"has-post-thumbnail","6":"product_cat-value-picks","7":"product_tag-certified","8":"product_tag-high-quality","9":"product_tag-jadeite","10":"product_tag-light-green","11":"product_tag-new-arrivals","12":"product_tag-type-a-jadeite","13":"product_tag-unisex","14":"product_tag-yellow","15":"product_tag-yi-pin-qian-exclusive","17":"first","18":"instock","19":"sale","20":"shipping-taxable","21":"purchasable","22":"product-type-simple"},"_links":{"self":[{"href":"https:\/\/shop.yipinqian.com\/fr\/wp-json\/wp\/v2\/product\/13351","targetHints":{"allow":["GET"]}}],"collection":[{"href":"https:\/\/shop.yipinqian.com\/fr\/wp-json\/wp\/v2\/product"}],"about":[{"href":"https:\/\/shop.yipinqian.com\/fr\/wp-json\/wp\/v2\/types\/product"}],"replies":[{"embeddable":true,"href":"https:\/\/shop.yipinqian.com\/fr\/wp-json\/wp\/v2\/comments?post=13351"}],"version-history":[{"count":0,"href":"https:\/\/shop.yipinqian.com\/fr\/wp-json\/wp\/v2\/product\/13351\/revisions"}],"wp:featuredmedia":[{"embeddable":true,"href":"https:\/\/shop.yipinqian.com\/fr\/wp-json\/wp\/v2\/media\/13409"}],"wp:attachment":[{"href":"https:\/\/shop.yipinqian.com\/fr\/wp-json\/wp\/v2\/media?parent=13351"}],"wp:term":[{"taxonomy":"product_brand","embeddable":true,"href":"https:\/\/shop.yipinqian.com\/fr\/wp-json\/wp\/v2\/product_brand?post=13351"},{"taxonomy":"product_cat","embeddable":true,"href":"https:\/\/shop.yipinqian.com\/fr\/wp-json\/wp\/v2\/product_cat?post=13351"},{"taxonomy":"product_tag","embeddable":true,"href":"https:\/\/shop.yipinqian.com\/fr\/wp-json\/wp\/v2\/product_tag?post=13351"}],"curies":[{"name":"wp","href":"https:\/\/api.w.org\/{rel}","templated":true}]}}