{"id":13343,"date":"2024-11-22T19:02:01","date_gmt":"2024-11-22T11:02:01","guid":{"rendered":"https:\/\/shop.yipinqian.com\/57-8mm-width-13-7-thickness-7-8-mm-peace-bangle-light-green-hue-with-brownish-yellow-natural-type-a-jadeite-jade-certificate-weighs-59-44-grams-bangle20\/"},"modified":"2025-02-24T00:49:48","modified_gmt":"2025-02-23T16:49:48","slug":"57-8mm-width-13-7-thickness-7-8-mm-peace-bangle-light-green-hue-with-brownish-yellow-natural-type-a-jadeite-jade-certificate-weighs-59-44-grams-bangle20","status":"publish","type":"product","link":"https:\/\/shop.yipinqian.com\/fr\/produit\/57-8mm-width-13-7-thickness-7-8-mm-peace-bangle-light-green-hue-with-brownish-yellow-natural-type-a-jadeite-jade-certificate-weighs-59-44-grams-bangle20\/","title":{"rendered":"57,8 mm, largeur 13,7 * \u00e9paisseur 7,8 mm Bracelet Peace Teinte vert clair avec certificat de jade jad\u00e9ite naturelle de type A jaune brun\u00e2tre p\u00e8se 59,44 grammes (bangle20)"},"content":{"rendered":"<p>Ce bracelet Peace pr\u00e9sente une superbe teinte vert clair avec un certificat en jade jad\u00e9ite naturel de type A jaune brun\u00e2tre, originaire du Myanmar. Accessoire parfait \u00e0 porter au quotidien, ce bracelet est con\u00e7u aussi bien pour les hommes que pour les femmes.<\/p>\n<p><\/p>\n<p>Num\u00e9ros de certificat : GD2110H002980<\/p>\n<p><img fetchpriority=\"high\" decoding=\"async\" src=\"https:\/\/shop.yipinqian.com\/wp-content\/uploads\/2024\/11\/c77bbcfe1bc041e4848a5091cf6e67a2tplv-aphluv4xwc-origin-jpeg.jpeg?dr=15568&#038;nonce=2800&#038;refresh_token=9c8bdd06c56be537a0e57e0a60470944&#038;from=476444299&#038;idc=my&#038;ps=933b5bde&#038;shcp=9b759fb9&#038;shp=1c65f68b&#038;t=555f072d\" width=\"1080\" height=\"1080\"><\/p>\n<ul>\n<li>\n<strong>Dimensions:<\/strong> 57,8 mm de diam\u00e8tre, 13,7 mm de largeur et 7,8 mm d&#039;\u00e9paisseur<\/li>\n<li>\n<strong>Poids:<\/strong> P\u00e8se 59,44 grammes<\/li>\n<li>\n<strong>Type de jade :<\/strong> Jad\u00e9ite de haute qualit\u00e9<\/li>\n<li>\n<strong>Certificat:<\/strong> Livr\u00e9 avec un certificat d&#039;authenticit\u00e9<\/li>\n<\/ul>\n<p><img decoding=\"async\" src=\"https:\/\/shop.yipinqian.com\/wp-content\/uploads\/2024\/11\/61122923b31643b6aa1237f00c2d5519tplv-aphluv4xwc-origin-jpeg.jpeg?dr=15568&#038;nonce=93800&#038;refresh_token=59f0c3a293bca5ea8174474d84601124&#038;from=476444299&#038;idc=my&#038;ps=933b5bde&#038;shcp=9b759fb9&#038;shp=1c65f68b&#038;t=555f072d\" width=\"1536\" height=\"2048\"><\/p>\n<p>\u00c9l\u00e9gamment con\u00e7u et d\u00e9gageant une beaut\u00e9 naturelle, ce bracelet est une pi\u00e8ce intemporelle qui ajoute une touche de sophistication \u00e0 n&#039;importe quelle tenue.<\/p>\n<p><\/p>\n<p><strong>La jad\u00e9ite naturelle n&#039;est pas parfaite, juste un petit rappel : notre jad\u00e9ite naturelle, comme toutes les belles choses de la nature, poss\u00e8de ses caract\u00e9ristiques et ses variations uniques. Nous invitons nos pr\u00e9cieux clients \u00e0 adopter ces variations naturelles. Bon shopping !<\/strong><\/p>\n<p><\/p>\n<p><strong><u>Aucune des photos et des s\u00e9quences vid\u00e9o n&#039;a \u00e9t\u00e9 filtr\u00e9e. Nous encourageons nos clients \u00e0 regarder \u00e9galement les vid\u00e9os d&#039;accompagnement pour une vue plus compl\u00e8te de nos produits<\/u><\/strong><\/p>\n<p><\/p>\n<ul>\n<li>Diff\u00e9rentes plates-formes ne peuvent visionner des vid\u00e9os que via le bureau<\/li>\n<\/ul>","protected":false},"excerpt":{"rendered":"<p>Ce bracelet Peace pr\u00e9sente une superbe teinte vert clair avec un certificat de jade jad\u00e9ite naturel de type A jaune brun\u00e2tre, originaire du Myanmar. Accessoire parfait \u00e0 porter au quotidien, ce bracelet est con\u00e7u pour les hommes et les femmes. Num\u00e9ros de certificat : GD2110H002980 Dimensions : 57,8 mm de diam\u00e8tre, 13,7 mm de largeur et 7,8 mm d&#039;\u00e9paisseur Poids : p\u00e8se 59,44 grammes Jade [\u2026]<\/p>","protected":false},"featured_media":13350,"comment_status":"open","ping_status":"closed","template":"","meta":[],"product_brand":[],"product_cat":[194],"product_tag":[86,102,52,55,82,113,75,60,61,68,62],"class_list":{"0":"post-13343","1":"product","2":"type-product","3":"status-publish","4":"has-post-thumbnail","6":"product_cat-value-picks","7":"product_tag-bangle","8":"product_tag-bracelet","9":"product_tag-certified","10":"product_tag-jadeite","11":"product_tag-light-green","12":"product_tag-peace-bangle","13":"product_tag-traditional","14":"product_tag-type-a-jadeite","15":"product_tag-unisex","16":"product_tag-yellow","17":"product_tag-yi-pin-qian-exclusive","19":"first","20":"instock","21":"sale","22":"shipping-taxable","23":"purchasable","24":"product-type-simple"},"_links":{"self":[{"href":"https:\/\/shop.yipinqian.com\/fr\/wp-json\/wp\/v2\/product\/13343","targetHints":{"allow":["GET"]}}],"collection":[{"href":"https:\/\/shop.yipinqian.com\/fr\/wp-json\/wp\/v2\/product"}],"about":[{"href":"https:\/\/shop.yipinqian.com\/fr\/wp-json\/wp\/v2\/types\/product"}],"replies":[{"embeddable":true,"href":"https:\/\/shop.yipinqian.com\/fr\/wp-json\/wp\/v2\/comments?post=13343"}],"version-history":[{"count":0,"href":"https:\/\/shop.yipinqian.com\/fr\/wp-json\/wp\/v2\/product\/13343\/revisions"}],"wp:featuredmedia":[{"embeddable":true,"href":"https:\/\/shop.yipinqian.com\/fr\/wp-json\/wp\/v2\/media\/13350"}],"wp:attachment":[{"href":"https:\/\/shop.yipinqian.com\/fr\/wp-json\/wp\/v2\/media?parent=13343"}],"wp:term":[{"taxonomy":"product_brand","embeddable":true,"href":"https:\/\/shop.yipinqian.com\/fr\/wp-json\/wp\/v2\/product_brand?post=13343"},{"taxonomy":"product_cat","embeddable":true,"href":"https:\/\/shop.yipinqian.com\/fr\/wp-json\/wp\/v2\/product_cat?post=13343"},{"taxonomy":"product_tag","embeddable":true,"href":"https:\/\/shop.yipinqian.com\/fr\/wp-json\/wp\/v2\/product_tag?post=13343"}],"curies":[{"name":"wp","href":"https:\/\/api.w.org\/{rel}","templated":true}]}}