{"id":1328,"date":"2024-10-24T23:18:25","date_gmt":"2024-10-24T15:18:25","guid":{"rendered":"https:\/\/shop.yipinqian.com\/product\/crafted-with-budai-laughing-buddha-elephant-and-ruyi-premium-semi-icy-natural-type-a-jadeite-with-green-patches-pendant-necklace-with-certificate-weigh-45-38-grams-50-5-44-12-3-mm-pendant160\/"},"modified":"2025-02-24T01:17:33","modified_gmt":"2025-02-23T17:17:33","slug":"crafted-with-budai-laughing-buddha-elephant-and-ruyi-premium-semi-icy-natural-type-a-jadeite-with-green-patches-pendant-necklace-with-certificate-weigh-45-38-grams-50-5-44-12-3-mm-pendant160","status":"publish","type":"product","link":"https:\/\/shop.yipinqian.com\/fr\/produit\/crafted-with-budai-laughing-buddha-elephant-and-ruyi-premium-semi-icy-natural-type-a-jadeite-with-green-patches-pendant-necklace-with-certificate-weigh-45-38-grams-50-5-44-12-3-mm-pendant160\/","title":{"rendered":"Fabriqu\u00e9 avec du Bouddha rieur, de l&#039;\u00e9l\u00e9phant et du jad\u00e9ite naturelle semi-glac\u00e9e de type A de qualit\u00e9 sup\u00e9rieure Ruyi avec des taches vertes Collier pendentif avec certificat pesant 45,38 grammes, 50,5 * 44 * 12,3 mm (pendentif 160)"},"content":{"rendered":"<p>Am\u00e9liorez votre collection de bijoux avec ce superbe collier pendentif en jad\u00e9ite naturelle semi-glac\u00e9e de type A de qualit\u00e9 sup\u00e9rieure fabriqu\u00e9 avec Budai Laughing Buddha, Elephant et Ruyi. Le pendentif pr\u00e9sente des taches vertes sur une taille de pendentif de 50,5 * 44 * 12,3 mm pesant 45,38 grammes.<\/p>\n<p>\u00a0<\/p>\n<p><strong>Num\u00e9ros de certificat : GD2112H004537<\/strong><\/p>\n<ul>\n<li>\n<strong>Conception unique :<\/strong> Le pendentif pr\u00e9sente un design unique de Bouddha rieur de Budai, d&#039;\u00e9l\u00e9phant et de Ruyi, qui sont consid\u00e9r\u00e9s comme apportant chance et prosp\u00e9rit\u00e9.<\/li>\n<li>\n<strong>Qualit\u00e9 sup\u00e9rieure :<\/strong> Fabriqu\u00e9 \u00e0 partir de jad\u00e9ite naturelle semi-glac\u00e9e de type A de qualit\u00e9 sup\u00e9rieure, connue pour sa durabilit\u00e9 et sa beaut\u00e9.<\/li>\n<li>\n<strong>Certificat inclus :<\/strong> Ce collier en jade exquis est accompagn\u00e9 d&#039;un certificat garantissant son authenticit\u00e9.<\/li>\n<\/ul>\n<p>Ce collier en jade est parfait pour une tenue d\u00e9contract\u00e9e et convient aussi bien aux hommes qu&#039;aux femmes, ce qui le rend id\u00e9al comme cadeau lors d&#039;occasions propices comme les anniversaires ou les mariages.<\/p>\n<ul>\n<li>\n<strong>Type de jade : <\/strong>Jad\u00e9ite<\/li>\n<li>\n<strong>Certificat: <\/strong>Oui<\/li>\n<li>\n<strong>Pays d&#039;origine : <\/strong>Myanmar<\/li>\n<li>\n<strong>Occasion: <\/strong>Propice<\/li>\n<li>\n<strong>Genre: <\/strong>Unisexe<\/li>\n<li>\n<strong>Style de collier :<\/strong> Occasionnel<\/li>\n<\/ul>\n<p>Yi Pin Qian \u2013 N\u00e9gociant en pierres pr\u00e9cieuses et m\u00e9taux pr\u00e9cieux \u00e0 Singapour \u2013 Num\u00e9ro de licence PS20190000031<\/p>\n<p>\u00a0<\/p>\n<p>*Toutes les jad\u00e9ites achet\u00e9es chez Yi Pin Qian \u00e0 Singapour, les clients peuvent r\u00e9server des cr\u00e9neaux pour le polissage ou une r\u00e9paration mineure en cas de mauvaise manipulation - des frais s&#039;appliquent et uniquement pour les clients de Yi Pin Qian \u00e0 Singapour*<\/p>\n<p>\u00a0<\/p>\n<p><strong>**Types de certificats**<\/strong><\/p>\n<p>\u00a0<\/p>\n<p><strong>NGI (Nan Yang Gemmologie)<\/strong><\/p>\n<p>ou <strong>Certificats \u00e9trangers <\/strong>(Yi Pin Qian utilise uniquement des certificats authentiques provenant de laboratoires \u00e9trangers et contr\u00f4le \u00e9galement la qualit\u00e9 de chacun de nos produits avant de les mettre en vente \u00e0 Singapour)<\/p>\n<p>\u00a0<\/p>\n<p>Chaque produit sur TikTok aura le type de certificat fourni indiqu\u00e9 dans la description. Pour tout client souhaitant envoyer sa commande \u00e0 NGI Singapore, il y aura un d\u00e9lai d&#039;attente pour la livraison de la commande estim\u00e9 \u00e0 environ 4 semaines pour recevoir votre commande. <strong>Les demandes de rapport sur les pierres pr\u00e9cieuses NGI doivent \u00eatre effectu\u00e9es en envoyant un message \u00e0 la boutique TikTok de Yi Pin Qian.<\/strong> Merci, <strong><u>des frais suppl\u00e9mentaires s&#039;appliquent<\/u><\/strong>.<\/p>\n<p>\u00a0<\/p>\n<p><strong>La jad\u00e9ite naturelle n&#039;est pas parfaite, juste un petit rappel : notre jad\u00e9ite naturelle, comme toutes les belles choses de la nature, poss\u00e8de ses caract\u00e9ristiques et ses variations uniques. Nous invitons nos pr\u00e9cieux clients \u00e0 adopter ces variations naturelles. Bon shopping !<\/strong><\/p>\n<p>\u00a0<\/p>\n<p><strong><u>Aucune des photos et des s\u00e9quences vid\u00e9o n&#039;a \u00e9t\u00e9 filtr\u00e9e. Nous encourageons nos clients \u00e0 regarder \u00e9galement les vid\u00e9os d&#039;accompagnement pour une vue plus compl\u00e8te de nos produits<\/u><\/strong><\/p>\n<p>\u00a0<\/p>\n<ul>\n<li>\u00a0<\/li>\n<\/ul>","protected":false},"excerpt":{"rendered":"<p>Enhance your jewelry collection with this exquisite Crafted with Budai Laughing Buddha, Elephant, and Ruyi Premium Semi Icy Natural Type A Jadeite Pendant Necklace. The pendant features green patches on a 50.5 * 44 * 12.3 mm pendant size weighing 45.38 grams. \u00a0 Certificate numbers: GD2112H004537 Unique Design: The pendant features a unique design of [&hellip;]<\/p>","protected":false},"featured_media":3300,"comment_status":"open","ping_status":"closed","template":"","meta":[],"product_brand":[],"product_cat":[195],"product_tag":[],"class_list":{"0":"post-1328","1":"product","2":"type-product","3":"status-publish","4":"has-post-thumbnail","6":"product_cat-heirloom-grade","8":"first","9":"instock","10":"sale","11":"shipping-taxable","12":"purchasable","13":"product-type-simple"},"_links":{"self":[{"href":"https:\/\/shop.yipinqian.com\/fr\/wp-json\/wp\/v2\/product\/1328","targetHints":{"allow":["GET"]}}],"collection":[{"href":"https:\/\/shop.yipinqian.com\/fr\/wp-json\/wp\/v2\/product"}],"about":[{"href":"https:\/\/shop.yipinqian.com\/fr\/wp-json\/wp\/v2\/types\/product"}],"replies":[{"embeddable":true,"href":"https:\/\/shop.yipinqian.com\/fr\/wp-json\/wp\/v2\/comments?post=1328"}],"version-history":[{"count":0,"href":"https:\/\/shop.yipinqian.com\/fr\/wp-json\/wp\/v2\/product\/1328\/revisions"}],"wp:featuredmedia":[{"embeddable":true,"href":"https:\/\/shop.yipinqian.com\/fr\/wp-json\/wp\/v2\/media\/3300"}],"wp:attachment":[{"href":"https:\/\/shop.yipinqian.com\/fr\/wp-json\/wp\/v2\/media?parent=1328"}],"wp:term":[{"taxonomy":"product_brand","embeddable":true,"href":"https:\/\/shop.yipinqian.com\/fr\/wp-json\/wp\/v2\/product_brand?post=1328"},{"taxonomy":"product_cat","embeddable":true,"href":"https:\/\/shop.yipinqian.com\/fr\/wp-json\/wp\/v2\/product_cat?post=1328"},{"taxonomy":"product_tag","embeddable":true,"href":"https:\/\/shop.yipinqian.com\/fr\/wp-json\/wp\/v2\/product_tag?post=1328"}],"curies":[{"name":"wp","href":"https:\/\/api.w.org\/{rel}","templated":true}]}}