{"id":1327,"date":"2024-10-24T23:18:24","date_gmt":"2024-10-24T15:18:24","guid":{"rendered":"https:\/\/shop.yipinqian.com\/product\/crafted-on-natural-type-a-jadeite-jade-as-traditional-pendant-with-pair-of-pixiu-bull-and-chinese-word-meaning-auspicious-certificate-weighs-32-14-grams-measurement-54-5-47-5-5-5-mm-pendant301\/"},"modified":"2025-02-24T00:49:58","modified_gmt":"2025-02-23T16:49:58","slug":"crafted-on-natural-type-a-jadeite-jade-as-traditional-pendant-with-pair-of-pixiu-bull-and-chinese-word-meaning-auspicious-certificate-weighs-32-14-grams-measurement-54-5-47-5-5-5-mm-pendant301","status":"publish","type":"product","link":"https:\/\/shop.yipinqian.com\/fr\/produit\/crafted-on-natural-type-a-jadeite-jade-as-traditional-pendant-with-pair-of-pixiu-bull-and-chinese-word-meaning-auspicious-certificate-weighs-32-14-grams-measurement-54-5-47-5-5-5-mm-pendant301\/","title":{"rendered":"Fabriqu\u00e9 en jade jad\u00e9ite de type A vert clair naturel et jaune comme pendentif traditionnel avec une paire de Pixiu, taureau et mot chinois signifiant de bon augure, le certificat p\u00e8se 32,14 grammes, mesure 54,5 * 47,5 * 5,5 mm (pendentif301)"},"content":{"rendered":"<p>Ce pendentif traditionnel, fabriqu\u00e9 en jad\u00e9ite-jade naturelle de type A, pr\u00e9sente une paire de Pixiu, un taureau et un mot chinois symbolisant le bon augure.<\/p>\n<p><\/p>\n<p>Num\u00e9ros de certificat : GD2111H005249<\/p>\n<p><img fetchpriority=\"high\" decoding=\"async\" src=\"https:\/\/shop.yipinqian.com\/wp-content\/uploads\/2024\/10\/e97ee48552414413bb31ce7700c4c3e6tplv-aphluv4xwc-origin-jpeg.jpeg?from=476444299\" width=\"1080\" height=\"1080\"><\/p>\n<ul>\n<li>\n<strong>Mat\u00e9riel:<\/strong> Jadeite-Jade naturelle de type A<\/li>\n<li>\n<strong>Poids:<\/strong> 32,14 grammes<\/li>\n<li>\n<strong>Mesures:<\/strong> 54,5 x 47,5 x 5,5 mm<\/li>\n<\/ul>\n<p><img decoding=\"async\" src=\"https:\/\/shop.yipinqian.com\/wp-content\/uploads\/2024\/10\/7b0c0c8043a9431aaf6aaaaa0da0e798tplv-aphluv4xwc-origin-jpeg.jpeg?from=476444299\" width=\"1080\" height=\"1080\"><\/p>\n<p>Cette pi\u00e8ce exquise est accompagn\u00e9e d&#039;un certificat et provient du Myanmar.<\/p>\n<ul>\n<li><strong>Certificat inclus :<\/strong><\/li>\n<\/ul>\n<p><strong>Adapt\u00e9 \u00e0 un usage quotidien et con\u00e7u aussi bien pour les hommes que pour les femmes, ce pendentif en jade porte l&#039;essence de la bonne fortune dans son design complexe.<\/strong><\/p>\n<p><\/p>\n<p>Yi Pin Qian \u2013 N\u00e9gociant en pierres pr\u00e9cieuses et m\u00e9taux pr\u00e9cieux \u00e0 Singapour \u2013 Num\u00e9ro de licence PS20190000031<\/p>\n<p><\/p>\n<p>*Toutes les jad\u00e9ites achet\u00e9es chez Yi Pin Qian \u00e0 Singapour, les clients peuvent r\u00e9server des cr\u00e9neaux pour le polissage ou une r\u00e9paration mineure en cas de mauvaise manipulation - des frais s&#039;appliquent et uniquement pour les clients de Yi Pin Qian \u00e0 Singapour*<\/p>\n<p><\/p>\n<p><strong>**Types de certificats**<\/strong><\/p>\n<p><\/p>\n<p><strong>NGI (Nan Yang Gemmologie)<\/strong><\/p>\n<p>ou <strong>Certificats \u00e9trangers <\/strong>(Yi Pin Qian utilise uniquement des certificats authentiques provenant de laboratoires \u00e9trangers et contr\u00f4le \u00e9galement la qualit\u00e9 de chacun de nos produits avant de les mettre en vente \u00e0 Singapour)<\/p>\n<p><\/p>\n<p>Chaque produit sur TikTok aura le type de certificat fourni indiqu\u00e9 dans la description. Pour tout client souhaitant envoyer sa commande \u00e0 NGI Singapore, il y aura un d\u00e9lai d&#039;attente pour la livraison de la commande estim\u00e9 \u00e0 environ 4 semaines pour recevoir votre commande. <strong>Les demandes de rapport NGI Gemstone doivent \u00eatre effectu\u00e9es en nous envoyant un message.<\/strong> Merci, <strong><u>des frais suppl\u00e9mentaires s&#039;appliquent<\/u><\/strong>.<\/p>\n<p><\/p>\n<p><strong>La jad\u00e9ite naturelle n&#039;est pas parfaite, juste un petit rappel : notre jad\u00e9ite naturelle, comme toutes les belles choses de la nature, poss\u00e8de ses caract\u00e9ristiques et ses variations uniques. Nous invitons nos pr\u00e9cieux clients \u00e0 adopter ces variations naturelles. Bon shopping !<\/strong><\/p>\n<p><\/p>\n<p><strong><u>Aucune des photos et des s\u00e9quences vid\u00e9o n&#039;a \u00e9t\u00e9 filtr\u00e9e. Nous encourageons nos clients \u00e0 regarder \u00e9galement les vid\u00e9os d&#039;accompagnement pour une vue plus compl\u00e8te de nos produits<\/u><\/strong><\/p>\n<p><\/p>\n<ul>\n<li>Diff\u00e9rentes plates-formes ne peuvent visionner des vid\u00e9os que via le bureau<\/li>\n<\/ul>","protected":false},"excerpt":{"rendered":"<p>This traditional pendant, crafted on natural Type-A Jadeite-Jade, features a pair of Pixiu, a Bull, and a Chinese word symbolizing auspiciousness. Certificate numbers: GD2111H005249 Material: Natural Type-A Jadeite-Jade Weight: 32.14 grams Measurements: 54.5 x 47.5 x 5.5 mm This exquisite piece comes with a certificate and originates from Myanmar. Certificate Included: Suitable for daily wear [&hellip;]<\/p>","protected":false},"featured_media":3271,"comment_status":"open","ping_status":"closed","template":"","meta":[],"product_brand":[],"product_cat":[194],"product_tag":[55,82,58,73,85,75,60,61,68,62],"class_list":{"0":"post-1327","1":"product","2":"type-product","3":"status-publish","4":"has-post-thumbnail","6":"product_cat-value-picks","7":"product_tag-jadeite","8":"product_tag-light-green","9":"product_tag-new-arrivals","10":"product_tag-pendant","11":"product_tag-pixiu","12":"product_tag-traditional","13":"product_tag-type-a-jadeite","14":"product_tag-unisex","15":"product_tag-yellow","16":"product_tag-yi-pin-qian-exclusive","18":"first","19":"instock","20":"sale","21":"shipping-taxable","22":"purchasable","23":"product-type-simple"},"_links":{"self":[{"href":"https:\/\/shop.yipinqian.com\/fr\/wp-json\/wp\/v2\/product\/1327","targetHints":{"allow":["GET"]}}],"collection":[{"href":"https:\/\/shop.yipinqian.com\/fr\/wp-json\/wp\/v2\/product"}],"about":[{"href":"https:\/\/shop.yipinqian.com\/fr\/wp-json\/wp\/v2\/types\/product"}],"replies":[{"embeddable":true,"href":"https:\/\/shop.yipinqian.com\/fr\/wp-json\/wp\/v2\/comments?post=1327"}],"version-history":[{"count":0,"href":"https:\/\/shop.yipinqian.com\/fr\/wp-json\/wp\/v2\/product\/1327\/revisions"}],"wp:featuredmedia":[{"embeddable":true,"href":"https:\/\/shop.yipinqian.com\/fr\/wp-json\/wp\/v2\/media\/3271"}],"wp:attachment":[{"href":"https:\/\/shop.yipinqian.com\/fr\/wp-json\/wp\/v2\/media?parent=1327"}],"wp:term":[{"taxonomy":"product_brand","embeddable":true,"href":"https:\/\/shop.yipinqian.com\/fr\/wp-json\/wp\/v2\/product_brand?post=1327"},{"taxonomy":"product_cat","embeddable":true,"href":"https:\/\/shop.yipinqian.com\/fr\/wp-json\/wp\/v2\/product_cat?post=1327"},{"taxonomy":"product_tag","embeddable":true,"href":"https:\/\/shop.yipinqian.com\/fr\/wp-json\/wp\/v2\/product_tag?post=1327"}],"curies":[{"name":"wp","href":"https:\/\/api.w.org\/{rel}","templated":true}]}}