{"id":1325,"date":"2024-10-24T23:18:24","date_gmt":"2024-10-24T15:18:24","guid":{"rendered":"https:\/\/shop.yipinqian.com\/product\/crafted-as-the-faceless-buddha-semi-icy-natural-type-a-jadeite-pendant-necklace-with-certificate-weigh-14-03-grams-58-26-4-9-mm-suitable-for-daily-wear\/"},"modified":"2025-02-17T00:01:34","modified_gmt":"2025-02-16T16:01:34","slug":"crafted-as-the-faceless-buddha-semi-icy-natural-type-a-jadeite-pendant-necklace-with-certificate-weigh-14-03-grams-58-26-4-9-mm-suitable-for-daily-wear","status":"publish","type":"product","link":"https:\/\/shop.yipinqian.com\/fr\/produit\/crafted-as-the-faceless-buddha-semi-icy-natural-type-a-jadeite-pendant-necklace-with-certificate-weigh-14-03-grams-58-26-4-9-mm-suitable-for-daily-wear\/","title":{"rendered":"Fabriqu\u00e9 comme le collier pendentif en jad\u00e9ite naturelle semi-glac\u00e9e de type A de Bouddha sans visage avec certificat p\u00e8se 14,03 grammes, 58 * 26 * 4,9 mm, convient \u00e0 un usage quotidien"},"content":{"rendered":"<p>Rehaussez votre style avec ce superbe collier pendentif en jad\u00e9ite naturelle semi-glac\u00e9e de type A qui arbore un motif de Bouddha sans visage. Fabriqu\u00e9 \u00e0 la main avec pr\u00e9cision, ce collier est un v\u00e9ritable symbole de beaut\u00e9 et de s\u00e9r\u00e9nit\u00e9.<\/p>\n<ul>\n<li>\n<strong>Jad\u00e9ite authentique :<\/strong> Avec sa texture glac\u00e9e naturelle, ce collier en jade est fabriqu\u00e9 \u00e0 partir de la jad\u00e9ite de type A la plus fine et authentique provenant du Myanmar.<\/li>\n<li>\n<strong>Certificat inclus :<\/strong> Le pendentif est accompagn\u00e9 d&#039;un certificat d&#039;authenticit\u00e9 garantissant sa qualit\u00e9 et sa valeur.<\/li>\n<\/ul>\n<p><strong>Num\u00e9ros de certificat : ZS240402022<\/strong><\/p>\n<p><img fetchpriority=\"high\" decoding=\"async\" height=\"1080\" src=\"https:\/\/shop.yipinqian.com\/wp-content\/uploads\/2024\/10\/9f811dc141edd6706ffc93060715c6a4.jpg?from=476444299\" width=\"1080\"><\/p>\n<ul>\n<li>\n<strong>Convient \u00e0 toutes les occasions :<\/strong> Cette pi\u00e8ce polyvalente est id\u00e9ale pour un usage quotidien ou peut \u00eatre parfaitement associ\u00e9e \u00e0 une tenue formelle pour ajouter une touche \u00e9l\u00e9gante.<\/li>\n<li>\n<strong>Design d\u00e9contract\u00e9 :<\/strong> Le style d\u00e9contract\u00e9 du collier le rend parfait pour les hommes et les femmes, ajoutant un \u00e9l\u00e9ment de sophistication \u00e0 n&#039;importe quel look.<\/li>\n<\/ul>\n<p><img decoding=\"async\" height=\"1080\" src=\"https:\/\/shop.yipinqian.com\/wp-content\/uploads\/2024\/10\/98ad5465674d7eb9114535d4e998bf93.jpg?from=476444299\" width=\"1080\"><\/p>\n<p>Avec un poids de 14,03 grammes, des dimensions de 58 * 26 * 4,9 mm et un design unisexe ; il offre un confort in\u00e9gal\u00e9 lorsqu&#039;il est port\u00e9 r\u00e9guli\u00e8rement sans compromettre le style ou la qualit\u00e9.<\/p>\n<p>Ajoutez une touche d\u2019\u00e9l\u00e9gance suppl\u00e9mentaire \u00e0 votre garde-robe d\u00e8s aujourd\u2019hui\u00a0!<\/p>\n<p>\u00a0<\/p>\n<p>Yi Pin Qian \u2013 N\u00e9gociant en pierres pr\u00e9cieuses et m\u00e9taux pr\u00e9cieux \u00e0 Singapour \u2013 Num\u00e9ro de licence PS20190000031<\/p>\n<p>\u00a0<\/p>\n<p>*Toutes les jad\u00e9ites achet\u00e9es chez Yi Pin Qian \u00e0 Singapour, les clients peuvent r\u00e9server des cr\u00e9neaux pour le polissage ou une r\u00e9paration mineure en cas de mauvaise manipulation - des frais s&#039;appliquent et uniquement pour les clients de Yi Pin Qian \u00e0 Singapour*<\/p>\n<p>\u00a0<\/p>\n<p><strong>**Types de certificats**<\/strong><\/p>\n<p>\u00a0<\/p>\n<p><strong>NGI (Nan Yang Gemmologie)<\/strong><\/p>\n<p>ou <strong>Certificats \u00e9trangers <\/strong>(Yi Pin Qian utilise uniquement des certificats authentiques provenant de laboratoires \u00e9trangers et contr\u00f4le \u00e9galement la qualit\u00e9 de chacun de nos produits avant de les mettre en vente \u00e0 Singapour)<\/p>\n<p>\u00a0<\/p>\n<p>Chaque produit sur TikTok aura le type de certificat fourni indiqu\u00e9 dans la description. Pour tout client souhaitant envoyer sa commande \u00e0 NGI Singapore, il y aura un d\u00e9lai d&#039;attente pour la livraison de la commande estim\u00e9 \u00e0 environ 4 semaines pour recevoir votre commande. <strong>Les demandes de rapport sur les pierres pr\u00e9cieuses NGI doivent \u00eatre effectu\u00e9es en envoyant un message \u00e0 la boutique TikTok de Yi Pin Qian.<\/strong> Merci, <strong><u>des frais suppl\u00e9mentaires s&#039;appliquent<\/u><\/strong>.<\/p>\n<p>\u00a0<\/p>\n<p><strong>La jad\u00e9ite naturelle n&#039;est pas parfaite, juste un petit rappel : notre jad\u00e9ite naturelle, comme toutes les belles choses de la nature, poss\u00e8de ses caract\u00e9ristiques et ses variations uniques. Nous invitons nos pr\u00e9cieux clients \u00e0 adopter ces variations naturelles. Bon shopping !<\/strong><\/p>\n<p>\u00a0<\/p>\n<p><strong><u>Aucune des photos et des s\u00e9quences vid\u00e9o n&#039;a \u00e9t\u00e9 filtr\u00e9e. Nous encourageons nos clients \u00e0 regarder \u00e9galement les vid\u00e9os d&#039;accompagnement pour une vue plus compl\u00e8te de nos produits<\/u><\/strong><\/p>","protected":false},"excerpt":{"rendered":"<p>Elevate your style with this exquisite Semi Icy Natural Type A Jadeite Pendant Necklace that boasts a faceless Buddha design. Handcrafted with precision, this necklace is a true symbol of beauty and serenity. Authentic Jadeite: With its natural icy texture, this jade necklace is made from the finest and authentic Type A jadeite sourced from [&hellip;]<\/p>","protected":false},"featured_media":3219,"comment_status":"open","ping_status":"closed","template":"","meta":[],"product_brand":[],"product_cat":[48],"product_tag":[],"class_list":{"0":"post-1325","1":"product","2":"type-product","3":"status-publish","4":"has-post-thumbnail","6":"product_cat-pendants","8":"first","9":"instock","10":"sale","11":"shipping-taxable","12":"purchasable","13":"product-type-simple"},"_links":{"self":[{"href":"https:\/\/shop.yipinqian.com\/fr\/wp-json\/wp\/v2\/product\/1325","targetHints":{"allow":["GET"]}}],"collection":[{"href":"https:\/\/shop.yipinqian.com\/fr\/wp-json\/wp\/v2\/product"}],"about":[{"href":"https:\/\/shop.yipinqian.com\/fr\/wp-json\/wp\/v2\/types\/product"}],"replies":[{"embeddable":true,"href":"https:\/\/shop.yipinqian.com\/fr\/wp-json\/wp\/v2\/comments?post=1325"}],"version-history":[{"count":0,"href":"https:\/\/shop.yipinqian.com\/fr\/wp-json\/wp\/v2\/product\/1325\/revisions"}],"wp:featuredmedia":[{"embeddable":true,"href":"https:\/\/shop.yipinqian.com\/fr\/wp-json\/wp\/v2\/media\/3219"}],"wp:attachment":[{"href":"https:\/\/shop.yipinqian.com\/fr\/wp-json\/wp\/v2\/media?parent=1325"}],"wp:term":[{"taxonomy":"product_brand","embeddable":true,"href":"https:\/\/shop.yipinqian.com\/fr\/wp-json\/wp\/v2\/product_brand?post=1325"},{"taxonomy":"product_cat","embeddable":true,"href":"https:\/\/shop.yipinqian.com\/fr\/wp-json\/wp\/v2\/product_cat?post=1325"},{"taxonomy":"product_tag","embeddable":true,"href":"https:\/\/shop.yipinqian.com\/fr\/wp-json\/wp\/v2\/product_tag?post=1325"}],"curies":[{"name":"wp","href":"https:\/\/api.w.org\/{rel}","templated":true}]}}